{"id":1154,"date":"2018-04-20T11:25:50","date_gmt":"2018-04-20T11:25:50","guid":{"rendered":"http:\/\/cinerama.edge-themes.com\/?page_id=1154"},"modified":"2024-02-16T11:03:14","modified_gmt":"2024-02-16T11:03:14","slug":"bagda","status":"publish","type":"page","link":"https:\/\/manjericaofilmes.com.br\/en\/bagda\/","title":{"rendered":"Meu Nome \u00e9 Bagd\u00e1"},"content":{"rendered":"<div class=\"wpb-content-wrapper\"><div class=\"vc_row wpb_row vc_row-fluid\" ><div class=\"wpb_column vc_column_container vc_col-sm-12\"><div class=\"vc_column-inner\"><div class=\"wpb_wrapper\"><div class=\"edgtf-video-button-holder  edgtf-vb-has-img\">\n\t<div class=\"edgtf-video-button-image\">\n\t\t<img loading=\"lazy\" decoding=\"async\" width=\"2560\" height=\"1384\" src=\"https:\/\/manjericaofilmes.com.br\/wp-content\/uploads\/2018\/04\/Copia-de-photographer-Camila-Cornelsen_actors-Grace-Orsatto-Karina-Buhr-Paulette-Pink-scaled.jpg\" class=\"attachment-full size-full\" alt=\"\" srcset=\"https:\/\/manjericaofilmes.com.br\/wp-content\/uploads\/2018\/04\/Copia-de-photographer-Camila-Cornelsen_actors-Grace-Orsatto-Karina-Buhr-Paulette-Pink-scaled.jpg 2560w, https:\/\/manjericaofilmes.com.br\/wp-content\/uploads\/2018\/04\/Copia-de-photographer-Camila-Cornelsen_actors-Grace-Orsatto-Karina-Buhr-Paulette-Pink-scaled-600x324.jpg 600w, https:\/\/manjericaofilmes.com.br\/wp-content\/uploads\/2018\/04\/Copia-de-photographer-Camila-Cornelsen_actors-Grace-Orsatto-Karina-Buhr-Paulette-Pink-300x162.jpg 300w, https:\/\/manjericaofilmes.com.br\/wp-content\/uploads\/2018\/04\/Copia-de-photographer-Camila-Cornelsen_actors-Grace-Orsatto-Karina-Buhr-Paulette-Pink-1024x554.jpg 1024w, https:\/\/manjericaofilmes.com.br\/wp-content\/uploads\/2018\/04\/Copia-de-photographer-Camila-Cornelsen_actors-Grace-Orsatto-Karina-Buhr-Paulette-Pink-768x415.jpg 768w, https:\/\/manjericaofilmes.com.br\/wp-content\/uploads\/2018\/04\/Copia-de-photographer-Camila-Cornelsen_actors-Grace-Orsatto-Karina-Buhr-Paulette-Pink-1536x830.jpg 1536w\" sizes=\"auto, (max-width: 2560px) 100vw, 2560px\" \/>\t<\/div>\n\t\t\t<a class=\"edgtf-video-button-play\" href=\"https:\/\/vimeo.com\/407318783\" data-rel=\"prettyPhoto[video_button_pretty_photo_672]\">\n\t\t\t<span class=\"edgtf-video-button-play-inner\">\n\t\t\t\t<svg version=\"1.1\" xmlns=\"http:\/\/www.w3.org\/2000\/svg\" xmlns:xlink=\"http:\/\/www.w3.org\/1999\/xlink\" x=\"0px\" y=\"0px\"\n\t\t\t\t\t width=\"41.917px\" height=\"45.998px\" viewbox=\"0 0 41.917 45.998\" enable-background=\"new 0 0 41.917 45.998\" xml:space=\"preserve\">\n\t\t\t\t<g>\n\t\t\t\t\t<path fill=\"none\" stroke=\"#FFFFFF\" stroke-width=\"2\" stroke-miterlimit=\"10\" d=\"M3.183,44.579\t\t\t\t\t\tc-0.864,0.474-1.561,0.056-1.561-0.921V2.623c0-0.977,0.697-1.395,1.561-0.921l37.022,20.574c0.864,0.474,0.864,1.255,0,1.729\t\t\t\t\t\tL3.183,44.579z\"\/>\n\t\t\t\t<\/g>\n\t\t\t\t<\/svg>\n\t\t\t<\/span>\n\t\t<\/a>\n\t<\/div><\/div><\/div><\/div><\/div><div class=\"edgtf-row-grid-section-wrapper edgtf-parallax-row-holder edgtf-content-aligment-center\" data-parallax-bg-image=\"https:\/\/manjericaofilmes.com.br\/wp-content\/uploads\/2018\/04\/home-8-parallax-2.jpg\" data-parallax-bg-speed=\"1\" ><div class=\"edgtf-row-grid-section\"><div class=\"vc_row wpb_row vc_row-fluid vc_custom_1525705000684\" ><div class=\"wpb_column vc_column_container vc_col-sm-12\"><div class=\"vc_column-inner\"><div class=\"wpb_wrapper\"><div class=\"edgtf-elements-holder   edgtf-one-column  edgtf-responsive-mode-768\" ><div class=\"edgtf-eh-item\"  data-item-class=\"edgtf-eh-custom-2387\">\n\t<div class=\"edgtf-eh-item-inner\">\n\t\t<div class=\"edgtf-eh-item-content edgtf-eh-custom-2387\" style=\"padding: 0 10% 110px 10%\">\n\t\t\t<div class=\"edgtf-section-title-holder  edgtf-st-standard edgtf-st-title-left edgtf-st-ratio-1-2 edgtf-st-large-space\" >\n\t<div class=\"edgtf-st-inner\">\n\t\t\t\t\t<h2 class=\"edgtf-st-title\" style=\"color: #ffffff\">\n\t\t\t\tMeu Nome \u00e9 Bagd\u00e1 (2020)\t\t\t<\/h2>\n\t\t\t\t\t\t\t<h6 class=\"edgtf-st-text\" style=\"color: #ffffff\">\n\t\t\t\tlonga-metragem\t\t\t<\/h6>\n\t\t\t<\/div>\n<\/div><div class=\"vc_empty_space\"   style=\"height: 12px\"><span class=\"vc_empty_space_inner\"><\/span><\/div>\n\t<div class=\"wpb_text_column wpb_content_element\" >\n\t\t<div class=\"wpb_wrapper\">\n\t\t\t<p style=\"color: #fff;\">Bagd\u00e1 \u00e9 uma skatista de 17 anos, que vive na Freguesia do \u00d3, um bairro da periferia da cidade de S\u00e3o Paulo. Bagd\u00e1 anda de skate com um grupo de meninos skatistas do bairro e passa boa parte de seu tempo com sua fam\u00edlia e as amigas de sua m\u00e3e. Juntas elas formam um grupo de mulheres pouco convencionais. Quando Bagd\u00e1 finalmente encontra um grupo de meninas skatistas, sua vida muda.<\/p>\n\n\t\t<\/div>\n\t<\/div>\n\t\t<\/div>\n\t<\/div>\n<\/div><\/div><div class=\"vc_row wpb_row vc_inner vc_row-fluid edgtf-content-aligment-center\" ><div class=\"wpb_column vc_column_container vc_col-sm-6 vc_col-lg-3 vc_col-md-6\"><div class=\"vc_column-inner\"><div class=\"wpb_wrapper\"><div class=\"edgtf-elements-holder   edgtf-one-column  edgtf-responsive-mode-768\" ><div class=\"edgtf-eh-item\"  data-item-class=\"edgtf-eh-custom-7087\" data-768-1024=\"0 50px 50px 65px\" data-680-768=\"0 5px 50px 5px\" data-680=\"0 5px 50px 5px\">\n\t<div class=\"edgtf-eh-item-inner\">\n\t\t<div class=\"edgtf-eh-item-content edgtf-eh-custom-7087\" >\n\t\t\t<div class=\"edgtf-image-with-text-holder\">\n    <div class=\"edgtf-iwt-image\">\n                                                                    <\/div>\n    <div class=\"edgtf-iwt-text-holder\">\n                    <h5 class=\"edgtf-iwt-title\" style=\"color: #ffffff;margin-top: 40px\">Produ\u00e7\u00e3o<\/h5>\n        \t\t            <p class=\"edgtf-iwt-text\" style=\"color: #999999;margin-top: -2px\">Manjeric\u00e3o Filmes<\/p>\n            <\/div>\n<\/div>\t\t<\/div>\n\t<\/div>\n<\/div><\/div><\/div><\/div><\/div><div class=\"wpb_column vc_column_container vc_col-sm-6 vc_col-lg-3 vc_col-md-6\"><div class=\"vc_column-inner\"><div class=\"wpb_wrapper\"><div class=\"edgtf-elements-holder   edgtf-one-column  edgtf-responsive-mode-768\" ><div class=\"edgtf-eh-item\"  data-item-class=\"edgtf-eh-custom-4834\" data-768-1024=\"0 50px 50px 65px\" data-680-768=\"0 5px 50px 5px\" data-680=\"0 5px 50px 5px\">\n\t<div class=\"edgtf-eh-item-inner\">\n\t\t<div class=\"edgtf-eh-item-content edgtf-eh-custom-4834\" >\n\t\t\t<div class=\"edgtf-image-with-text-holder\">\n    <div class=\"edgtf-iwt-image\">\n                                                                    <\/div>\n    <div class=\"edgtf-iwt-text-holder\">\n                    <h5 class=\"edgtf-iwt-title\" style=\"color: #ffffff;margin-top: 40px\">Coprodu\u00e7\u00e3o<\/h5>\n        \t\t            <p class=\"edgtf-iwt-text\" style=\"color: #999999;margin-top: -2px\">Tangerina Entretenimento<\/p>\n            <\/div>\n<\/div>\t\t<\/div>\n\t<\/div>\n<\/div><\/div><\/div><\/div><\/div><div class=\"wpb_column vc_column_container vc_col-sm-6 vc_col-lg-3 vc_col-md-6\"><div class=\"vc_column-inner\"><div class=\"wpb_wrapper\"><div class=\"edgtf-elements-holder   edgtf-one-column  edgtf-responsive-mode-768\" ><div class=\"edgtf-eh-item\"  data-item-class=\"edgtf-eh-custom-5460\" data-768-1024=\"0 50px 50px 65px\" data-680-768=\"0 5px 50px 5px\" data-680=\"0 5px 50px 5px\">\n\t<div class=\"edgtf-eh-item-inner\">\n\t\t<div class=\"edgtf-eh-item-content edgtf-eh-custom-5460\" >\n\t\t\t<div class=\"edgtf-image-with-text-holder\">\n    <div class=\"edgtf-iwt-image\">\n                                                                    <\/div>\n    <div class=\"edgtf-iwt-text-holder\">\n                    <h5 class=\"edgtf-iwt-title\" style=\"color: #ffffff;margin-top: 40px\">Dire\u00e7\u00e3o<\/h5>\n        \t\t            <p class=\"edgtf-iwt-text\" style=\"color: #999999;margin-top: -2px\">Caru Alves de Souza<\/p>\n            <\/div>\n<\/div>\t\t<\/div>\n\t<\/div>\n<\/div><\/div><\/div><\/div><\/div><div class=\"wpb_column vc_column_container vc_col-sm-6 vc_col-lg-3 vc_col-md-6\"><div class=\"vc_column-inner\"><div class=\"wpb_wrapper\"><div class=\"edgtf-elements-holder   edgtf-one-column  edgtf-responsive-mode-768\" ><div class=\"edgtf-eh-item\"  data-item-class=\"edgtf-eh-custom-1589\" data-768-1024=\"0 50px 50px 65px\" data-680-768=\"0 5px 50px 5px\" data-680=\"0 5px 50px 5px\">\n\t<div class=\"edgtf-eh-item-inner\">\n\t\t<div class=\"edgtf-eh-item-content edgtf-eh-custom-1589\" >\n\t\t\t<div class=\"edgtf-image-with-text-holder\">\n    <div class=\"edgtf-iwt-image\">\n                                                                    <\/div>\n    <div class=\"edgtf-iwt-text-holder\">\n                    <h5 class=\"edgtf-iwt-title\" style=\"color: #ffffff;margin-top: 40px\">Roteiro<\/h5>\n        \t\t            <p class=\"edgtf-iwt-text\" style=\"color: #999999;margin-top: -2px\">Caru Alves de Souza e Josefina Trotta. Livremente inspirado no livro ``Bagd\u00e1, o Skatista``, de Toni Brand\u00e3o.<\/p>\n            <\/div>\n<\/div>\t\t<\/div>\n\t<\/div>\n<\/div><\/div><\/div><\/div><\/div><\/div><\/div><\/div><\/div><\/div><\/div><\/div><div class=\"vc_row wpb_row vc_row-fluid\" style=\"background-color:#000000\"><div class=\"wpb_column vc_column_container vc_col-sm-12\"><div class=\"vc_column-inner\"><div class=\"wpb_wrapper\"><div class=\"edgtf-image-gallery  edgtf-ig-grid-type edgtf-no-space  edgtf-image-behavior-lightbox\">\n\t<div class=\"edgtf-ig-inner edgtf-outer-space edgtf-ig-grid edgtf-ig-three-columns\">\n\t\t\t\t\t<div class=\"edgtf-ig-image edgtf-item-space\">\n\t\t\t\t<div class=\"edgtf-ig-image-inner\">\n\t\t\t\t\t\t\t\t\t\t\t<a itemprop=\"image\" class=\"edgtf-ig-lightbox\" href=\"https:\/\/manjericaofilmes.com.br\/wp-content\/uploads\/2023\/05\/photographer-Camila-Cornelsen_actors-Grace-Orsatto1-scaled.jpg\" data-rel=\"prettyPhoto[image_gallery_pretty_photo-529]\" title=\"A051R1XN\">\n\t\t\t\t\t\t\t\t\t\t\t<img loading=\"lazy\" decoding=\"async\" width=\"2560\" height=\"1384\" src=\"https:\/\/manjericaofilmes.com.br\/wp-content\/uploads\/2023\/05\/photographer-Camila-Cornelsen_actors-Grace-Orsatto1-scaled.jpg\" class=\"attachment-full size-full\" alt=\"\" srcset=\"https:\/\/manjericaofilmes.com.br\/wp-content\/uploads\/2023\/05\/photographer-Camila-Cornelsen_actors-Grace-Orsatto1-scaled.jpg 2560w, https:\/\/manjericaofilmes.com.br\/wp-content\/uploads\/2023\/05\/photographer-Camila-Cornelsen_actors-Grace-Orsatto1-300x162.jpg 300w, https:\/\/manjericaofilmes.com.br\/wp-content\/uploads\/2023\/05\/photographer-Camila-Cornelsen_actors-Grace-Orsatto1-1024x554.jpg 1024w, https:\/\/manjericaofilmes.com.br\/wp-content\/uploads\/2023\/05\/photographer-Camila-Cornelsen_actors-Grace-Orsatto1-768x415.jpg 768w, https:\/\/manjericaofilmes.com.br\/wp-content\/uploads\/2023\/05\/photographer-Camila-Cornelsen_actors-Grace-Orsatto1-1536x830.jpg 1536w, https:\/\/manjericaofilmes.com.br\/wp-content\/uploads\/2023\/05\/photographer-Camila-Cornelsen_actors-Grace-Orsatto1-600x324.jpg 600w\" sizes=\"auto, (max-width: 2560px) 100vw, 2560px\" \/>\t\t\t\t\t\t\t\t\t\t\t\t\t<div class=\"edgtf-ig-caption\">A051R1XN<\/div>\n\t\t\t\t\t\t\t\t\t\t\t\t\t\t\t\t\t<\/a>\n\t\t\t\t\t\t\t\t\t<\/div>\n\t\t\t<\/div>\n\t\t\t\t\t<div class=\"edgtf-ig-image edgtf-item-space\">\n\t\t\t\t<div class=\"edgtf-ig-image-inner\">\n\t\t\t\t\t\t\t\t\t\t\t<a itemprop=\"image\" class=\"edgtf-ig-lightbox\" href=\"https:\/\/manjericaofilmes.com.br\/wp-content\/uploads\/2023\/05\/photographer-Camila-Cornelsen_actors-Grace-Orsatto-Marie-Maymone-Helena-Luz-scaled.jpg\" data-rel=\"prettyPhoto[image_gallery_pretty_photo-529]\" title=\"A078R1XN\">\n\t\t\t\t\t\t\t\t\t\t\t<img loading=\"lazy\" decoding=\"async\" width=\"2560\" height=\"1384\" src=\"https:\/\/manjericaofilmes.com.br\/wp-content\/uploads\/2023\/05\/photographer-Camila-Cornelsen_actors-Grace-Orsatto-Marie-Maymone-Helena-Luz-scaled.jpg\" class=\"attachment-full size-full\" alt=\"\" srcset=\"https:\/\/manjericaofilmes.com.br\/wp-content\/uploads\/2023\/05\/photographer-Camila-Cornelsen_actors-Grace-Orsatto-Marie-Maymone-Helena-Luz-scaled.jpg 2560w, https:\/\/manjericaofilmes.com.br\/wp-content\/uploads\/2023\/05\/photographer-Camila-Cornelsen_actors-Grace-Orsatto-Marie-Maymone-Helena-Luz-300x162.jpg 300w, https:\/\/manjericaofilmes.com.br\/wp-content\/uploads\/2023\/05\/photographer-Camila-Cornelsen_actors-Grace-Orsatto-Marie-Maymone-Helena-Luz-1024x554.jpg 1024w, https:\/\/manjericaofilmes.com.br\/wp-content\/uploads\/2023\/05\/photographer-Camila-Cornelsen_actors-Grace-Orsatto-Marie-Maymone-Helena-Luz-768x415.jpg 768w, https:\/\/manjericaofilmes.com.br\/wp-content\/uploads\/2023\/05\/photographer-Camila-Cornelsen_actors-Grace-Orsatto-Marie-Maymone-Helena-Luz-1536x830.jpg 1536w, https:\/\/manjericaofilmes.com.br\/wp-content\/uploads\/2023\/05\/photographer-Camila-Cornelsen_actors-Grace-Orsatto-Marie-Maymone-Helena-Luz-600x324.jpg 600w\" sizes=\"auto, (max-width: 2560px) 100vw, 2560px\" \/>\t\t\t\t\t\t\t\t\t\t\t\t\t<div class=\"edgtf-ig-caption\">A078R1XN<\/div>\n\t\t\t\t\t\t\t\t\t\t\t\t\t\t\t\t\t<\/a>\n\t\t\t\t\t\t\t\t\t<\/div>\n\t\t\t<\/div>\n\t\t\t\t\t<div class=\"edgtf-ig-image edgtf-item-space\">\n\t\t\t\t<div class=\"edgtf-ig-image-inner\">\n\t\t\t\t\t\t\t\t\t\t\t<a itemprop=\"image\" class=\"edgtf-ig-lightbox\" href=\"https:\/\/manjericaofilmes.com.br\/wp-content\/uploads\/2023\/05\/photographer-Allan-Fabio_actors-Tiago-Trettel-Grace-Orsatto-Nick-Batista-scaled.jpg\" data-rel=\"prettyPhoto[image_gallery_pretty_photo-529]\" title=\"A056R1XN\">\n\t\t\t\t\t\t\t\t\t\t\t<img loading=\"lazy\" decoding=\"async\" width=\"2560\" height=\"1384\" src=\"https:\/\/manjericaofilmes.com.br\/wp-content\/uploads\/2023\/05\/photographer-Allan-Fabio_actors-Tiago-Trettel-Grace-Orsatto-Nick-Batista-scaled.jpg\" class=\"attachment-full size-full\" alt=\"\" srcset=\"https:\/\/manjericaofilmes.com.br\/wp-content\/uploads\/2023\/05\/photographer-Allan-Fabio_actors-Tiago-Trettel-Grace-Orsatto-Nick-Batista-scaled.jpg 2560w, https:\/\/manjericaofilmes.com.br\/wp-content\/uploads\/2023\/05\/photographer-Allan-Fabio_actors-Tiago-Trettel-Grace-Orsatto-Nick-Batista-300x162.jpg 300w, https:\/\/manjericaofilmes.com.br\/wp-content\/uploads\/2023\/05\/photographer-Allan-Fabio_actors-Tiago-Trettel-Grace-Orsatto-Nick-Batista-1024x554.jpg 1024w, https:\/\/manjericaofilmes.com.br\/wp-content\/uploads\/2023\/05\/photographer-Allan-Fabio_actors-Tiago-Trettel-Grace-Orsatto-Nick-Batista-768x415.jpg 768w, https:\/\/manjericaofilmes.com.br\/wp-content\/uploads\/2023\/05\/photographer-Allan-Fabio_actors-Tiago-Trettel-Grace-Orsatto-Nick-Batista-1536x830.jpg 1536w, https:\/\/manjericaofilmes.com.br\/wp-content\/uploads\/2023\/05\/photographer-Allan-Fabio_actors-Tiago-Trettel-Grace-Orsatto-Nick-Batista-600x324.jpg 600w\" sizes=\"auto, (max-width: 2560px) 100vw, 2560px\" \/>\t\t\t\t\t\t\t\t\t\t\t\t\t<div class=\"edgtf-ig-caption\">A056R1XN<\/div>\n\t\t\t\t\t\t\t\t\t\t\t\t\t\t\t\t\t<\/a>\n\t\t\t\t\t\t\t\t\t<\/div>\n\t\t\t<\/div>\n\t\t\t<\/div>\n<\/div><\/div><\/div><\/div><\/div><div class=\"vc_row wpb_row vc_row-fluid\" ><div class=\"wpb_column vc_column_container vc_col-sm-12\"><div class=\"vc_column-inner\"><div class=\"wpb_wrapper\"><div class=\"edgtf-elements-holder   edgtf-one-column  edgtf-responsive-mode-768 edgtf-one-column-alignment-center\" ><div class=\"edgtf-eh-item   edgtf-horizontal-alignment-center\"  data-item-class=\"edgtf-eh-custom-4042\">\n\t<div class=\"edgtf-eh-item-inner\">\n\t\t<div class=\"edgtf-eh-item-content edgtf-eh-custom-4042\" style=\"padding: 0 5% 0 6%\">\n\t\t\t<div class=\"edgtf-tabs  edgtf-tabs-simple\">\n\t<ul class=\"edgtf-tabs-nav clearfix\">\n\t\t\t\t\t<li>\n\t\t\t\t\t\t\t\t\t<a href=\"#tab-equipe\">EQUIPE<\/a>\n\t\t\t\t\t\t\t<\/li>\n\t\t\t\t\t<li>\n\t\t\t\t\t\t\t\t\t<a href=\"#tab-elenco\">ELENCO<\/a>\n\t\t\t\t\t\t\t<\/li>\n\t\t\t\t\t<li>\n\t\t\t\t\t\t\t\t\t<a href=\"#tab-informacoes-tecnicas\">INFORMA\u00c7\u00d5ES T\u00c9CNICAS<\/a>\n\t\t\t\t\t\t\t<\/li>\n\t\t\t\t\t<li>\n\t\t\t\t\t\t\t\t\t<a href=\"#tab-premios\">PR\u00caMIOS<\/a>\n\t\t\t\t\t\t\t<\/li>\n\t\t\t<\/ul>\n\t<div class=\"edgtf-tab-container\" id=\"tab-equipe-813\">\n\t<div class=\"wpb_text_column wpb_content_element\" >\n\t\t<div class=\"wpb_wrapper\">\n\t\t\t<p style=\"text-align: left;\"><span style=\"font-weight: 400;\"><strong>Produ\u00e7\u00e3o:<\/strong> Rafaella Costa e Caru Alves de Souza<\/span><\/p>\n<p style=\"text-align: left;\"><span style=\"font-weight: 400;\"><strong>Produ\u00e7\u00e3o Executiva:<\/strong> Rafaella Costa<\/span><\/p>\n<p style=\"text-align: left;\"><span style=\"font-weight: 400;\"><strong>Dire\u00e7\u00e3o de Fotografia:<\/strong> Camila Cornelsen\u00a0<\/span><\/p>\n<p style=\"text-align: left;\"><span style=\"font-weight: 400;\"><strong>Montagem:<\/strong> Willem Dias, AMC<\/span><\/p>\n<p style=\"text-align: left;\"><span style=\"font-weight: 400;\"><strong>Dire\u00e7\u00e3o de Arte:<\/strong> Marin\u00eas M\u00eancio<\/span><\/p>\n<p style=\"text-align: left;\"><span style=\"font-weight: 400;\"><strong>Figurino:<\/strong> Silvana Marcondes<\/span><\/p>\n<p style=\"text-align: left;\"><span style=\"font-weight: 400;\"><strong>Supervis\u00e3o de Som e Mixagem:<\/strong> Pedro Noizyman<\/span><\/p>\n<p style=\"text-align: left;\"><span style=\"font-weight: 400;\"><strong>Som Direto:<\/strong> Ren\u00e9 Brasil e Andr\u00e9 Bellentani<\/span><\/p>\n<p style=\"text-align: left;\"><span style=\"font-weight: 400;\"><strong>Produ\u00e7\u00e3o de Elenco:<\/strong> Paula Pretta<\/span><\/p>\n<p style=\"text-align: left;\"><span style=\"font-weight: 400;\"><strong>Prepara\u00e7\u00e3o de Elenco:<\/strong> Marina Medeiros<\/span><\/p>\n<p style=\"text-align: left;\"><span style=\"font-weight: 400;\"><strong>Dire\u00e7\u00e3o de Produ\u00e7\u00e3o:<\/strong> Stella Rainer<\/span><\/p>\n\n\t\t<\/div>\n\t<\/div>\n<\/div><div class=\"edgtf-tab-container\" id=\"tab-elenco-749\">\n\t<div class=\"wpb_text_column wpb_content_element\" >\n\t\t<div class=\"wpb_wrapper\">\n\t\t\t<p style=\"text-align: left;\"><span style=\"font-weight: 400;\"><strong>Grace Orsato<\/strong> \u2013 Bagd\u00e1\u00a0<\/span><\/p>\n<p style=\"text-align: left;\"><span style=\"font-weight: 400;\"><strong>\u00a0Karina Buhr<\/strong> \u2013 Micheline<\/span><\/p>\n<p style=\"text-align: left;\"><span style=\"font-weight: 400;\"><strong>Marie Maymone<\/strong> \u2013 Joseane\u00a0\u00a0<\/span><\/p>\n<p style=\"text-align: left;\"><span style=\"font-weight: 400;\"><strong>Helena Luz<\/strong> \u2013 Bia\u00a0\u00a0<\/span><\/p>\n<p style=\"text-align: left;\"><span style=\"font-weight: 400;\"><strong>Gilda Nomacce<\/strong> \u2013 Gladys\u00a0\u00a0<\/span><\/p>\n<p style=\"text-align: left;\"><span style=\"font-weight: 400;\"><strong>Paulette Pink<\/strong> \u2013 Gilda\u00a0\u00a0<\/span><\/p>\n<p style=\"text-align: left;\"><span style=\"font-weight: 400;\"><strong>Em\u00edlio Serrano<\/strong> \u2013 Em\u00edlio\u00a0\u00a0<\/span><\/p>\n<p style=\"text-align: left;\"><span style=\"font-weight: 400;\"><strong>William Costa<\/strong> \u2013 Deco\u00a0\u00a0<\/span><\/p>\n<p style=\"text-align: left;\"><span style=\"font-weight: 400;\"><strong>Jo\u00e3o Paulo Bienemann<\/strong> \u2013 Clever\u00a0\u00a0<\/span><\/p>\n<p style=\"text-align: left;\"><span style=\"font-weight: 400;\"><strong>Nick Batista<\/strong> \u2013 Vanessa\u00a0\u00a0<\/span><\/p>\n\n\t\t<\/div>\n\t<\/div>\n<\/div><div class=\"edgtf-tab-container\" id=\"tab-informacoes-tecnicas-620\">\n\t<div class=\"wpb_text_column wpb_content_element\" >\n\t\t<div class=\"wpb_wrapper\">\n\t\t\t<p style=\"text-align: left;\"><b>G\u00eanero<\/b><\/p>\n<p style=\"text-align: left;\"><span style=\"font-weight: 400;\">Fic\u00e7\u00e3o \/ Drama, Com\u00e9dia<\/span><\/p>\n<p style=\"text-align: left;\"><b>Pa\u00eds de produ\u00e7\u00e3o<\/b><\/p>\n<p style=\"text-align: left;\"><span style=\"font-weight: 400;\">Brasil<\/span><span style=\"font-weight: 400;\">\u00a0<\/span><\/p>\n<p style=\"text-align: left;\"><b>Idioma<\/b><\/p>\n<p style=\"text-align: left;\"><span style=\"font-weight: 400;\">Portugu\u00eas<\/span><\/p>\n<p style=\"text-align: left;\"><b>Ano de produ\u00e7\u00e3o<\/b><\/p>\n<p style=\"text-align: left;\"><span style=\"font-weight: 400;\">2019<\/span><\/p>\n<p style=\"text-align: left;\"><b>Dura\u00e7\u00e3o<\/b><\/p>\n<p style=\"text-align: left;\"><span style=\"font-weight: 400;\">99 minutos<\/span><\/p>\n<p style=\"text-align: left;\"><b>Distribui\u00e7\u00e3o<\/b><\/p>\n<p style=\"text-align: left;\"><span style=\"font-weight: 400;\">Pagu Filmes<\/span><\/p>\n<p style=\"text-align: left;\"><b>Vendas<\/b><\/p>\n<p style=\"text-align: left;\"><span style=\"font-weight: 400;\">Reel Suspects<\/span><\/p>\n<p style=\"text-align: left;\"><b>Licenciamento<\/b><\/p>\n<p style=\"text-align: left;\"><span style=\"font-weight: 400;\">Star+ (Disney+)<\/span><\/p>\n\n\t\t<\/div>\n\t<\/div>\n<\/div><div class=\"edgtf-tab-container\" id=\"tab-premios-536\">\n\t<div class=\"wpb_text_column wpb_content_element\" >\n\t\t<div class=\"wpb_wrapper\">\n\t\t\t<p style=\"text-align: left;\"><strong>Estreia mundial<\/strong><\/p>\n<p style=\"text-align: left;\"><span style=\"font-weight: 400;\">70\u00ba Festival Internacional de Cinema de Berlim<\/span><\/p>\n<p style=\"text-align: left;\"><strong>Pr\u00eamios<\/strong><\/p>\n<ul>\n<li style=\"font-weight: 400; text-align: left;\" aria-level=\"1\"><span style=\"font-weight: 400;\">70\u00ba Festival Internacional de Cinema de Berlim (Alemanha, 2020) \u2013 Melhor Filme pelo J\u00fari Internacional (Crystal Bear) na Mostra Generation 14plus<\/span><\/li>\n<li style=\"font-weight: 400; text-align: left;\" aria-level=\"1\"><span style=\"font-weight: 400;\">15\u00ba Festival de Cine Latinoamericano de La Plata (Argentina, 2020)\u00a0 \u2013 Melhor Filme Latino-Americano\u00a0<\/span><\/li>\n<li style=\"font-weight: 400; text-align: left;\" aria-level=\"1\"><span style=\"font-weight: 400;\">24\u00ba Festival de Cinema de Lima PUCP (Peru, 2020) \u2013 Melhor Atriz para Grace Orsato e Men\u00e7\u00e3o Honrosa para o Elenco Feminino<\/span><\/li>\n<li style=\"font-weight: 400; text-align: left;\" aria-level=\"1\"><span style=\"font-weight: 400;\">18\u00ba Gender Bender International Film Festival (It\u00e1lia, 2020) \u2013 Melhor Filme<\/span><\/li>\n<li style=\"font-weight: 400; text-align: left;\" aria-level=\"1\"><span style=\"font-weight: 400;\">6\u00ba Nordic International Film Festival (EUA, 2020) \u2013 Melhor Filme e Melhor Dire\u00e7\u00e3o<\/span><\/li>\n<li style=\"font-weight: 400; text-align: left;\" aria-level=\"1\"><span style=\"font-weight: 400;\">2\u00ba Cormor\u00e1n Film Festival (Espanha, 2020) \u2013 Pr\u00eamio do P\u00fablico<\/span><\/li>\n<li style=\"font-weight: 400; text-align: left;\" aria-level=\"1\"><span style=\"font-weight: 400;\">31\u00ba Festival Cine Junior (Fran\u00e7a, 2021) \u2013 Pr\u00eamio do J\u00fari Estudantil<\/span><\/li>\n<li style=\"font-weight: 400; text-align: left;\" aria-level=\"1\"><span style=\"font-weight: 400;\">11\u00ba Santiago do Chile Festival Cine de Mujeres \u2013 FEMCINE (Chile, 2021) \u2013 Melhor Longa-Metragem Internacional<\/span><\/li>\n<li style=\"font-weight: 400; text-align: left;\" aria-level=\"1\"><span style=\"font-weight: 400;\">Reel 2 Real International Film Festival for Youth (Canad\u00e1, 2021) \u2013 Pr\u00eamio da Paz Edith Lando\u00a0<\/span><\/li>\n<li style=\"font-weight: 400; text-align: left;\" aria-level=\"1\"><span style=\"font-weight: 400;\">Bilbao Surf Film Festival (Espanha, 2021) \u2013 Melhor Filme de A\u00e7\u00e3o<\/span><\/li>\n<li style=\"font-weight: 400; text-align: left;\" aria-level=\"1\"><span style=\"font-weight: 400;\">28\u00ba Cinelatino T\u00fcbingen (Alemanha, 2021) \u2013 Pr\u00eamio P\u00fablico<\/span><\/li>\n<li style=\"font-weight: 400; text-align: left;\" aria-level=\"1\"><span style=\"font-weight: 400;\">Internationales Frauen Film Fest (Alemanha, 2021) \u2013 Pr\u00eamio do P\u00fablico<\/span><\/li>\n<li style=\"font-weight: 400; text-align: left;\" aria-level=\"1\"><span style=\"font-weight: 400;\">6\u00ba Paris Surf &amp; Skateboard Film Festival (Fran\u00e7a, 2021) &#8211; Melhor Filme de Skate<\/span><\/li>\n<li style=\"font-weight: 400; text-align: left;\" aria-level=\"1\"><span style=\"font-weight: 400;\">6\u00ba Pr\u00eamio ABRA de Roteiro (Brasil, 2022) &#8211; Melhor Roteiro Adaptado para Filme de Fic\u00e7\u00e3o<\/span><\/li>\n<\/ul>\n\n\t\t<\/div>\n\t<\/div>\n<\/div><\/div>\t\t<\/div>\n\t<\/div>\n<\/div><\/div><\/div><\/div><\/div><\/div>\n<\/div>","protected":false},"excerpt":{"rendered":"Meu Nome \u00e9 Bagd\u00e1 (2020) longa-metragem Bagd\u00e1 \u00e9 uma skatista de 17 anos, que vive na Freguesia [...]","protected":false},"author":1,"featured_media":0,"parent":0,"menu_order":0,"comment_status":"closed","ping_status":"closed","template":"full-width.php","meta":{"footnotes":""},"class_list":["post-1154","page","type-page","status-publish","hentry"],"_links":{"self":[{"href":"https:\/\/manjericaofilmes.com.br\/en\/wp-json\/wp\/v2\/pages\/1154","targetHints":{"allow":["GET"]}}],"collection":[{"href":"https:\/\/manjericaofilmes.com.br\/en\/wp-json\/wp\/v2\/pages"}],"about":[{"href":"https:\/\/manjericaofilmes.com.br\/en\/wp-json\/wp\/v2\/types\/page"}],"author":[{"embeddable":true,"href":"https:\/\/manjericaofilmes.com.br\/en\/wp-json\/wp\/v2\/users\/1"}],"replies":[{"embeddable":true,"href":"https:\/\/manjericaofilmes.com.br\/en\/wp-json\/wp\/v2\/comments?post=1154"}],"version-history":[{"count":40,"href":"https:\/\/manjericaofilmes.com.br\/en\/wp-json\/wp\/v2\/pages\/1154\/revisions"}],"predecessor-version":[{"id":4676,"href":"https:\/\/manjericaofilmes.com.br\/en\/wp-json\/wp\/v2\/pages\/1154\/revisions\/4676"}],"wp:attachment":[{"href":"https:\/\/manjericaofilmes.com.br\/en\/wp-json\/wp\/v2\/media?parent=1154"}],"curies":[{"name":"wp","href":"https:\/\/api.w.org\/{rel}","templated":true}]}}