{"id":4040,"date":"2023-05-17T01:43:37","date_gmt":"2023-05-17T01:43:37","guid":{"rendered":"https:\/\/manjericaofilmes.com.br\/?page_id=4040"},"modified":"2024-01-20T23:45:24","modified_gmt":"2024-01-20T23:45:24","slug":"levante-2","status":"publish","type":"page","link":"https:\/\/manjericaofilmes.com.br\/en\/levante-2\/","title":{"rendered":"Levante"},"content":{"rendered":"<div class=\"wpb-content-wrapper\"><div class=\"vc_row wpb_row vc_row-fluid\" ><div class=\"wpb_column vc_column_container vc_col-sm-12\"><div class=\"vc_column-inner\"><div class=\"wpb_wrapper\"><div class=\"edgtf-video-button-holder  edgtf-vb-has-img\">\n\t<div class=\"edgtf-video-button-image\">\n\t\t<img loading=\"lazy\" decoding=\"async\" width=\"2560\" height=\"1279\" src=\"https:\/\/manjericaofilmes.com.br\/wp-content\/uploads\/2023\/05\/Levante_300dpi_1_CROP-scaled.jpg\" class=\"attachment-full size-full\" alt=\"\" srcset=\"https:\/\/manjericaofilmes.com.br\/wp-content\/uploads\/2023\/05\/Levante_300dpi_1_CROP-scaled.jpg 2560w, https:\/\/manjericaofilmes.com.br\/wp-content\/uploads\/2023\/05\/Levante_300dpi_1_CROP-300x150.jpg 300w, https:\/\/manjericaofilmes.com.br\/wp-content\/uploads\/2023\/05\/Levante_300dpi_1_CROP-1024x512.jpg 1024w, https:\/\/manjericaofilmes.com.br\/wp-content\/uploads\/2023\/05\/Levante_300dpi_1_CROP-768x384.jpg 768w, https:\/\/manjericaofilmes.com.br\/wp-content\/uploads\/2023\/05\/Levante_300dpi_1_CROP-1536x767.jpg 1536w, https:\/\/manjericaofilmes.com.br\/wp-content\/uploads\/2023\/05\/Levante_300dpi_1_CROP-1100x550.jpg 1100w, https:\/\/manjericaofilmes.com.br\/wp-content\/uploads\/2023\/05\/Levante_300dpi_1_CROP-600x300.jpg 600w\" sizes=\"auto, (max-width: 2560px) 100vw, 2560px\" \/>\t<\/div>\n\t\t\t<a class=\"edgtf-video-button-play\" href=\"https:\/\/vimeo.com\/826359140\" data-rel=\"prettyPhoto[video_button_pretty_photo_583]\">\n\t\t\t<span class=\"edgtf-video-button-play-inner\">\n\t\t\t\t<svg version=\"1.1\" xmlns=\"http:\/\/www.w3.org\/2000\/svg\" xmlns:xlink=\"http:\/\/www.w3.org\/1999\/xlink\" x=\"0px\" y=\"0px\"\n\t\t\t\t\t width=\"41.917px\" height=\"45.998px\" viewbox=\"0 0 41.917 45.998\" enable-background=\"new 0 0 41.917 45.998\" xml:space=\"preserve\">\n\t\t\t\t<g>\n\t\t\t\t\t<path fill=\"none\" stroke=\"#FFFFFF\" stroke-width=\"2\" stroke-miterlimit=\"10\" d=\"M3.183,44.579\t\t\t\t\t\tc-0.864,0.474-1.561,0.056-1.561-0.921V2.623c0-0.977,0.697-1.395,1.561-0.921l37.022,20.574c0.864,0.474,0.864,1.255,0,1.729\t\t\t\t\t\tL3.183,44.579z\"\/>\n\t\t\t\t<\/g>\n\t\t\t\t<\/svg>\n\t\t\t<\/span>\n\t\t<\/a>\n\t<\/div><\/div><\/div><\/div><\/div><div class=\"edgtf-row-grid-section-wrapper edgtf-parallax-row-holder edgtf-content-aligment-center\" data-parallax-bg-image=\"https:\/\/manjericaofilmes.com.br\/wp-content\/uploads\/2018\/04\/home-8-parallax-2.jpg\" data-parallax-bg-speed=\"1\" ><div class=\"edgtf-row-grid-section\"><div class=\"vc_row wpb_row vc_row-fluid vc_custom_1525705000684\" ><div class=\"wpb_column vc_column_container vc_col-sm-12\"><div class=\"vc_column-inner\"><div class=\"wpb_wrapper\"><div class=\"edgtf-elements-holder   edgtf-one-column  edgtf-responsive-mode-768\" ><div class=\"edgtf-eh-item\"  data-item-class=\"edgtf-eh-custom-5253\">\n\t<div class=\"edgtf-eh-item-inner\">\n\t\t<div class=\"edgtf-eh-item-content edgtf-eh-custom-5253\" style=\"padding: 0 10% 110px 10%\">\n\t\t\t<div class=\"edgtf-section-title-holder  edgtf-st-standard edgtf-st-title-left edgtf-st-ratio-1-2 edgtf-st-large-space\" >\n\t<div class=\"edgtf-st-inner\">\n\t\t\t\t\t<h2 class=\"edgtf-st-title\" style=\"color: #ffffff\">\n\t\t\t\tLevante (2023)\t\t\t<\/h2>\n\t\t\t\t\t\t\t<h6 class=\"edgtf-st-text\" style=\"color: #ffffff\">\n\t\t\t\tlonga-metragem\t\t\t<\/h6>\n\t\t\t<\/div>\n<\/div><div class=\"vc_empty_space\"   style=\"height: 12px\"><span class=\"vc_empty_space_inner\"><\/span><\/div>\n\t<div class=\"wpb_text_column wpb_content_element\" >\n\t\t<div class=\"wpb_wrapper\">\n\t\t\t<p><span style=\"font-weight: 400;\">\u00c0s v\u00e9speras do campeonato de v\u00f4lei decisivo para seu futuro como atleta, Sof\u00eda (17), descobre uma gravidez indesejada. Na tentativa de interromp\u00ea-la clandestinamente, ela acaba se convertendo em alvo de um grupo fundamentalista decidido a det\u00ea-la a qualquer pre\u00e7o, mas nem Sof\u00eda nem aqueles que a amam est\u00e3o dispostos a se render ante o fervor cego da manada.<\/span><\/p>\n\n\t\t<\/div>\n\t<\/div>\n\t\t<\/div>\n\t<\/div>\n<\/div><\/div><div class=\"vc_row wpb_row vc_inner vc_row-fluid edgtf-content-aligment-center\" ><div class=\"wpb_column vc_column_container vc_col-sm-6 vc_col-lg-3 vc_col-md-6\"><div class=\"vc_column-inner\"><div class=\"wpb_wrapper\"><div class=\"edgtf-elements-holder   edgtf-one-column  edgtf-responsive-mode-768\" ><div class=\"edgtf-eh-item\"  data-item-class=\"edgtf-eh-custom-1507\" data-768-1024=\"0 50px 50px 65px\" data-680-768=\"0 5px 50px 5px\" data-680=\"0 5px 50px 5px\">\n\t<div class=\"edgtf-eh-item-inner\">\n\t\t<div class=\"edgtf-eh-item-content edgtf-eh-custom-1507\" >\n\t\t\t<div class=\"edgtf-image-with-text-holder\">\n    <div class=\"edgtf-iwt-image\">\n                                                                    <\/div>\n    <div class=\"edgtf-iwt-text-holder\">\n                    <h5 class=\"edgtf-iwt-title\" style=\"color: #ffffff;margin-top: 40px\">Produ\u00e7\u00e3o<\/h5>\n        \t\t            <p class=\"edgtf-iwt-text\" style=\"color: #999999;margin-top: -2px\">Arissas (Brasil), Manjeric\u00e3o Filmes (Brasil), In Vivo Films (Fran\u00e7a) e Cimarr\u00f3n Cine (Uruguai)<\/p>\n            <\/div>\n<\/div>\t\t<\/div>\n\t<\/div>\n<\/div><\/div><\/div><\/div><\/div><div class=\"wpb_column vc_column_container vc_col-sm-6 vc_col-lg-3 vc_col-md-6\"><div class=\"vc_column-inner\"><div class=\"wpb_wrapper\"><div class=\"edgtf-elements-holder   edgtf-one-column  edgtf-responsive-mode-768\" ><div class=\"edgtf-eh-item\"  data-item-class=\"edgtf-eh-custom-5870\" data-768-1024=\"0 50px 50px 65px\" data-680-768=\"0 5px 50px 5px\" data-680=\"0 5px 50px 5px\">\n\t<div class=\"edgtf-eh-item-inner\">\n\t\t<div class=\"edgtf-eh-item-content edgtf-eh-custom-5870\" >\n\t\t\t<div class=\"edgtf-image-with-text-holder\">\n    <div class=\"edgtf-iwt-image\">\n                                                                    <\/div>\n    <div class=\"edgtf-iwt-text-holder\">\n                    <h5 class=\"edgtf-iwt-title\" style=\"color: #ffffff;margin-top: 40px\">Coprodu\u00e7\u00e3o<\/h5>\n        \t\t            <p class=\"edgtf-iwt-text\" style=\"color: #999999;margin-top: -2px\">Vitrine Filmes, Canal Brasil, Telecine, RioFilme<\/p>\n            <\/div>\n<\/div>\t\t<\/div>\n\t<\/div>\n<\/div><\/div><\/div><\/div><\/div><div class=\"wpb_column vc_column_container vc_col-sm-6 vc_col-lg-3 vc_col-md-6\"><div class=\"vc_column-inner\"><div class=\"wpb_wrapper\"><div class=\"edgtf-elements-holder   edgtf-one-column  edgtf-responsive-mode-768\" ><div class=\"edgtf-eh-item\"  data-item-class=\"edgtf-eh-custom-5257\" data-768-1024=\"0 50px 50px 65px\" data-680-768=\"0 5px 50px 5px\" data-680=\"0 5px 50px 5px\">\n\t<div class=\"edgtf-eh-item-inner\">\n\t\t<div class=\"edgtf-eh-item-content edgtf-eh-custom-5257\" >\n\t\t\t<div class=\"edgtf-image-with-text-holder\">\n    <div class=\"edgtf-iwt-image\">\n                                                                    <\/div>\n    <div class=\"edgtf-iwt-text-holder\">\n                    <h5 class=\"edgtf-iwt-title\" style=\"color: #ffffff;margin-top: 40px\">Dire\u00e7\u00e3o<\/h5>\n        \t\t            <p class=\"edgtf-iwt-text\" style=\"color: #999999;margin-top: -2px\">Lillah Halla<\/p>\n            <\/div>\n<\/div>\t\t<\/div>\n\t<\/div>\n<\/div><\/div><\/div><\/div><\/div><div class=\"wpb_column vc_column_container vc_col-sm-6 vc_col-lg-3 vc_col-md-6\"><div class=\"vc_column-inner\"><div class=\"wpb_wrapper\"><div class=\"edgtf-elements-holder   edgtf-one-column  edgtf-responsive-mode-768\" ><div class=\"edgtf-eh-item\"  data-item-class=\"edgtf-eh-custom-3766\" data-768-1024=\"0 50px 50px 65px\" data-680-768=\"0 5px 50px 5px\" data-680=\"0 5px 50px 5px\">\n\t<div class=\"edgtf-eh-item-inner\">\n\t\t<div class=\"edgtf-eh-item-content edgtf-eh-custom-3766\" >\n\t\t\t<div class=\"edgtf-image-with-text-holder\">\n    <div class=\"edgtf-iwt-image\">\n                                                                    <\/div>\n    <div class=\"edgtf-iwt-text-holder\">\n                    <h5 class=\"edgtf-iwt-title\" style=\"color: #ffffff;margin-top: 40px\">Roteiro<\/h5>\n        \t\t            <p class=\"edgtf-iwt-text\" style=\"color: #999999;margin-top: -2px\">Lillah Halla e Mar\u00eda Elena Mor\u00e1n<\/p>\n            <\/div>\n<\/div>\t\t<\/div>\n\t<\/div>\n<\/div><\/div><\/div><\/div><\/div><\/div><\/div><\/div><\/div><\/div><\/div><\/div><div class=\"vc_row wpb_row vc_row-fluid\" style=\"background-color:#000000\"><div class=\"wpb_column vc_column_container vc_col-sm-12\"><div class=\"vc_column-inner\"><div class=\"wpb_wrapper\"><div class=\"edgtf-image-gallery  edgtf-ig-grid-type edgtf-no-space  edgtf-image-behavior-lightbox\">\n\t<div class=\"edgtf-ig-inner edgtf-outer-space edgtf-ig-grid edgtf-ig-three-columns\">\n\t\t\t\t\t<div class=\"edgtf-ig-image edgtf-item-space\">\n\t\t\t\t<div class=\"edgtf-ig-image-inner\">\n\t\t\t\t\t\t\t\t\t\t\t<a itemprop=\"image\" class=\"edgtf-ig-lightbox\" href=\"https:\/\/manjericaofilmes.com.br\/wp-content\/uploads\/2023\/05\/2-LEVANTE-Power-Alley.png\" data-rel=\"prettyPhoto[image_gallery_pretty_photo-340]\" title=\"2 LEVANTE (Power Alley)\">\n\t\t\t\t\t\t\t\t\t\t\t<img loading=\"lazy\" decoding=\"async\" width=\"3996\" height=\"1983\" src=\"https:\/\/manjericaofilmes.com.br\/wp-content\/uploads\/2023\/05\/2-LEVANTE-Power-Alley.png\" class=\"attachment-full size-full\" alt=\"\" srcset=\"https:\/\/manjericaofilmes.com.br\/wp-content\/uploads\/2023\/05\/2-LEVANTE-Power-Alley.png 3996w, https:\/\/manjericaofilmes.com.br\/wp-content\/uploads\/2023\/05\/2-LEVANTE-Power-Alley-300x149.png 300w, https:\/\/manjericaofilmes.com.br\/wp-content\/uploads\/2023\/05\/2-LEVANTE-Power-Alley-1024x508.png 1024w, https:\/\/manjericaofilmes.com.br\/wp-content\/uploads\/2023\/05\/2-LEVANTE-Power-Alley-768x381.png 768w, https:\/\/manjericaofilmes.com.br\/wp-content\/uploads\/2023\/05\/2-LEVANTE-Power-Alley-1536x762.png 1536w, https:\/\/manjericaofilmes.com.br\/wp-content\/uploads\/2023\/05\/2-LEVANTE-Power-Alley-18x9.png 18w, https:\/\/manjericaofilmes.com.br\/wp-content\/uploads\/2023\/05\/2-LEVANTE-Power-Alley-600x298.png 600w\" sizes=\"auto, (max-width: 3996px) 100vw, 3996px\" \/>\t\t\t\t\t\t\t\t\t\t\t\t\t\t\t\t\t<\/a>\n\t\t\t\t\t\t\t\t\t<\/div>\n\t\t\t<\/div>\n\t\t\t\t\t<div class=\"edgtf-ig-image edgtf-item-space\">\n\t\t\t\t<div class=\"edgtf-ig-image-inner\">\n\t\t\t\t\t\t\t\t\t\t\t<a itemprop=\"image\" class=\"edgtf-ig-lightbox\" href=\"https:\/\/manjericaofilmes.com.br\/wp-content\/uploads\/2023\/05\/3-LEVANTE-Power-Alley.png\" data-rel=\"prettyPhoto[image_gallery_pretty_photo-340]\" title=\"3 LEVANTE (Power Alley)\">\n\t\t\t\t\t\t\t\t\t\t\t<img loading=\"lazy\" decoding=\"async\" width=\"3996\" height=\"1988\" src=\"https:\/\/manjericaofilmes.com.br\/wp-content\/uploads\/2023\/05\/3-LEVANTE-Power-Alley.png\" class=\"attachment-full size-full\" alt=\"\" srcset=\"https:\/\/manjericaofilmes.com.br\/wp-content\/uploads\/2023\/05\/3-LEVANTE-Power-Alley.png 3996w, https:\/\/manjericaofilmes.com.br\/wp-content\/uploads\/2023\/05\/3-LEVANTE-Power-Alley-300x149.png 300w, https:\/\/manjericaofilmes.com.br\/wp-content\/uploads\/2023\/05\/3-LEVANTE-Power-Alley-1024x509.png 1024w, https:\/\/manjericaofilmes.com.br\/wp-content\/uploads\/2023\/05\/3-LEVANTE-Power-Alley-768x382.png 768w, https:\/\/manjericaofilmes.com.br\/wp-content\/uploads\/2023\/05\/3-LEVANTE-Power-Alley-1536x764.png 1536w, https:\/\/manjericaofilmes.com.br\/wp-content\/uploads\/2023\/05\/3-LEVANTE-Power-Alley-18x9.png 18w, https:\/\/manjericaofilmes.com.br\/wp-content\/uploads\/2023\/05\/3-LEVANTE-Power-Alley-600x298.png 600w\" sizes=\"auto, (max-width: 3996px) 100vw, 3996px\" \/>\t\t\t\t\t\t\t\t\t\t\t\t\t\t\t\t\t<\/a>\n\t\t\t\t\t\t\t\t\t<\/div>\n\t\t\t<\/div>\n\t\t\t\t\t<div class=\"edgtf-ig-image edgtf-item-space\">\n\t\t\t\t<div class=\"edgtf-ig-image-inner\">\n\t\t\t\t\t\t\t\t\t\t\t<a itemprop=\"image\" class=\"edgtf-ig-lightbox\" href=\"https:\/\/manjericaofilmes.com.br\/wp-content\/uploads\/2023\/05\/4-LEVANTE-Power-Alley.png\" data-rel=\"prettyPhoto[image_gallery_pretty_photo-340]\" title=\"4 LEVANTE (Power Alley)\">\n\t\t\t\t\t\t\t\t\t\t\t<img loading=\"lazy\" decoding=\"async\" width=\"3996\" height=\"1989\" src=\"https:\/\/manjericaofilmes.com.br\/wp-content\/uploads\/2023\/05\/4-LEVANTE-Power-Alley.png\" class=\"attachment-full size-full\" alt=\"\" srcset=\"https:\/\/manjericaofilmes.com.br\/wp-content\/uploads\/2023\/05\/4-LEVANTE-Power-Alley.png 3996w, https:\/\/manjericaofilmes.com.br\/wp-content\/uploads\/2023\/05\/4-LEVANTE-Power-Alley-300x149.png 300w, https:\/\/manjericaofilmes.com.br\/wp-content\/uploads\/2023\/05\/4-LEVANTE-Power-Alley-1024x510.png 1024w, https:\/\/manjericaofilmes.com.br\/wp-content\/uploads\/2023\/05\/4-LEVANTE-Power-Alley-768x382.png 768w, https:\/\/manjericaofilmes.com.br\/wp-content\/uploads\/2023\/05\/4-LEVANTE-Power-Alley-1536x765.png 1536w, https:\/\/manjericaofilmes.com.br\/wp-content\/uploads\/2023\/05\/4-LEVANTE-Power-Alley-18x9.png 18w, https:\/\/manjericaofilmes.com.br\/wp-content\/uploads\/2023\/05\/4-LEVANTE-Power-Alley-600x299.png 600w\" sizes=\"auto, (max-width: 3996px) 100vw, 3996px\" \/>\t\t\t\t\t\t\t\t\t\t\t\t\t\t\t\t\t<\/a>\n\t\t\t\t\t\t\t\t\t<\/div>\n\t\t\t<\/div>\n\t\t\t<\/div>\n<\/div><\/div><\/div><\/div><\/div><div class=\"vc_row wpb_row vc_row-fluid\" ><div class=\"wpb_column vc_column_container vc_col-sm-12\"><div class=\"vc_column-inner\"><div class=\"wpb_wrapper\"><div class=\"edgtf-elements-holder   edgtf-one-column  edgtf-responsive-mode-768 edgtf-one-column-alignment-center\" ><div class=\"edgtf-eh-item   edgtf-horizontal-alignment-center\"  data-item-class=\"edgtf-eh-custom-9783\">\n\t<div class=\"edgtf-eh-item-inner\">\n\t\t<div class=\"edgtf-eh-item-content edgtf-eh-custom-9783\" style=\"padding: 0 5% 0 6%\">\n\t\t\t<div class=\"edgtf-tabs  edgtf-tabs-simple\">\n\t<ul class=\"edgtf-tabs-nav clearfix\">\n\t\t\t\t\t<li>\n\t\t\t\t\t\t\t\t\t<a href=\"#tab-equipe\">EQUIPE<\/a>\n\t\t\t\t\t\t\t<\/li>\n\t\t\t\t\t<li>\n\t\t\t\t\t\t\t\t\t<a href=\"#tab-elenco\">ELENCO<\/a>\n\t\t\t\t\t\t\t<\/li>\n\t\t\t\t\t<li>\n\t\t\t\t\t\t\t\t\t<a href=\"#tab-informacoes-tecnicas\">INFORMA\u00c7\u00d5ES T\u00c9CNICAS<\/a>\n\t\t\t\t\t\t\t<\/li>\n\t\t\t\t\t<li>\n\t\t\t\t\t\t\t\t\t<a href=\"#tab-trajetoria\">TRAJET\u00d3RIA<\/a>\n\t\t\t\t\t\t\t<\/li>\n\t\t\t<\/ul>\n\t<div class=\"edgtf-tab-container\" id=\"tab-equipe-392\">\n\t<div class=\"wpb_text_column wpb_content_element\" >\n\t\t<div class=\"wpb_wrapper\">\n\t\t\t<p style=\"text-align: left;\"><span style=\"font-weight: 400;\"><strong>Produ\u00e7\u00e3o: <\/strong><\/span><span style=\"font-weight: 400;\">Clarissa Guarilha, Rafaella Costa, Louise Bellicaud, Claire Charles-Gervais<\/span><\/p>\n<p style=\"text-align: left;\"><span style=\"font-weight: 400;\"><strong>Coprodu\u00e7\u00e3o:<\/strong> Santiago L\u00f3pez, Diego Robino, Hern\u00e1n Musaluppi<\/span><\/p>\n<p style=\"text-align: left;\"><span style=\"font-weight: 400;\"><strong>Produ\u00e7\u00e3o Executiva:<\/strong> Joana Rochadel, Rafaella Costa, Clarissa Guarilha, Clarissa Pivetta<\/span><\/p>\n<p style=\"text-align: left;\"><span style=\"font-weight: 400;\"><strong>Dire\u00e7\u00e3o de Fotografia:<\/strong> Wilssa Esser, ABC<\/span><\/p>\n<p style=\"text-align: left;\"><span style=\"font-weight: 400;\"><strong>Montagem:<\/strong> Eva Randolph, EDT<\/span><\/p>\n<p style=\"text-align: left;\"><span style=\"font-weight: 400;\"><strong>Dire\u00e7\u00e3o de Arte:<\/strong> Ma\u00edra Mesquita<\/span><\/p>\n<p style=\"text-align: left;\"><span style=\"font-weight: 400;\"><strong>Figurinista chefe:<\/strong> Nicole Davrieux<\/span><\/p>\n<p style=\"text-align: left;\"><span style=\"font-weight: 400;\"><strong>Figurinista:<\/strong> Nina Maria<\/span><\/p>\n<p style=\"text-align: left;\"><span style=\"font-weight: 400;\"><strong>Maquiagem:<\/strong> Simone Souza<\/span><\/p>\n<p style=\"text-align: left;\"><span style=\"font-weight: 400;\"><strong>Edi\u00e7\u00e3o de Som:<\/strong> Waldir Xavier<\/span><\/p>\n<p style=\"text-align: left;\"><span style=\"font-weight: 400;\"><strong>Som Direto:<\/strong> Ruben Vald\u00e9s<\/span><\/p>\n<p style=\"text-align: left;\"><span style=\"font-weight: 400;\"><strong>Mixagem:<\/strong> Alejandro Grillo<\/span><\/p>\n<p style=\"text-align: left;\"><span style=\"font-weight: 400;\"><strong>M\u00fasica Original:<\/strong> Maria Beraldo (participa\u00e7\u00e3o especial Badsista &amp; Ju\u00e7ara Mar\u00e7al)<\/span><\/p>\n<p style=\"text-align: left;\"><strong>Produ\u00e7\u00e3o de Elenco:<\/strong> <span style=\"font-weight: 400;\">Gabriel Domingues<\/span><\/p>\n<p style=\"text-align: left;\"><strong>Prepara\u00e7\u00e3o de Elenco:<\/strong> <span style=\"font-weight: 400;\">M\u00e1rcio Mehiel<\/span><\/p>\n<p style=\"text-align: left;\"><strong>Assist\u00eancia de Dire\u00e7\u00e3o:<\/strong> <span style=\"font-weight: 400;\">Julia Medeiros<\/span><\/p>\n<p style=\"text-align: left;\"><strong>Dire\u00e7\u00e3o de Produ\u00e7\u00e3o:<\/strong> <span style=\"font-weight: 400;\">Ana Clara Rafaldi<\/span><\/p>\n\n\t\t<\/div>\n\t<\/div>\n<\/div><div class=\"edgtf-tab-container\" id=\"tab-elenco-25\">\n\t<div class=\"wpb_text_column wpb_content_element\" >\n\t\t<div class=\"wpb_wrapper\">\n\t\t\t<p style=\"text-align: left;\"><span style=\"font-weight: 400;\"><strong>Ayomi Domenica<\/strong>\u00a0\u2013 Sof\u00eda<\/span><\/p>\n<p style=\"text-align: left;\"><span style=\"font-weight: 400;\"><strong>Loro Bardot<\/strong> \u2013 Bel<\/span><\/p>\n<p style=\"text-align: left;\"><span style=\"font-weight: 400;\"><strong>Grace Pass\u00f4<\/strong> \u2013 Sol<\/span><\/p>\n<p style=\"text-align: left;\"><span style=\"font-weight: 400;\"><strong>Gl\u00e1ucia Vandeveld<\/strong> \u2013 Gl\u00f3ria<\/span><\/p>\n<p style=\"text-align: left;\"><span style=\"font-weight: 400;\"><strong>R\u00f4mulo Braga<\/strong> \u2013 Jo\u00e3o<\/span><\/p>\n<p style=\"text-align: left;\"><span style=\"font-weight: 400;\"><strong>Larissa Siqueira<\/strong> \u2013 T\u00e2nia<\/span><\/p>\n<p style=\"text-align: left;\"><span style=\"font-weight: 400;\"><strong>Onna Silva<\/strong> \u2013 Nicolle<\/span><\/p>\n<p style=\"text-align: left;\"><span style=\"font-weight: 400;\"><strong>Lorre Motta<\/strong> \u2013 Ciano<\/span><\/p>\n<p style=\"text-align: left;\"><span style=\"font-weight: 400;\"><strong>Isabella Pinheiro<\/strong> \u2013 Isabela<\/span><\/p>\n<p style=\"text-align: left;\"><span style=\"font-weight: 400;\"><strong>Helo\u00edsa Pires<\/strong> \u2013 Rebeca<\/span><\/p>\n<p style=\"text-align: left;\"><span style=\"font-weight: 400;\"><strong>Hel\u00f4 Campello<\/strong> \u2013 Elisa<\/span><\/p>\n<p style=\"text-align: left;\"><span style=\"font-weight: 400;\"><strong>Karina Rie Ishida<\/strong> \u2013 Mayumi<\/span><\/p>\n<p style=\"text-align: left;\"><span style=\"font-weight: 400;\"><strong>Lorena Costa<\/strong> \u2013 Lorelai<\/span><\/p>\n<p style=\"text-align: left;\"><span style=\"font-weight: 400;\"><strong>Zora Santos<\/strong> \u2013 Leda<\/span><\/p>\n<p style=\"text-align: left;\"><span style=\"font-weight: 400;\"><strong>Cristina Mor\u00e1n<\/strong> \u2013 M\u00e9dica Uruguaia<\/span><\/p>\n<p style=\"text-align: left;\"><span style=\"font-weight: 400;\"><strong>Suzy Lopes<\/strong> \u2013 Regina<\/span><\/p>\n<p style=\"text-align: left;\"><span style=\"font-weight: 400;\"><strong>Vin\u00edcius Meloni<\/strong> \u2013 Roberto<\/span><\/p>\n<p style=\"text-align: left;\"><span style=\"font-weight: 400;\"><strong>Rejane Faria<\/strong> \u2013 Doutora Rejane<\/span><\/p>\n\n\t\t<\/div>\n\t<\/div>\n<\/div><div class=\"edgtf-tab-container\" id=\"tab-informacoes-tecnicas-565\">\n\t<div class=\"wpb_text_column wpb_content_element\" >\n\t\t<div class=\"wpb_wrapper\">\n\t\t\t<p style=\"text-align: left;\"><b>G\u00eanero<\/b><\/p>\n<p style=\"text-align: left;\"><span style=\"font-weight: 400;\">Fic\u00e7\u00e3o \/ Drama<\/span><\/p>\n<p style=\"text-align: left;\"><b>Pa\u00edses de produ\u00e7\u00e3o<\/b><\/p>\n<p style=\"text-align: left;\"><span style=\"font-weight: 400;\">Brasil, Fran\u00e7a e Uruguai<\/span><span style=\"font-weight: 400;\">\u00a0<\/span><\/p>\n<p style=\"text-align: left;\"><b>Idiomas<\/b><\/p>\n<p style=\"text-align: left;\"><span style=\"font-weight: 400;\">Portugu\u00eas e Espanhol<\/span><\/p>\n<p style=\"text-align: left;\"><b>Ano de produ\u00e7\u00e3o<\/b><\/p>\n<p style=\"text-align: left;\"><span style=\"font-weight: 400;\">2022<\/span><\/p>\n<p style=\"text-align: left;\"><b>Dura\u00e7\u00e3o<\/b><\/p>\n<p style=\"text-align: left;\"><span style=\"font-weight: 400;\">92 minutos<\/span><\/p>\n<p style=\"text-align: left;\"><b>Distribui\u00e7\u00e3o<\/b><\/p>\n<p style=\"text-align: left;\"><span style=\"font-weight: 400;\">Lira Filmes, Vitrine Filmes<\/span><\/p>\n<p style=\"text-align: left;\"><b>Vendas<\/b><\/p>\n<p style=\"text-align: left;\"><span style=\"font-weight: 400;\">m-appeal<\/span><\/p>\n<p style=\"text-align: left;\"><b>Licenciamento<\/b><\/p>\n<p style=\"text-align: left;\"><span style=\"font-weight: 400;\">Canal Brasil, Telecine<\/span><\/p>\n\n\t\t<\/div>\n\t<\/div>\n<\/div><div class=\"edgtf-tab-container\" id=\"tab-trajetoria-826\">\n\t<div class=\"wpb_text_column wpb_content_element\" >\n\t\t<div class=\"wpb_wrapper\">\n\t\t\t<p style=\"text-align: left;\"><strong>Estreia mundial<\/strong><\/p>\n<p style=\"text-align: left;\"><span style=\"font-weight: 400;\">62\u00aa Semana da Cr\u00edtica \u2013 76\u00ba Festival de Cannes 2023<\/span><\/p>\n<p style=\"text-align: left;\"><strong>Pr\u00eamios<\/strong><\/p>\n<ul style=\"text-align: left;\">\n<li><span style=\"font-weight: 400;\">Pr\u00eamio Fipresci \u2013 Melhor Filme de Estreia nas mostras paralelas do Festival de Cannes 2023.<\/span><\/li>\n<li><span style=\"font-weight: 400;\">Cine en Construcci\u00f3n \u2013 Cinelatino Toulouse 2023 (Pr\u00eamio WIP Paradiso, Pr\u00eamio Canal+, Pr\u00eamio CICAE)<\/span><\/li>\n<\/ul>\n<p style=\"text-align: left;\"><strong>Trajet\u00f3ria<\/strong><\/p>\n<ul>\n<li style=\"font-weight: 400; text-align: left;\" aria-level=\"1\"><span style=\"font-weight: 400;\">First Cut+Trieste 2023<\/span><\/li>\n<li style=\"font-weight: 400; text-align: left;\" aria-level=\"1\"><span style=\"font-weight: 400;\">First Cut Lab Nouvelle-Aquitaine \u2013 Full Circle Lab 2022<\/span><\/li>\n<li style=\"font-weight: 400; text-align: left;\" aria-level=\"1\"><span style=\"font-weight: 400;\">March\u00e9 du Film \u2013 Cannes 2022<\/span><\/li>\n<li style=\"font-weight: 400; text-align: left;\" aria-level=\"1\"><span style=\"font-weight: 400;\">BrLab Rough Cut 2022<\/span><\/li>\n<li style=\"font-weight: 400; text-align: left;\" aria-level=\"1\"><span style=\"font-weight: 400;\">Next Step Semaine de la Critique \u2013 Cannes 2021<\/span><\/li>\n<li style=\"font-weight: 400; text-align: left;\" aria-level=\"1\"><span style=\"font-weight: 400;\">Cin\u00e9ma en D\u00e9veloppement \u2013 Cin\u00e9latino Toulouse 2021<\/span><\/li>\n<li style=\"font-weight: 400; text-align: left;\" aria-level=\"1\"><span style=\"font-weight: 400;\">Talent Project Market \u2013 Berlinale 2019<\/span><\/li>\n<li style=\"font-weight: 400; text-align: left;\" aria-level=\"1\"><span style=\"font-weight: 400;\">Fundaci\u00f3n Carolina 2018<\/span><\/li>\n<li style=\"font-weight: 400; text-align: left;\" aria-level=\"1\"><span style=\"font-weight: 400;\">Brasil Cinemundi 2018<\/span><\/li>\n<li style=\"font-weight: 400; text-align: left;\" aria-level=\"1\"><span style=\"font-weight: 400;\">Bolivia Lab 2018<\/span><\/li>\n<li style=\"font-weight: 400; text-align: left;\" aria-level=\"1\"><span style=\"font-weight: 400;\">1\u00ba Lugar Pr\u00eamio de Roteiro Cab\u00edria 2018<\/span><\/li>\n<li style=\"font-weight: 400; text-align: left;\" aria-level=\"1\"><span style=\"font-weight: 400;\">BAL Buenos Aires Lab \u2013 BAFICI 2018<\/span><\/li>\n<li style=\"font-weight: 400; text-align: left;\" aria-level=\"1\"><span style=\"font-weight: 400;\">BrLab 2016<\/span><\/li>\n<\/ul>\n\n\t\t<\/div>\n\t<\/div>\n<\/div><\/div>\t\t<\/div>\n\t<\/div>\n<\/div><\/div><\/div><\/div><\/div><\/div>\n<\/div>","protected":false},"excerpt":{"rendered":"Levante (2023) longa-metragem \u00c0s v\u00e9speras do campeonato de v\u00f4lei decisivo para seu futuro como atleta, Sof\u00eda (17), [...]","protected":false},"author":1,"featured_media":0,"parent":0,"menu_order":0,"comment_status":"closed","ping_status":"closed","template":"full-width.php","meta":{"footnotes":""},"class_list":["post-4040","page","type-page","status-publish","hentry"],"_links":{"self":[{"href":"https:\/\/manjericaofilmes.com.br\/en\/wp-json\/wp\/v2\/pages\/4040","targetHints":{"allow":["GET"]}}],"collection":[{"href":"https:\/\/manjericaofilmes.com.br\/en\/wp-json\/wp\/v2\/pages"}],"about":[{"href":"https:\/\/manjericaofilmes.com.br\/en\/wp-json\/wp\/v2\/types\/page"}],"author":[{"embeddable":true,"href":"https:\/\/manjericaofilmes.com.br\/en\/wp-json\/wp\/v2\/users\/1"}],"replies":[{"embeddable":true,"href":"https:\/\/manjericaofilmes.com.br\/en\/wp-json\/wp\/v2\/comments?post=4040"}],"version-history":[{"count":22,"href":"https:\/\/manjericaofilmes.com.br\/en\/wp-json\/wp\/v2\/pages\/4040\/revisions"}],"predecessor-version":[{"id":4487,"href":"https:\/\/manjericaofilmes.com.br\/en\/wp-json\/wp\/v2\/pages\/4040\/revisions\/4487"}],"wp:attachment":[{"href":"https:\/\/manjericaofilmes.com.br\/en\/wp-json\/wp\/v2\/media?parent=4040"}],"curies":[{"name":"wp","href":"https:\/\/api.w.org\/{rel}","templated":true}]}}