{"id":4046,"date":"2023-05-17T01:45:47","date_gmt":"2023-05-17T01:45:47","guid":{"rendered":"https:\/\/manjericaofilmes.com.br\/?page_id=4046"},"modified":"2024-02-16T11:16:52","modified_gmt":"2024-02-16T11:16:52","slug":"trago-comigo","status":"publish","type":"page","link":"https:\/\/manjericaofilmes.com.br\/en\/trago-comigo\/","title":{"rendered":"Trago Comigo"},"content":{"rendered":"<div class=\"wpb-content-wrapper\"><div class=\"vc_row wpb_row vc_row-fluid\" ><div class=\"wpb_column vc_column_container vc_col-sm-12\"><div class=\"vc_column-inner\"><div class=\"wpb_wrapper\"><div class=\"edgtf-video-button-holder  edgtf-vb-has-img\">\n\t<div class=\"edgtf-video-button-image\">\n\t\t<img loading=\"lazy\" decoding=\"async\" width=\"1871\" height=\"678\" src=\"https:\/\/manjericaofilmes.com.br\/wp-content\/uploads\/2023\/05\/trago-comigo-de-tata-amaral-jacob-solitrenick.jpg\" class=\"attachment-full size-full\" alt=\"\" srcset=\"https:\/\/manjericaofilmes.com.br\/wp-content\/uploads\/2023\/05\/trago-comigo-de-tata-amaral-jacob-solitrenick.jpg 1871w, https:\/\/manjericaofilmes.com.br\/wp-content\/uploads\/2023\/05\/trago-comigo-de-tata-amaral-jacob-solitrenick-300x109.jpg 300w, https:\/\/manjericaofilmes.com.br\/wp-content\/uploads\/2023\/05\/trago-comigo-de-tata-amaral-jacob-solitrenick-1024x371.jpg 1024w, https:\/\/manjericaofilmes.com.br\/wp-content\/uploads\/2023\/05\/trago-comigo-de-tata-amaral-jacob-solitrenick-768x278.jpg 768w, https:\/\/manjericaofilmes.com.br\/wp-content\/uploads\/2023\/05\/trago-comigo-de-tata-amaral-jacob-solitrenick-1536x557.jpg 1536w, https:\/\/manjericaofilmes.com.br\/wp-content\/uploads\/2023\/05\/trago-comigo-de-tata-amaral-jacob-solitrenick-600x217.jpg 600w\" sizes=\"auto, (max-width: 1871px) 100vw, 1871px\" \/>\t<\/div>\n\t\t\t<a class=\"edgtf-video-button-play\" href=\"https:\/\/vimeo.com\/325461221?share=copy#t=19\" data-rel=\"prettyPhoto[video_button_pretty_photo_232]\">\n\t\t\t<span class=\"edgtf-video-button-play-inner\">\n\t\t\t\t<svg version=\"1.1\" xmlns=\"http:\/\/www.w3.org\/2000\/svg\" xmlns:xlink=\"http:\/\/www.w3.org\/1999\/xlink\" x=\"0px\" y=\"0px\"\n\t\t\t\t\t width=\"41.917px\" height=\"45.998px\" viewbox=\"0 0 41.917 45.998\" enable-background=\"new 0 0 41.917 45.998\" xml:space=\"preserve\">\n\t\t\t\t<g>\n\t\t\t\t\t<path fill=\"none\" stroke=\"#FFFFFF\" stroke-width=\"2\" stroke-miterlimit=\"10\" d=\"M3.183,44.579\t\t\t\t\t\tc-0.864,0.474-1.561,0.056-1.561-0.921V2.623c0-0.977,0.697-1.395,1.561-0.921l37.022,20.574c0.864,0.474,0.864,1.255,0,1.729\t\t\t\t\t\tL3.183,44.579z\"\/>\n\t\t\t\t<\/g>\n\t\t\t\t<\/svg>\n\t\t\t<\/span>\n\t\t<\/a>\n\t<\/div><\/div><\/div><\/div><\/div><div class=\"edgtf-row-grid-section-wrapper edgtf-parallax-row-holder edgtf-content-aligment-center\" data-parallax-bg-image=\"https:\/\/manjericaofilmes.com.br\/wp-content\/uploads\/2018\/04\/home-8-parallax-2.jpg\" data-parallax-bg-speed=\"1\" ><div class=\"edgtf-row-grid-section\"><div class=\"vc_row wpb_row vc_row-fluid vc_custom_1525705000684\" ><div class=\"wpb_column vc_column_container vc_col-sm-12\"><div class=\"vc_column-inner\"><div class=\"wpb_wrapper\"><div class=\"edgtf-elements-holder   edgtf-one-column  edgtf-responsive-mode-768\" ><div class=\"edgtf-eh-item\"  data-item-class=\"edgtf-eh-custom-8066\">\n\t<div class=\"edgtf-eh-item-inner\">\n\t\t<div class=\"edgtf-eh-item-content edgtf-eh-custom-8066\" style=\"padding: 0 10% 110px 10%\">\n\t\t\t<div class=\"edgtf-section-title-holder  edgtf-st-standard edgtf-st-title-left edgtf-st-ratio-1-2 edgtf-st-large-space\" >\n\t<div class=\"edgtf-st-inner\">\n\t\t\t\t\t<h2 class=\"edgtf-st-title\" style=\"color: #ffffff\">\n\t\t\t\tTrago Comigo (2016)\t\t\t<\/h2>\n\t\t\t\t\t\t\t<h6 class=\"edgtf-st-text\" style=\"color: #ffffff\">\n\t\t\t\tlonga-metragem\t\t\t<\/h6>\n\t\t\t<\/div>\n<\/div><div class=\"vc_empty_space\"   style=\"height: 12px\"><span class=\"vc_empty_space_inner\"><\/span><\/div>\n\t<div class=\"wpb_text_column wpb_content_element\" >\n\t\t<div class=\"wpb_wrapper\">\n\t\t\t<p><span style=\"font-weight: 400;\">Telmo, ex-preso pol\u00edtico, agora diretor de teatro aposentado, percebe que n\u00e3o se lembra de personagens e epis\u00f3dios importantes de seu passado. Decide montar uma pe\u00e7a e, com farrapos de mem\u00f3ria, o texto vai improvisar com seu elenco jovem. Assim, Telmo mergulha em sua pr\u00f3pria hist\u00f3ria e na hist\u00f3ria do Brasil, envolvendo sua milit\u00e2ncia e posterior pris\u00e3o pela ditadura militar, e acaba por fazer para si e para todos o que \u00e9 t\u00e3o doloroso que ele preferiu esquecer. A elucida\u00e7\u00e3o \u00e9 terr\u00edvel, mas curativa.<\/span><\/p>\n\n\t\t<\/div>\n\t<\/div>\n\t\t<\/div>\n\t<\/div>\n<\/div><\/div><div class=\"vc_row wpb_row vc_inner vc_row-fluid edgtf-content-aligment-center\" ><div class=\"wpb_column vc_column_container vc_col-sm-6 vc_col-lg-3 vc_col-md-6\"><div class=\"vc_column-inner\"><div class=\"wpb_wrapper\"><div class=\"edgtf-elements-holder   edgtf-one-column  edgtf-responsive-mode-768\" ><div class=\"edgtf-eh-item\"  data-item-class=\"edgtf-eh-custom-6293\" data-768-1024=\"0 50px 50px 65px\" data-680-768=\"0 5px 50px 5px\" data-680=\"0 5px 50px 5px\">\n\t<div class=\"edgtf-eh-item-inner\">\n\t\t<div class=\"edgtf-eh-item-content edgtf-eh-custom-6293\" >\n\t\t\t<div class=\"edgtf-image-with-text-holder\">\n    <div class=\"edgtf-iwt-image\">\n                                                                    <\/div>\n    <div class=\"edgtf-iwt-text-holder\">\n                    <h5 class=\"edgtf-iwt-title\" style=\"color: #ffffff;margin-top: 40px\">Produ\u00e7\u00e3o<\/h5>\n        \t\t            <p class=\"edgtf-iwt-text\" style=\"color: #999999;margin-top: -2px\">Tangerina Entretenimento<\/p>\n            <\/div>\n<\/div>\t\t<\/div>\n\t<\/div>\n<\/div><\/div><\/div><\/div><\/div><div class=\"wpb_column vc_column_container vc_col-sm-6 vc_col-lg-3 vc_col-md-6\"><div class=\"vc_column-inner\"><div class=\"wpb_wrapper\"><div class=\"edgtf-elements-holder   edgtf-one-column  edgtf-responsive-mode-768\" ><div class=\"edgtf-eh-item\"  data-item-class=\"edgtf-eh-custom-8527\" data-768-1024=\"0 50px 50px 65px\" data-680-768=\"0 5px 50px 5px\" data-680=\"0 5px 50px 5px\">\n\t<div class=\"edgtf-eh-item-inner\">\n\t\t<div class=\"edgtf-eh-item-content edgtf-eh-custom-8527\" >\n\t\t\t<div class=\"edgtf-image-with-text-holder\">\n    <div class=\"edgtf-iwt-image\">\n                                                                    <\/div>\n    <div class=\"edgtf-iwt-text-holder\">\n                    <h5 class=\"edgtf-iwt-title\" style=\"color: #ffffff;margin-top: 40px\">Coprodu\u00e7\u00e3o<\/h5>\n        \t\t            <p class=\"edgtf-iwt-text\" style=\"color: #999999;margin-top: -2px\">Manjeric\u00e3o Filmes, Primo Filmes e DOT<\/p>\n            <\/div>\n<\/div>\t\t<\/div>\n\t<\/div>\n<\/div><\/div><\/div><\/div><\/div><div class=\"wpb_column vc_column_container vc_col-sm-6 vc_col-lg-3 vc_col-md-6\"><div class=\"vc_column-inner\"><div class=\"wpb_wrapper\"><div class=\"edgtf-elements-holder   edgtf-one-column  edgtf-responsive-mode-768\" ><div class=\"edgtf-eh-item\"  data-item-class=\"edgtf-eh-custom-8180\" data-768-1024=\"0 50px 50px 65px\" data-680-768=\"0 5px 50px 5px\" data-680=\"0 5px 50px 5px\">\n\t<div class=\"edgtf-eh-item-inner\">\n\t\t<div class=\"edgtf-eh-item-content edgtf-eh-custom-8180\" >\n\t\t\t<div class=\"edgtf-image-with-text-holder\">\n    <div class=\"edgtf-iwt-image\">\n                                                                    <\/div>\n    <div class=\"edgtf-iwt-text-holder\">\n                    <h5 class=\"edgtf-iwt-title\" style=\"color: #ffffff;margin-top: 40px\">Dire\u00e7\u00e3o<\/h5>\n        \t\t            <p class=\"edgtf-iwt-text\" style=\"color: #999999;margin-top: -2px\">Tata Amaral<\/p>\n            <\/div>\n<\/div>\t\t<\/div>\n\t<\/div>\n<\/div><\/div><\/div><\/div><\/div><div class=\"wpb_column vc_column_container vc_col-sm-6 vc_col-lg-3 vc_col-md-6\"><div class=\"vc_column-inner\"><div class=\"wpb_wrapper\"><div class=\"edgtf-elements-holder   edgtf-one-column  edgtf-responsive-mode-768\" ><div class=\"edgtf-eh-item\"  data-item-class=\"edgtf-eh-custom-3378\" data-768-1024=\"0 50px 50px 65px\" data-680-768=\"0 5px 50px 5px\" data-680=\"0 5px 50px 5px\">\n\t<div class=\"edgtf-eh-item-inner\">\n\t\t<div class=\"edgtf-eh-item-content edgtf-eh-custom-3378\" >\n\t\t\t<div class=\"edgtf-image-with-text-holder\">\n    <div class=\"edgtf-iwt-image\">\n                                                                    <\/div>\n    <div class=\"edgtf-iwt-text-holder\">\n                    <h5 class=\"edgtf-iwt-title\" style=\"color: #ffffff;margin-top: 40px\">Roteiro<\/h5>\n        \t\t            <p class=\"edgtf-iwt-text\" style=\"color: #999999;margin-top: -2px\">Thiago Dottori e Willem Dias<\/p>\n            <\/div>\n<\/div>\t\t<\/div>\n\t<\/div>\n<\/div><\/div><\/div><\/div><\/div><\/div><\/div><\/div><\/div><\/div><\/div><\/div><div class=\"vc_row wpb_row vc_row-fluid\" style=\"background-color:#000000\"><div class=\"wpb_column vc_column_container vc_col-sm-12\"><div class=\"vc_column-inner\"><div class=\"wpb_wrapper\"><div class=\"edgtf-image-gallery  edgtf-ig-grid-type edgtf-no-space  edgtf-image-behavior-lightbox\">\n\t<div class=\"edgtf-ig-inner edgtf-outer-space edgtf-ig-grid edgtf-ig-three-columns\">\n\t\t\t\t\t<div class=\"edgtf-ig-image edgtf-item-space\">\n\t\t\t\t<div class=\"edgtf-ig-image-inner\">\n\t\t\t\t\t\t\t\t\t\t\t<a itemprop=\"image\" class=\"edgtf-ig-lightbox\" href=\"https:\/\/manjericaofilmes.com.br\/wp-content\/uploads\/2019\/05\/filme_trago_comigo_4.jpg\" data-rel=\"prettyPhoto[image_gallery_pretty_photo-194]\" title=\"filme_trago_comigo_4\">\n\t\t\t\t\t\t\t\t\t\t\t<img loading=\"lazy\" decoding=\"async\" width=\"1100\" height=\"618\" src=\"https:\/\/manjericaofilmes.com.br\/wp-content\/uploads\/2019\/05\/filme_trago_comigo_4.jpg\" class=\"attachment-full size-full\" alt=\"\" srcset=\"https:\/\/manjericaofilmes.com.br\/wp-content\/uploads\/2019\/05\/filme_trago_comigo_4.jpg 1100w, https:\/\/manjericaofilmes.com.br\/wp-content\/uploads\/2019\/05\/filme_trago_comigo_4-600x337.jpg 600w, https:\/\/manjericaofilmes.com.br\/wp-content\/uploads\/2019\/05\/filme_trago_comigo_4-300x169.jpg 300w, https:\/\/manjericaofilmes.com.br\/wp-content\/uploads\/2019\/05\/filme_trago_comigo_4-768x431.jpg 768w, https:\/\/manjericaofilmes.com.br\/wp-content\/uploads\/2019\/05\/filme_trago_comigo_4-1024x575.jpg 1024w, https:\/\/manjericaofilmes.com.br\/wp-content\/uploads\/2019\/05\/filme_trago_comigo_4-1080x607.jpg 1080w\" sizes=\"auto, (max-width: 1100px) 100vw, 1100px\" \/>\t\t\t\t\t\t\t\t\t\t\t\t\t\t\t\t\t<\/a>\n\t\t\t\t\t\t\t\t\t<\/div>\n\t\t\t<\/div>\n\t\t\t\t\t<div class=\"edgtf-ig-image edgtf-item-space\">\n\t\t\t\t<div class=\"edgtf-ig-image-inner\">\n\t\t\t\t\t\t\t\t\t\t\t<a itemprop=\"image\" class=\"edgtf-ig-lightbox\" href=\"https:\/\/manjericaofilmes.com.br\/wp-content\/uploads\/2019\/05\/filme_trago_comigo_3.png\" data-rel=\"prettyPhoto[image_gallery_pretty_photo-194]\" title=\"filme_trago_comigo_3\">\n\t\t\t\t\t\t\t\t\t\t\t<img loading=\"lazy\" decoding=\"async\" width=\"1100\" height=\"618\" src=\"https:\/\/manjericaofilmes.com.br\/wp-content\/uploads\/2019\/05\/filme_trago_comigo_3.png\" class=\"attachment-full size-full\" alt=\"\" srcset=\"https:\/\/manjericaofilmes.com.br\/wp-content\/uploads\/2019\/05\/filme_trago_comigo_3.png 1100w, https:\/\/manjericaofilmes.com.br\/wp-content\/uploads\/2019\/05\/filme_trago_comigo_3-600x337.png 600w, https:\/\/manjericaofilmes.com.br\/wp-content\/uploads\/2019\/05\/filme_trago_comigo_3-300x169.png 300w, https:\/\/manjericaofilmes.com.br\/wp-content\/uploads\/2019\/05\/filme_trago_comigo_3-768x431.png 768w, https:\/\/manjericaofilmes.com.br\/wp-content\/uploads\/2019\/05\/filme_trago_comigo_3-1024x575.png 1024w, https:\/\/manjericaofilmes.com.br\/wp-content\/uploads\/2019\/05\/filme_trago_comigo_3-1080x607.png 1080w\" sizes=\"auto, (max-width: 1100px) 100vw, 1100px\" \/>\t\t\t\t\t\t\t\t\t\t\t\t\t\t\t\t\t<\/a>\n\t\t\t\t\t\t\t\t\t<\/div>\n\t\t\t<\/div>\n\t\t\t\t\t<div class=\"edgtf-ig-image edgtf-item-space\">\n\t\t\t\t<div class=\"edgtf-ig-image-inner\">\n\t\t\t\t\t\t\t\t\t\t\t<a itemprop=\"image\" class=\"edgtf-ig-lightbox\" href=\"https:\/\/manjericaofilmes.com.br\/wp-content\/uploads\/2019\/05\/filme_trago_comigo_4.png\" data-rel=\"prettyPhoto[image_gallery_pretty_photo-194]\" title=\"filme_trago_comigo_4\">\n\t\t\t\t\t\t\t\t\t\t\t<img loading=\"lazy\" decoding=\"async\" width=\"1100\" height=\"618\" src=\"https:\/\/manjericaofilmes.com.br\/wp-content\/uploads\/2019\/05\/filme_trago_comigo_4.png\" class=\"attachment-full size-full\" alt=\"\" srcset=\"https:\/\/manjericaofilmes.com.br\/wp-content\/uploads\/2019\/05\/filme_trago_comigo_4.png 1100w, https:\/\/manjericaofilmes.com.br\/wp-content\/uploads\/2019\/05\/filme_trago_comigo_4-600x337.png 600w, https:\/\/manjericaofilmes.com.br\/wp-content\/uploads\/2019\/05\/filme_trago_comigo_4-300x169.png 300w, https:\/\/manjericaofilmes.com.br\/wp-content\/uploads\/2019\/05\/filme_trago_comigo_4-768x431.png 768w, https:\/\/manjericaofilmes.com.br\/wp-content\/uploads\/2019\/05\/filme_trago_comigo_4-1024x575.png 1024w, https:\/\/manjericaofilmes.com.br\/wp-content\/uploads\/2019\/05\/filme_trago_comigo_4-1080x607.png 1080w\" sizes=\"auto, (max-width: 1100px) 100vw, 1100px\" \/>\t\t\t\t\t\t\t\t\t\t\t\t\t\t\t\t\t<\/a>\n\t\t\t\t\t\t\t\t\t<\/div>\n\t\t\t<\/div>\n\t\t\t<\/div>\n<\/div><\/div><\/div><\/div><\/div><div class=\"vc_row wpb_row vc_row-fluid\" ><div class=\"wpb_column vc_column_container vc_col-sm-12\"><div class=\"vc_column-inner\"><div class=\"wpb_wrapper\"><div class=\"edgtf-elements-holder   edgtf-one-column  edgtf-responsive-mode-768 edgtf-one-column-alignment-center\" ><div class=\"edgtf-eh-item   edgtf-horizontal-alignment-center\"  data-item-class=\"edgtf-eh-custom-9545\">\n\t<div class=\"edgtf-eh-item-inner\">\n\t\t<div class=\"edgtf-eh-item-content edgtf-eh-custom-9545\" style=\"padding: 0 5% 0 6%\">\n\t\t\t<div class=\"edgtf-tabs  edgtf-tabs-simple\">\n\t<ul class=\"edgtf-tabs-nav clearfix\">\n\t\t\t\t\t<li>\n\t\t\t\t\t\t\t\t\t<a href=\"#tab-equipe\">EQUIPE<\/a>\n\t\t\t\t\t\t\t<\/li>\n\t\t\t\t\t<li>\n\t\t\t\t\t\t\t\t\t<a href=\"#tab-elenco\">ELENCO<\/a>\n\t\t\t\t\t\t\t<\/li>\n\t\t\t\t\t<li>\n\t\t\t\t\t\t\t\t\t<a href=\"#tab-informacoes-tecnicas\">INFORMA\u00c7\u00d5ES T\u00c9CNICAS<\/a>\n\t\t\t\t\t\t\t<\/li>\n\t\t\t\t\t<li>\n\t\t\t\t\t\t\t\t\t<a href=\"#tab-premios\">PR\u00caMIOS<\/a>\n\t\t\t\t\t\t\t<\/li>\n\t\t\t<\/ul>\n\t<div class=\"edgtf-tab-container\" id=\"tab-equipe-107\">\n\t<div class=\"wpb_text_column wpb_content_element\" >\n\t\t<div class=\"wpb_wrapper\">\n\t\t\t<p style=\"text-align: left;\"><span style=\"font-weight: 400;\"><strong>Uma hist\u00f3ria de: <\/strong>Matias Mariani, Thiago Dottori, Tata Amaral<\/span><\/p>\n<p style=\"text-align: left;\"><span style=\"font-weight: 400;\"><strong>Produ\u00e7\u00e3o:<\/strong> Matias Mariani, Tata Amaral, Caru Alves De Souza e Rafaella Costa<\/span><\/p>\n<p style=\"text-align: left;\"><span style=\"font-weight: 400;\"><strong>Produ\u00e7\u00e3o Executiva: <\/strong><\/span><span style=\"font-weight: 400;\">Matias Mariani e Rafaella Costa<\/span><\/p>\n<p style=\"text-align: left;\"><span style=\"font-weight: 400;\"><strong>Dire\u00e7\u00e3o de Fotografia:<\/strong> Jacob Solitrenick, ABC<\/span><\/p>\n<p style=\"text-align: left;\"><span style=\"font-weight: 400;\"><strong>Montagem:<\/strong> Willem Dias, AMC<\/span><\/p>\n<p style=\"text-align: left;\"><span style=\"font-weight: 400;\"><strong>Dire\u00e7\u00e3o de Arte:<\/strong> J.C. Serroni<\/span><\/p>\n<p style=\"text-align: left;\"><span style=\"font-weight: 400;\"><strong>M\u00fasica:<\/strong> Bruno Serroni e Habacuque Lima<\/span><\/p>\n<p style=\"text-align: left;\"><span style=\"font-weight: 400;\"><strong>Dire\u00e7\u00e3o de Som:<\/strong> Jo\u00e3o Godoy<\/span><\/p>\n<p style=\"text-align: left;\"><span style=\"font-weight: 400;\"><strong>Desenho de Som:<\/strong> Pedro Noizyman e Kira Pereira<\/span><\/p>\n<p style=\"text-align: left;\"><span style=\"font-weight: 400;\"><strong>Produ\u00e7\u00e3o de Elenco:<\/strong> Patr\u00edcia Faria<\/span><\/p>\n<p style=\"text-align: left;\"><span style=\"font-weight: 400;\"><strong>Dire\u00e7\u00e3o de Produ\u00e7\u00e3o:<\/strong> Rafaella Costa<\/span><\/p>\n\n\t\t<\/div>\n\t<\/div>\n<\/div><div class=\"edgtf-tab-container\" id=\"tab-elenco-724\">\n\t<div class=\"wpb_text_column wpb_content_element\" >\n\t\t<div class=\"wpb_wrapper\">\n\t\t\t<p style=\"text-align: left;\"><span style=\"font-weight: 400;\"><strong>Carlos Alberto Riccelli<\/strong> \u2013 Telmo<\/span><\/p>\n<p style=\"text-align: left;\"><span style=\"font-weight: 400;\"><strong>Em\u00edlio Di Biasi<\/strong> \u2013 Lopes<\/span><\/p>\n<p style=\"text-align: left;\"><span style=\"font-weight: 400;\"><strong>Felipe Rocha<\/strong> \u2013 Miguel<\/span><\/p>\n<p style=\"text-align: left;\"><span style=\"font-weight: 400;\"><strong>Georgina Castro<\/strong> \u2013 M\u00f4nica<\/span><\/p>\n<p style=\"text-align: left;\"><span style=\"font-weight: 400;\"><strong>Selma Egrei<\/strong> \u2013 Madalena<\/span><\/p>\n<p style=\"text-align: left;\"><span style=\"font-weight: 400;\"><strong>Julio Machado<\/strong> \u2013 Marcelo<\/span><\/p>\n<p style=\"text-align: left;\"><span style=\"font-weight: 400;\"><strong>Maria Helena Chira<\/strong> \u2013 J\u00falia<\/span><\/p>\n<p style=\"text-align: left;\"><span style=\"font-weight: 400;\"><strong>Pedro Lemos<\/strong> \u2013 F\u00e1bio<\/span><\/p>\n<p style=\"text-align: left;\"><span style=\"font-weight: 400;\"><strong>Paula Pretta<\/strong> \u2013 Nina<\/span><\/p>\n<p style=\"text-align: left;\"><span style=\"font-weight: 400;\"><strong>Gustavo Brand\u00e3o<\/strong> \u2013 Bet\u00e3o<\/span><\/p>\n\n\t\t<\/div>\n\t<\/div>\n<\/div><div class=\"edgtf-tab-container\" id=\"tab-informacoes-tecnicas-635\">\n\t<div class=\"wpb_text_column wpb_content_element\" >\n\t\t<div class=\"wpb_wrapper\">\n\t\t\t<p style=\"text-align: left;\"><b>G\u00eanero<\/b><\/p>\n<p style=\"text-align: left;\"><span style=\"font-weight: 400;\">Fic\u00e7\u00e3o \/ Drama<\/span><\/p>\n<p style=\"text-align: left;\"><b>Pa\u00eds de produ\u00e7\u00e3o<\/b><\/p>\n<p style=\"text-align: left;\"><span style=\"font-weight: 400;\">Brasil<\/span><span style=\"font-weight: 400;\">\u00a0<\/span><\/p>\n<p style=\"text-align: left;\"><b>Idioma<\/b><\/p>\n<p style=\"text-align: left;\"><span style=\"font-weight: 400;\">Portugu\u00eas<\/span><\/p>\n<p style=\"text-align: left;\"><b>Ano de produ\u00e7\u00e3o<\/b><\/p>\n<p style=\"text-align: left;\"><span style=\"font-weight: 400;\">2013<\/span><\/p>\n<p style=\"text-align: left;\"><b>Dura\u00e7\u00e3o<\/b><\/p>\n<p style=\"text-align: left;\"><span style=\"font-weight: 400;\">84 minutos<\/span><\/p>\n<p style=\"text-align: left;\"><b>Distribui\u00e7\u00e3o<\/b><\/p>\n<p style=\"text-align: left;\"><span style=\"font-weight: 400;\">Pandora Filmes<\/span><\/p>\n\n\t\t<\/div>\n\t<\/div>\n<\/div><div class=\"edgtf-tab-container\" id=\"tab-premios-782\">\n\t<div class=\"wpb_text_column wpb_content_element\" >\n\t\t<div class=\"wpb_wrapper\">\n\t\t\t<p style=\"text-align: left;\"><b>Estreia mundial<\/b><\/p>\n<p style=\"text-align: left;\"><span style=\"font-weight: 400;\">36\u00ba Festival del Nuevo Cinema Latino-Americano de Havana \u2013 Sele\u00e7\u00e3o Oficial \u2013 2014<\/span><\/p>\n<p style=\"text-align: left;\"><b>Festivais e Pr\u00eamios<\/b><\/p>\n<ul style=\"text-align: center;\">\n<li style=\"font-weight: 400; text-align: left;\" aria-level=\"1\"><span style=\"font-weight: 400;\">36\u00ba Festival del Nuevo Cinema Latino-Americano de Havana \u2013 Indicado como Melhor Filme \u2013 2014<\/span><\/li>\n<li style=\"font-weight: 400; text-align: left;\" aria-level=\"1\"><span style=\"font-weight: 400;\">Festival Internacional de Cinema em Guadalajara 2014 &#8211; Guadalajara Construye 8<\/span><\/li>\n<li style=\"font-weight: 400; text-align: left;\" aria-level=\"1\"><span style=\"font-weight: 400;\">10\u00ba Festival Internacional de Cinema Latino Americano de S\u00e3o Paulo \u2013 Melhor Filme pelo J\u00fari Popular \u2013 2015<\/span><\/li>\n<li style=\"font-weight: 400; text-align: left;\" aria-level=\"1\"><span style=\"font-weight: 400;\">10\u00ba Festival Internacional de Cinema e Direitos Humanos de Sucre (Bol\u00edvia) \u2013 Pre\u0302mio Pukan\u0303awi de Melhor Filme \u2013 2015<\/span><\/li>\n<\/ul>\n\n\t\t<\/div>\n\t<\/div>\n<\/div><\/div>\t\t<\/div>\n\t<\/div>\n<\/div><\/div><\/div><\/div><\/div><\/div>\n<\/div>","protected":false},"excerpt":{"rendered":"Trago Comigo (2016) longa-metragem Telmo, ex-preso pol\u00edtico, agora diretor de teatro aposentado, percebe que n\u00e3o se lembra [...]","protected":false},"author":1,"featured_media":0,"parent":0,"menu_order":0,"comment_status":"closed","ping_status":"closed","template":"full-width.php","meta":{"footnotes":""},"class_list":["post-4046","page","type-page","status-publish","hentry"],"_links":{"self":[{"href":"https:\/\/manjericaofilmes.com.br\/en\/wp-json\/wp\/v2\/pages\/4046","targetHints":{"allow":["GET"]}}],"collection":[{"href":"https:\/\/manjericaofilmes.com.br\/en\/wp-json\/wp\/v2\/pages"}],"about":[{"href":"https:\/\/manjericaofilmes.com.br\/en\/wp-json\/wp\/v2\/types\/page"}],"author":[{"embeddable":true,"href":"https:\/\/manjericaofilmes.com.br\/en\/wp-json\/wp\/v2\/users\/1"}],"replies":[{"embeddable":true,"href":"https:\/\/manjericaofilmes.com.br\/en\/wp-json\/wp\/v2\/comments?post=4046"}],"version-history":[{"count":7,"href":"https:\/\/manjericaofilmes.com.br\/en\/wp-json\/wp\/v2\/pages\/4046\/revisions"}],"predecessor-version":[{"id":4681,"href":"https:\/\/manjericaofilmes.com.br\/en\/wp-json\/wp\/v2\/pages\/4046\/revisions\/4681"}],"wp:attachment":[{"href":"https:\/\/manjericaofilmes.com.br\/en\/wp-json\/wp\/v2\/media?parent=4046"}],"curies":[{"name":"wp","href":"https:\/\/api.w.org\/{rel}","templated":true}]}}