{"id":4048,"date":"2023-05-17T01:46:29","date_gmt":"2023-05-17T01:46:29","guid":{"rendered":"https:\/\/manjericaofilmes.com.br\/?page_id=4048"},"modified":"2024-02-16T11:16:37","modified_gmt":"2024-02-16T11:16:37","slug":"sequestro-relampago","status":"publish","type":"page","link":"https:\/\/manjericaofilmes.com.br\/en\/sequestro-relampago\/","title":{"rendered":"Sequestro Rel\u00e2mpago"},"content":{"rendered":"<div class=\"wpb-content-wrapper\"><div class=\"vc_row wpb_row vc_row-fluid\" ><div class=\"wpb_column vc_column_container vc_col-sm-12\"><div class=\"vc_column-inner\"><div class=\"wpb_wrapper\"><div class=\"edgtf-video-button-holder  edgtf-vb-has-img\">\n\t<div class=\"edgtf-video-button-image\">\n\t\t<img loading=\"lazy\" decoding=\"async\" width=\"2560\" height=\"1707\" src=\"https:\/\/manjericaofilmes.com.br\/wp-content\/uploads\/2023\/05\/2-scaled.jpg\" class=\"attachment-full size-full\" alt=\"\" srcset=\"https:\/\/manjericaofilmes.com.br\/wp-content\/uploads\/2023\/05\/2-scaled.jpg 2560w, https:\/\/manjericaofilmes.com.br\/wp-content\/uploads\/2023\/05\/2-300x200.jpg 300w, https:\/\/manjericaofilmes.com.br\/wp-content\/uploads\/2023\/05\/2-1024x683.jpg 1024w, https:\/\/manjericaofilmes.com.br\/wp-content\/uploads\/2023\/05\/2-768x512.jpg 768w, https:\/\/manjericaofilmes.com.br\/wp-content\/uploads\/2023\/05\/2-1536x1024.jpg 1536w, https:\/\/manjericaofilmes.com.br\/wp-content\/uploads\/2023\/05\/2-600x400.jpg 600w\" sizes=\"auto, (max-width: 2560px) 100vw, 2560px\" \/>\t<\/div>\n\t\t\t<a class=\"edgtf-video-button-play\" href=\"https:\/\/vimeo.com\/326377597\" data-rel=\"prettyPhoto[video_button_pretty_photo_862]\">\n\t\t\t<span class=\"edgtf-video-button-play-inner\">\n\t\t\t\t<svg version=\"1.1\" xmlns=\"http:\/\/www.w3.org\/2000\/svg\" xmlns:xlink=\"http:\/\/www.w3.org\/1999\/xlink\" x=\"0px\" y=\"0px\"\n\t\t\t\t\t width=\"41.917px\" height=\"45.998px\" viewbox=\"0 0 41.917 45.998\" enable-background=\"new 0 0 41.917 45.998\" xml:space=\"preserve\">\n\t\t\t\t<g>\n\t\t\t\t\t<path fill=\"none\" stroke=\"#FFFFFF\" stroke-width=\"2\" stroke-miterlimit=\"10\" d=\"M3.183,44.579\t\t\t\t\t\tc-0.864,0.474-1.561,0.056-1.561-0.921V2.623c0-0.977,0.697-1.395,1.561-0.921l37.022,20.574c0.864,0.474,0.864,1.255,0,1.729\t\t\t\t\t\tL3.183,44.579z\"\/>\n\t\t\t\t<\/g>\n\t\t\t\t<\/svg>\n\t\t\t<\/span>\n\t\t<\/a>\n\t<\/div><\/div><\/div><\/div><\/div><div class=\"edgtf-row-grid-section-wrapper edgtf-parallax-row-holder edgtf-content-aligment-center\" data-parallax-bg-image=\"https:\/\/manjericaofilmes.com.br\/wp-content\/uploads\/2018\/04\/home-8-parallax-2.jpg\" data-parallax-bg-speed=\"1\" ><div class=\"edgtf-row-grid-section\"><div class=\"vc_row wpb_row vc_row-fluid vc_custom_1525705000684\" ><div class=\"wpb_column vc_column_container vc_col-sm-12\"><div class=\"vc_column-inner\"><div class=\"wpb_wrapper\"><div class=\"edgtf-elements-holder   edgtf-one-column  edgtf-responsive-mode-768\" ><div class=\"edgtf-eh-item\"  data-item-class=\"edgtf-eh-custom-5683\">\n\t<div class=\"edgtf-eh-item-inner\">\n\t\t<div class=\"edgtf-eh-item-content edgtf-eh-custom-5683\" style=\"padding: 0 10% 110px 10%\">\n\t\t\t<div class=\"edgtf-section-title-holder  edgtf-st-standard edgtf-st-title-left edgtf-st-ratio-1-2 edgtf-st-large-space\" >\n\t<div class=\"edgtf-st-inner\">\n\t\t\t\t\t<h2 class=\"edgtf-st-title\" style=\"color: #ffffff\">\n\t\t\t\tSequestro Rel\u00e2mpago (2018)\t\t\t<\/h2>\n\t\t\t\t\t\t\t<h6 class=\"edgtf-st-text\" style=\"color: #ffffff\">\n\t\t\t\tlonga-metragem\t\t\t<\/h6>\n\t\t\t<\/div>\n<\/div><div class=\"vc_empty_space\"   style=\"height: 12px\"><span class=\"vc_empty_space_inner\"><\/span><\/div>\n\t<div class=\"wpb_text_column wpb_content_element\" >\n\t\t<div class=\"wpb_wrapper\">\n\t\t\t<p><span style=\"font-weight: 400;\">S\u00e3o Paulo. Isabel (25) \u00e9 v\u00edtima de um sequestro rel\u00e2mpago. O primeiro caixa que os sequestradores a levam para retirar dinheiro est\u00e1 quebrado. S\u00e3o quase 22:00 e eles percebem que n\u00e3o conseguir\u00e3o chegar ao pr\u00f3ximo em tempo. O que seria um sequestro rel\u00e2mpago acaba se tornando em um aprisionamento por toda a noite.<\/span><\/p>\n\n\t\t<\/div>\n\t<\/div>\n\t\t<\/div>\n\t<\/div>\n<\/div><\/div><div class=\"vc_row wpb_row vc_inner vc_row-fluid edgtf-content-aligment-center\" ><div class=\"wpb_column vc_column_container vc_col-sm-6 vc_col-lg-3 vc_col-md-6\"><div class=\"vc_column-inner\"><div class=\"wpb_wrapper\"><div class=\"edgtf-elements-holder   edgtf-one-column  edgtf-responsive-mode-768\" ><div class=\"edgtf-eh-item\"  data-item-class=\"edgtf-eh-custom-7581\" data-768-1024=\"0 50px 50px 65px\" data-680-768=\"0 5px 50px 5px\" data-680=\"0 5px 50px 5px\">\n\t<div class=\"edgtf-eh-item-inner\">\n\t\t<div class=\"edgtf-eh-item-content edgtf-eh-custom-7581\" >\n\t\t\t<div class=\"edgtf-image-with-text-holder\">\n    <div class=\"edgtf-iwt-image\">\n                                                                    <\/div>\n    <div class=\"edgtf-iwt-text-holder\">\n                    <h5 class=\"edgtf-iwt-title\" style=\"color: #ffffff;margin-top: 40px\">Produ\u00e7\u00e3o<\/h5>\n        \t\t            <p class=\"edgtf-iwt-text\" style=\"color: #999999;margin-top: -2px\">Tangerina Entretenimento e Manjeric\u00e3o Filmes<\/p>\n            <\/div>\n<\/div>\t\t<\/div>\n\t<\/div>\n<\/div><\/div><\/div><\/div><\/div><div class=\"wpb_column vc_column_container vc_col-sm-6 vc_col-lg-3 vc_col-md-6\"><div class=\"vc_column-inner\"><div class=\"wpb_wrapper\"><div class=\"edgtf-elements-holder   edgtf-one-column  edgtf-responsive-mode-768\" ><div class=\"edgtf-eh-item\"  data-item-class=\"edgtf-eh-custom-4793\" data-768-1024=\"0 50px 50px 65px\" data-680-768=\"0 5px 50px 5px\" data-680=\"0 5px 50px 5px\">\n\t<div class=\"edgtf-eh-item-inner\">\n\t\t<div class=\"edgtf-eh-item-content edgtf-eh-custom-4793\" >\n\t\t\t<div class=\"edgtf-image-with-text-holder\">\n    <div class=\"edgtf-iwt-image\">\n                                                                    <\/div>\n    <div class=\"edgtf-iwt-text-holder\">\n                    <h5 class=\"edgtf-iwt-title\" style=\"color: #ffffff;margin-top: 40px\">Coprodu\u00e7\u00e3o<\/h5>\n        \t\t            <p class=\"edgtf-iwt-text\" style=\"color: #999999;margin-top: -2px\">Globo Filmes<\/p>\n            <\/div>\n<\/div>\t\t<\/div>\n\t<\/div>\n<\/div><\/div><\/div><\/div><\/div><div class=\"wpb_column vc_column_container vc_col-sm-6 vc_col-lg-3 vc_col-md-6\"><div class=\"vc_column-inner\"><div class=\"wpb_wrapper\"><div class=\"edgtf-elements-holder   edgtf-one-column  edgtf-responsive-mode-768\" ><div class=\"edgtf-eh-item\"  data-item-class=\"edgtf-eh-custom-5971\" data-768-1024=\"0 50px 50px 65px\" data-680-768=\"0 5px 50px 5px\" data-680=\"0 5px 50px 5px\">\n\t<div class=\"edgtf-eh-item-inner\">\n\t\t<div class=\"edgtf-eh-item-content edgtf-eh-custom-5971\" >\n\t\t\t<div class=\"edgtf-image-with-text-holder\">\n    <div class=\"edgtf-iwt-image\">\n                                                                    <\/div>\n    <div class=\"edgtf-iwt-text-holder\">\n                    <h5 class=\"edgtf-iwt-title\" style=\"color: #ffffff;margin-top: 40px\">Dire\u00e7\u00e3o<\/h5>\n        \t\t            <p class=\"edgtf-iwt-text\" style=\"color: #999999;margin-top: -2px\">Tata Amaral<\/p>\n            <\/div>\n<\/div>\t\t<\/div>\n\t<\/div>\n<\/div><\/div><\/div><\/div><\/div><div class=\"wpb_column vc_column_container vc_col-sm-6 vc_col-lg-3 vc_col-md-6\"><div class=\"vc_column-inner\"><div class=\"wpb_wrapper\"><div class=\"edgtf-elements-holder   edgtf-one-column  edgtf-responsive-mode-768\" ><div class=\"edgtf-eh-item\"  data-item-class=\"edgtf-eh-custom-1684\" data-768-1024=\"0 50px 50px 65px\" data-680-768=\"0 5px 50px 5px\" data-680=\"0 5px 50px 5px\">\n\t<div class=\"edgtf-eh-item-inner\">\n\t\t<div class=\"edgtf-eh-item-content edgtf-eh-custom-1684\" >\n\t\t\t<div class=\"edgtf-image-with-text-holder\">\n    <div class=\"edgtf-iwt-image\">\n                                                                    <\/div>\n    <div class=\"edgtf-iwt-text-holder\">\n                    <h5 class=\"edgtf-iwt-title\" style=\"color: #ffffff;margin-top: 40px\">Roteiro<\/h5>\n        \t\t            <p class=\"edgtf-iwt-text\" style=\"color: #999999;margin-top: -2px\">Tata Amaral, Marton Olympio e Henrique Pinto<\/p>\n            <\/div>\n<\/div>\t\t<\/div>\n\t<\/div>\n<\/div><\/div><\/div><\/div><\/div><\/div><\/div><\/div><\/div><\/div><\/div><\/div><div class=\"vc_row wpb_row vc_row-fluid\" style=\"background-color:#000000\"><div class=\"wpb_column vc_column_container vc_col-sm-12\"><div class=\"vc_column-inner\"><div class=\"wpb_wrapper\"><div class=\"edgtf-image-gallery  edgtf-ig-grid-type edgtf-no-space  edgtf-image-behavior-lightbox\">\n\t<div class=\"edgtf-ig-inner edgtf-outer-space edgtf-ig-grid edgtf-ig-three-columns\">\n\t\t\t\t\t<div class=\"edgtf-ig-image edgtf-item-space\">\n\t\t\t\t<div class=\"edgtf-ig-image-inner\">\n\t\t\t\t\t\t\t\t\t\t\t<a itemprop=\"image\" class=\"edgtf-ig-lightbox\" href=\"https:\/\/manjericaofilmes.com.br\/wp-content\/uploads\/2023\/05\/Sequestro-relampago_destaque2.jpg\" data-rel=\"prettyPhoto[image_gallery_pretty_photo-1000]\" title=\"Sequestro-relampago_destaque2\">\n\t\t\t\t\t\t\t\t\t\t\t<img loading=\"lazy\" decoding=\"async\" width=\"1200\" height=\"675\" src=\"https:\/\/manjericaofilmes.com.br\/wp-content\/uploads\/2023\/05\/Sequestro-relampago_destaque2.jpg\" class=\"attachment-full size-full\" alt=\"\" srcset=\"https:\/\/manjericaofilmes.com.br\/wp-content\/uploads\/2023\/05\/Sequestro-relampago_destaque2.jpg 1200w, https:\/\/manjericaofilmes.com.br\/wp-content\/uploads\/2023\/05\/Sequestro-relampago_destaque2-300x169.jpg 300w, https:\/\/manjericaofilmes.com.br\/wp-content\/uploads\/2023\/05\/Sequestro-relampago_destaque2-1024x576.jpg 1024w, https:\/\/manjericaofilmes.com.br\/wp-content\/uploads\/2023\/05\/Sequestro-relampago_destaque2-768x432.jpg 768w, https:\/\/manjericaofilmes.com.br\/wp-content\/uploads\/2023\/05\/Sequestro-relampago_destaque2-600x338.jpg 600w\" sizes=\"auto, (max-width: 1200px) 100vw, 1200px\" \/>\t\t\t\t\t\t\t\t\t\t\t\t\t\t\t\t\t<\/a>\n\t\t\t\t\t\t\t\t\t<\/div>\n\t\t\t<\/div>\n\t\t\t\t\t<div class=\"edgtf-ig-image edgtf-item-space\">\n\t\t\t\t<div class=\"edgtf-ig-image-inner\">\n\t\t\t\t\t\t\t\t\t\t\t<a itemprop=\"image\" class=\"edgtf-ig-lightbox\" href=\"https:\/\/manjericaofilmes.com.br\/wp-content\/uploads\/2023\/05\/MV5BNGYyMGM5NTAtMjgzMi00ZjEwLTgwNzMtYzZjYTcyYTI2OWNhXkEyXkFqcGdeQXVyNjA3Mzg4NTA@._V1_.jpg\" data-rel=\"prettyPhoto[image_gallery_pretty_photo-1000]\" title=\"MV5BNGYyMGM5NTAtMjgzMi00ZjEwLTgwNzMtYzZjYTcyYTI2OWNhXkEyXkFqcGdeQXVyNjA3Mzg4NTA@._V1_\">\n\t\t\t\t\t\t\t\t\t\t\t<img loading=\"lazy\" decoding=\"async\" width=\"1280\" height=\"720\" src=\"https:\/\/manjericaofilmes.com.br\/wp-content\/uploads\/2023\/05\/MV5BNGYyMGM5NTAtMjgzMi00ZjEwLTgwNzMtYzZjYTcyYTI2OWNhXkEyXkFqcGdeQXVyNjA3Mzg4NTA@._V1_.jpg\" class=\"attachment-full size-full\" alt=\"\" srcset=\"https:\/\/manjericaofilmes.com.br\/wp-content\/uploads\/2023\/05\/MV5BNGYyMGM5NTAtMjgzMi00ZjEwLTgwNzMtYzZjYTcyYTI2OWNhXkEyXkFqcGdeQXVyNjA3Mzg4NTA@._V1_.jpg 1280w, https:\/\/manjericaofilmes.com.br\/wp-content\/uploads\/2023\/05\/MV5BNGYyMGM5NTAtMjgzMi00ZjEwLTgwNzMtYzZjYTcyYTI2OWNhXkEyXkFqcGdeQXVyNjA3Mzg4NTA@._V1_-300x169.jpg 300w, https:\/\/manjericaofilmes.com.br\/wp-content\/uploads\/2023\/05\/MV5BNGYyMGM5NTAtMjgzMi00ZjEwLTgwNzMtYzZjYTcyYTI2OWNhXkEyXkFqcGdeQXVyNjA3Mzg4NTA@._V1_-1024x576.jpg 1024w, https:\/\/manjericaofilmes.com.br\/wp-content\/uploads\/2023\/05\/MV5BNGYyMGM5NTAtMjgzMi00ZjEwLTgwNzMtYzZjYTcyYTI2OWNhXkEyXkFqcGdeQXVyNjA3Mzg4NTA@._V1_-768x432.jpg 768w, https:\/\/manjericaofilmes.com.br\/wp-content\/uploads\/2023\/05\/MV5BNGYyMGM5NTAtMjgzMi00ZjEwLTgwNzMtYzZjYTcyYTI2OWNhXkEyXkFqcGdeQXVyNjA3Mzg4NTA@._V1_-600x338.jpg 600w\" sizes=\"auto, (max-width: 1280px) 100vw, 1280px\" \/>\t\t\t\t\t\t\t\t\t\t\t\t\t\t\t\t\t<\/a>\n\t\t\t\t\t\t\t\t\t<\/div>\n\t\t\t<\/div>\n\t\t\t\t\t<div class=\"edgtf-ig-image edgtf-item-space\">\n\t\t\t\t<div class=\"edgtf-ig-image-inner\">\n\t\t\t\t\t\t\t\t\t\t\t<a itemprop=\"image\" class=\"edgtf-ig-lightbox\" href=\"https:\/\/manjericaofilmes.com.br\/wp-content\/uploads\/2023\/05\/tangerina-entretenimento-sequestro-relampago-de-tata-amaral-marina-ruy-barbosa-foto-carlos-zalasik-1.webp\" data-rel=\"prettyPhoto[image_gallery_pretty_photo-1000]\" title=\"tangerina-entretenimento-sequestro-relampago-de-tata-amaral-marina-ruy-barbosa-foto-carlos-zalasik\">\n\t\t\t\t\t\t\t\t\t\t\t<img loading=\"lazy\" decoding=\"async\" width=\"1200\" height=\"675\" src=\"https:\/\/manjericaofilmes.com.br\/wp-content\/uploads\/2023\/05\/tangerina-entretenimento-sequestro-relampago-de-tata-amaral-marina-ruy-barbosa-foto-carlos-zalasik-1.webp\" class=\"attachment-full size-full\" alt=\"\" srcset=\"https:\/\/manjericaofilmes.com.br\/wp-content\/uploads\/2023\/05\/tangerina-entretenimento-sequestro-relampago-de-tata-amaral-marina-ruy-barbosa-foto-carlos-zalasik-1.webp 1200w, https:\/\/manjericaofilmes.com.br\/wp-content\/uploads\/2023\/05\/tangerina-entretenimento-sequestro-relampago-de-tata-amaral-marina-ruy-barbosa-foto-carlos-zalasik-1-300x169.webp 300w, https:\/\/manjericaofilmes.com.br\/wp-content\/uploads\/2023\/05\/tangerina-entretenimento-sequestro-relampago-de-tata-amaral-marina-ruy-barbosa-foto-carlos-zalasik-1-1024x576.webp 1024w, https:\/\/manjericaofilmes.com.br\/wp-content\/uploads\/2023\/05\/tangerina-entretenimento-sequestro-relampago-de-tata-amaral-marina-ruy-barbosa-foto-carlos-zalasik-1-768x432.webp 768w, https:\/\/manjericaofilmes.com.br\/wp-content\/uploads\/2023\/05\/tangerina-entretenimento-sequestro-relampago-de-tata-amaral-marina-ruy-barbosa-foto-carlos-zalasik-1-600x338.webp 600w\" sizes=\"auto, (max-width: 1200px) 100vw, 1200px\" \/>\t\t\t\t\t\t\t\t\t\t\t\t\t\t\t\t\t<\/a>\n\t\t\t\t\t\t\t\t\t<\/div>\n\t\t\t<\/div>\n\t\t\t<\/div>\n<\/div><\/div><\/div><\/div><\/div><div class=\"vc_row wpb_row vc_row-fluid\" ><div class=\"wpb_column vc_column_container vc_col-sm-12\"><div class=\"vc_column-inner\"><div class=\"wpb_wrapper\"><div class=\"edgtf-elements-holder   edgtf-one-column  edgtf-responsive-mode-768 edgtf-one-column-alignment-center\" ><div class=\"edgtf-eh-item   edgtf-horizontal-alignment-center\"  data-item-class=\"edgtf-eh-custom-1510\">\n\t<div class=\"edgtf-eh-item-inner\">\n\t\t<div class=\"edgtf-eh-item-content edgtf-eh-custom-1510\" style=\"padding: 0 5% 0 6%\">\n\t\t\t<div class=\"edgtf-tabs  edgtf-tabs-simple\">\n\t<ul class=\"edgtf-tabs-nav clearfix\">\n\t\t\t\t\t<li>\n\t\t\t\t\t\t\t\t\t<a href=\"#tab-equipe\">EQUIPE<\/a>\n\t\t\t\t\t\t\t<\/li>\n\t\t\t\t\t<li>\n\t\t\t\t\t\t\t\t\t<a href=\"#tab-elenco\">ELENCO<\/a>\n\t\t\t\t\t\t\t<\/li>\n\t\t\t\t\t<li>\n\t\t\t\t\t\t\t\t\t<a href=\"#tab-informacoes-tecnicas\">INFORMA\u00c7\u00d5ES T\u00c9CNICAS<\/a>\n\t\t\t\t\t\t\t<\/li>\n\t\t\t\t\t<li>\n\t\t\t\t\t\t\t\t\t<a href=\"#tab-trajetoria\">TRAJET\u00d3RIA<\/a>\n\t\t\t\t\t\t\t<\/li>\n\t\t\t<\/ul>\n\t<div class=\"edgtf-tab-container\" id=\"tab-equipe-864\">\n\t<div class=\"wpb_text_column wpb_content_element\" >\n\t\t<div class=\"wpb_wrapper\">\n\t\t\t<p style=\"text-align: left;\"><span style=\"font-weight: 400;\"><strong>Produ\u00e7\u00e3o: <\/strong><\/span><span style=\"font-weight: 400;\">Tata Amaral e Rafaella Costa<\/span><\/p>\n<p style=\"text-align: left;\"><span style=\"font-weight: 400;\"><strong>Produtores Associados:<\/strong> Guel Arraes e George Moura<\/span><\/p>\n<p style=\"text-align: left;\"><span style=\"font-weight: 400;\"><strong>Produ\u00e7\u00e3o Executiva:<\/strong> Rafaella Costa<\/span><\/p>\n<p style=\"text-align: left;\"><span style=\"font-weight: 400;\"><strong>Dire\u00e7\u00e3o de Fotografia:<\/strong> Carlos Zalasik <\/span><\/p>\n<p style=\"text-align: left;\"><span style=\"font-weight: 400;\"><strong>Montagem:<\/strong> Rodrigo Menecucci <\/span><\/p>\n<p style=\"text-align: left;\"><span style=\"font-weight: 400;\"><strong>Dire\u00e7\u00e3o de Arte:<\/strong> Vera Hamburger<\/span><\/p>\n<p style=\"text-align: left;\"><span style=\"font-weight: 400;\"><strong>Figurino: <\/strong><\/span><span style=\"font-weight: 400;\">Andrea Simonetti<\/span><\/p>\n<p style=\"text-align: left;\"><span style=\"font-weight: 400;\"><strong>Maquiagem:<\/strong> Andr\u00e9 Anast\u00e1cio<\/span><\/p>\n<p style=\"text-align: left;\"><span style=\"font-weight: 400;\"><strong>Som Direto:<\/strong> Jo\u00e3o Godoy<\/span><\/p>\n<p style=\"text-align: left;\"><span style=\"font-weight: 400;\"><strong>Edi\u00e7\u00e3o de Som e Mixagem:<\/strong> Pedro Noizyman<\/span><\/p>\n<p style=\"text-align: left;\"><span style=\"font-weight: 400;\"><strong>Edi\u00e7\u00e3o de Efeitos Sonoros:<\/strong> Rosana Stefanoni<\/span><\/p>\n<p style=\"text-align: left;\"><span style=\"font-weight: 400;\"><strong>M\u00fasica Original:<\/strong> Andr\u00e9 Whoong<\/span><\/p>\n<p style=\"text-align: left;\"><span style=\"font-weight: 400;\"><strong>Produ\u00e7\u00e3o de Elenco:<\/strong> Luciano Baldan<\/span><\/p>\n<p style=\"text-align: left;\"><span style=\"font-weight: 400;\"><strong>Prepara\u00e7\u00e3o de Elenco:<\/strong> F\u00e1tima Toledo<\/span><\/p>\n\n\t\t<\/div>\n\t<\/div>\n<\/div><div class=\"edgtf-tab-container\" id=\"tab-elenco-899\">\n\t<div class=\"wpb_text_column wpb_content_element\" >\n\t\t<div class=\"wpb_wrapper\">\n\t\t\t<p style=\"text-align: left;\"><span style=\"font-weight: 400;\"><strong>Marina Ruy Barbosa<\/strong> \u2013 Isabel\u00a0\u00a0<\/span><\/p>\n<p style=\"text-align: left;\"><span style=\"font-weight: 400;\"><strong>Sidney Santiago Kuanza<\/strong> \u2013 Matheus<\/span><\/p>\n<p style=\"text-align: left;\"><span style=\"font-weight: 400;\"><strong>Daniel Rocha<\/strong> \u2013 Japon\u00eas\u00a0<\/span><\/p>\n<p style=\"text-align: left;\"><span style=\"font-weight: 400;\"><strong>Projota<\/strong> \u2013 Daniel<\/span><\/p>\n<p style=\"text-align: left;\"><span style=\"font-weight: 400;\"><strong>MC Linn da Quebrada<\/strong> \u2013 Marilda<\/span><\/p>\n<p style=\"text-align: left;\"><span style=\"font-weight: 400;\"><strong>Danilo de Moura<\/strong> \u2013 Pirra\u00e7a<\/span><\/p>\n<p style=\"text-align: left;\"><span style=\"font-weight: 400;\"><strong>Jo\u00e3o Signorelli<\/strong> \u2013 Oswaldo<\/span><\/p>\n<p style=\"text-align: left;\"><span style=\"font-weight: 400;\"><strong>Malu Bierrenbach<\/strong> \u2013 Lorena<\/span><\/p>\n<p style=\"text-align: left;\"><span style=\"font-weight: 400;\"><strong>Tess Amorim<\/strong> \u2013 Amiga de Isabel<\/span><\/p>\n<p style=\"text-align: left;\"><span style=\"font-weight: 400;\"><strong>J\u00f4 Freitas<\/strong> \u2013 Amiga de Isabel<\/span><\/p>\n<p style=\"text-align: left;\"><span style=\"font-weight: 400;\"><strong>Marina Matheus<\/strong> \u2013 Amiga de Isabel<\/span><\/p>\n<p style=\"text-align: left;\"><span style=\"font-weight: 400;\"><strong>Paula Pretta<\/strong> \u2013 Mulher no caixa eletr\u00f4nico\u00a0<\/span><\/p>\n<p style=\"text-align: left;\"><span style=\"font-weight: 400;\"><strong>Andr\u00e9 Whoong<\/strong> \u2013 Traficante<\/span><\/p>\n<p style=\"text-align: left;\"><span style=\"font-weight: 400;\"><strong>Che Morais<\/strong> \u2013 Edinho<\/span><\/p>\n\n\t\t<\/div>\n\t<\/div>\n<\/div><div class=\"edgtf-tab-container\" id=\"tab-informacoes-tecnicas-644\">\n\t<div class=\"wpb_text_column wpb_content_element\" >\n\t\t<div class=\"wpb_wrapper\">\n\t\t\t<p style=\"text-align: left;\"><b>G\u00eanero<\/b><\/p>\n<p style=\"text-align: left;\"><span style=\"font-weight: 400;\">Fic\u00e7\u00e3o \/ Suspense, Drama<\/span><\/p>\n<p style=\"text-align: left;\"><b>Pa\u00eds de produ\u00e7\u00e3o<\/b><\/p>\n<p style=\"text-align: left;\"><span style=\"font-weight: 400;\">Brasil<\/span><span style=\"font-weight: 400;\">\u00a0<\/span><\/p>\n<p style=\"text-align: left;\"><b>Idioma<\/b><\/p>\n<p style=\"text-align: left;\"><span style=\"font-weight: 400;\">Portugu\u00eas<\/span><\/p>\n<p style=\"text-align: left;\"><b>Ano de produ\u00e7\u00e3o<\/b><\/p>\n<p style=\"text-align: left;\"><span style=\"font-weight: 400;\">2017<\/span><\/p>\n<p style=\"text-align: left;\"><b>Dura\u00e7\u00e3o<\/b><\/p>\n<p style=\"text-align: left;\"><span style=\"font-weight: 400;\">85 minutos<\/span><\/p>\n<p style=\"text-align: left;\"><b>Distribui\u00e7\u00e3o<\/b><\/p>\n<p style=\"text-align: left;\"><span style=\"font-weight: 400;\">Pagu Filmes<\/span><\/p>\n<p style=\"text-align: left;\"><b>Licenciamento<\/b><\/p>\n<p style=\"text-align: left;\"><span style=\"font-weight: 400;\">Globo Filmes<\/span><\/p>\n\n\t\t<\/div>\n\t<\/div>\n<\/div><div class=\"edgtf-tab-container\" id=\"tab-trajetoria-254\">\n\t<div class=\"wpb_text_column wpb_content_element\" >\n\t\t<div class=\"wpb_wrapper\">\n\t\t\t<p style=\"text-align: left;\"><b>Festivais<\/b><\/p>\n<ul style=\"text-align: left;\">\n<li style=\"font-weight: 400;\" aria-level=\"1\"><span style=\"font-weight: 400;\">Festival do Rio \u2013 exibi\u00e7\u00e3o na Mostra Premi\u00e8re Brasil: Hors Concours \u2013 2018<\/span><\/li>\n<li style=\"font-weight: 400;\" aria-level=\"1\"><span style=\"font-weight: 400;\">42\u00aa Mostra Internacional de Cinema de S\u00e3o Paulo \u2013 selecionado para Mostra Competitiva \u2013 2018<\/span><\/li>\n<\/ul>\n<p style=\"text-align: left;\"><b>Indica\u00e7\u00e3o<\/b><\/p>\n<ul style=\"text-align: left;\">\n<li style=\"font-weight: 400;\" aria-level=\"1\"><span style=\"font-weight: 400;\">Trof\u00e9u ABC 2019 \u2013 Indica\u00e7\u00e3o de Melhor Som de Longa-metragem para\u00a0<\/span><\/li>\n<\/ul>\n<p style=\"text-align: left;\"><span style=\"font-weight: 400;\">Jo\u00e3o Godoy, Pedro Noizyman e Rosana Stefanoni<\/span><\/p>\n\n\t\t<\/div>\n\t<\/div>\n<\/div><\/div>\t\t<\/div>\n\t<\/div>\n<\/div><\/div><\/div><\/div><\/div><\/div>\n<\/div>","protected":false},"excerpt":{"rendered":"Sequestro Rel\u00e2mpago (2018) longa-metragem S\u00e3o Paulo. Isabel (25) \u00e9 v\u00edtima de um sequestro rel\u00e2mpago. O primeiro caixa [...]","protected":false},"author":1,"featured_media":0,"parent":0,"menu_order":0,"comment_status":"closed","ping_status":"closed","template":"full-width.php","meta":{"footnotes":""},"class_list":["post-4048","page","type-page","status-publish","hentry"],"_links":{"self":[{"href":"https:\/\/manjericaofilmes.com.br\/en\/wp-json\/wp\/v2\/pages\/4048","targetHints":{"allow":["GET"]}}],"collection":[{"href":"https:\/\/manjericaofilmes.com.br\/en\/wp-json\/wp\/v2\/pages"}],"about":[{"href":"https:\/\/manjericaofilmes.com.br\/en\/wp-json\/wp\/v2\/types\/page"}],"author":[{"embeddable":true,"href":"https:\/\/manjericaofilmes.com.br\/en\/wp-json\/wp\/v2\/users\/1"}],"replies":[{"embeddable":true,"href":"https:\/\/manjericaofilmes.com.br\/en\/wp-json\/wp\/v2\/comments?post=4048"}],"version-history":[{"count":9,"href":"https:\/\/manjericaofilmes.com.br\/en\/wp-json\/wp\/v2\/pages\/4048\/revisions"}],"predecessor-version":[{"id":4680,"href":"https:\/\/manjericaofilmes.com.br\/en\/wp-json\/wp\/v2\/pages\/4048\/revisions\/4680"}],"wp:attachment":[{"href":"https:\/\/manjericaofilmes.com.br\/en\/wp-json\/wp\/v2\/media?parent=4048"}],"curies":[{"name":"wp","href":"https:\/\/api.w.org\/{rel}","templated":true}]}}