{"id":4054,"date":"2023-05-17T01:48:50","date_gmt":"2023-05-17T01:48:50","guid":{"rendered":"https:\/\/manjericaofilmes.com.br\/?page_id=4054"},"modified":"2024-02-16T11:22:43","modified_gmt":"2024-02-16T11:22:43","slug":"forja-ardente","status":"publish","type":"page","link":"https:\/\/manjericaofilmes.com.br\/en\/forja-ardente\/","title":{"rendered":"Forja Ardente"},"content":{"rendered":"<div class=\"wpb-content-wrapper\"><div class=\"vc_row wpb_row vc_row-fluid\" ><div class=\"wpb_column vc_column_container vc_col-sm-12\"><div class=\"vc_column-inner\"><div class=\"wpb_wrapper\"><div class=\"edgtf-video-button-holder  edgtf-vb-has-img\">\n\t<div class=\"edgtf-video-button-image\">\n\t\t<img loading=\"lazy\" decoding=\"async\" width=\"2048\" height=\"1100\" src=\"https:\/\/manjericaofilmes.com.br\/wp-content\/uploads\/2023\/05\/48721586706_94350bbcba_k-e1581012272432-freshblue.jpg\" class=\"attachment-full size-full\" alt=\"\" srcset=\"https:\/\/manjericaofilmes.com.br\/wp-content\/uploads\/2023\/05\/48721586706_94350bbcba_k-e1581012272432-freshblue.jpg 2048w, https:\/\/manjericaofilmes.com.br\/wp-content\/uploads\/2023\/05\/48721586706_94350bbcba_k-e1581012272432-freshblue-300x161.jpg 300w, https:\/\/manjericaofilmes.com.br\/wp-content\/uploads\/2023\/05\/48721586706_94350bbcba_k-e1581012272432-freshblue-1024x550.jpg 1024w, https:\/\/manjericaofilmes.com.br\/wp-content\/uploads\/2023\/05\/48721586706_94350bbcba_k-e1581012272432-freshblue-768x413.jpg 768w, https:\/\/manjericaofilmes.com.br\/wp-content\/uploads\/2023\/05\/48721586706_94350bbcba_k-e1581012272432-freshblue-1536x825.jpg 1536w, https:\/\/manjericaofilmes.com.br\/wp-content\/uploads\/2023\/05\/48721586706_94350bbcba_k-e1581012272432-freshblue-18x10.jpg 18w, https:\/\/manjericaofilmes.com.br\/wp-content\/uploads\/2023\/05\/48721586706_94350bbcba_k-e1581012272432-freshblue-600x322.jpg 600w\" sizes=\"auto, (max-width: 2048px) 100vw, 2048px\" \/>\t<\/div>\n\t\t\t<a class=\"edgtf-video-button-play\" href=\"#\" data-rel=\"prettyPhoto[video_button_pretty_photo_723]\">\n\t\t\t<span class=\"edgtf-video-button-play-inner\">\n\t\t\t\t<svg version=\"1.1\" xmlns=\"http:\/\/www.w3.org\/2000\/svg\" xmlns:xlink=\"http:\/\/www.w3.org\/1999\/xlink\" x=\"0px\" y=\"0px\"\n\t\t\t\t\t width=\"41.917px\" height=\"45.998px\" viewbox=\"0 0 41.917 45.998\" enable-background=\"new 0 0 41.917 45.998\" xml:space=\"preserve\">\n\t\t\t\t<g>\n\t\t\t\t\t<path fill=\"none\" stroke=\"#FFFFFF\" stroke-width=\"2\" stroke-miterlimit=\"10\" d=\"M3.183,44.579\t\t\t\t\t\tc-0.864,0.474-1.561,0.056-1.561-0.921V2.623c0-0.977,0.697-1.395,1.561-0.921l37.022,20.574c0.864,0.474,0.864,1.255,0,1.729\t\t\t\t\t\tL3.183,44.579z\"\/>\n\t\t\t\t<\/g>\n\t\t\t\t<\/svg>\n\t\t\t<\/span>\n\t\t<\/a>\n\t<\/div><\/div><\/div><\/div><\/div><div class=\"edgtf-row-grid-section-wrapper edgtf-parallax-row-holder edgtf-content-aligment-center\" data-parallax-bg-image=\"https:\/\/manjericaofilmes.com.br\/wp-content\/uploads\/2018\/04\/home-8-parallax-2.jpg\" data-parallax-bg-speed=\"1\" ><div class=\"edgtf-row-grid-section\"><div class=\"vc_row wpb_row vc_row-fluid vc_custom_1525705000684\" ><div class=\"wpb_column vc_column_container vc_col-sm-12\"><div class=\"vc_column-inner\"><div class=\"wpb_wrapper\"><div class=\"edgtf-elements-holder   edgtf-one-column  edgtf-responsive-mode-768\" ><div class=\"edgtf-eh-item\"  data-item-class=\"edgtf-eh-custom-1076\">\n\t<div class=\"edgtf-eh-item-inner\">\n\t\t<div class=\"edgtf-eh-item-content edgtf-eh-custom-1076\" style=\"padding: 0 10% 110px 10%\">\n\t\t\t<div class=\"edgtf-section-title-holder  edgtf-st-standard edgtf-st-title-left edgtf-st-ratio-1-2 edgtf-st-large-space\" >\n\t<div class=\"edgtf-st-inner\">\n\t\t\t\t\t<h2 class=\"edgtf-st-title\" style=\"color: #ffffff\">\n\t\t\t\tForja Ardente\t\t\t<\/h2>\n\t\t\t\t\t\t\t<h6 class=\"edgtf-st-text\" style=\"color: #ffffff\">\n\t\t\t\tlonga-metragem\t\t\t<\/h6>\n\t\t\t<\/div>\n<\/div><div class=\"vc_empty_space\"   style=\"height: 12px\"><span class=\"vc_empty_space_inner\"><\/span><\/div>\n\t<div class=\"wpb_text_column wpb_content_element\" >\n\t\t<div class=\"wpb_wrapper\">\n\t\t\t<p>Uma adolescente com dificuldades financeiras aceita participar de um assalto planejado pelo seu namorado. O assalto n\u00e3o da certo e ela ter\u00e1 que lidar com as consequ\u00eancias dessa escolha no conturbado momento da sua passagem para a vida adulta.<\/p>\n\n\t\t<\/div>\n\t<\/div>\n\t\t<\/div>\n\t<\/div>\n<\/div><\/div><div class=\"vc_row wpb_row vc_inner vc_row-fluid edgtf-content-aligment-center\" ><div class=\"wpb_column vc_column_container vc_col-sm-6 vc_col-lg-3 vc_col-md-6\"><div class=\"vc_column-inner\"><div class=\"wpb_wrapper\"><div class=\"edgtf-elements-holder   edgtf-one-column  edgtf-responsive-mode-768\" ><div class=\"edgtf-eh-item\"  data-item-class=\"edgtf-eh-custom-9507\" data-768-1024=\"0 50px 50px 65px\" data-680-768=\"0 5px 50px 5px\" data-680=\"0 5px 50px 5px\">\n\t<div class=\"edgtf-eh-item-inner\">\n\t\t<div class=\"edgtf-eh-item-content edgtf-eh-custom-9507\" >\n\t\t\t<div class=\"edgtf-image-with-text-holder\">\n    <div class=\"edgtf-iwt-image\">\n                                                                    <\/div>\n    <div class=\"edgtf-iwt-text-holder\">\n                    <h5 class=\"edgtf-iwt-title\" style=\"color: #ffffff;margin-top: 40px\">Produ\u00e7\u00e3o<\/h5>\n        \t\t            <p class=\"edgtf-iwt-text\" style=\"color: #999999;margin-top: -2px\">Manjeric\u00e3o Filmes<\/p>\n            <\/div>\n<\/div>\t\t<\/div>\n\t<\/div>\n<\/div><\/div><\/div><\/div><\/div><div class=\"wpb_column vc_column_container vc_col-sm-6 vc_col-lg-3 vc_col-md-6\"><div class=\"vc_column-inner\"><div class=\"wpb_wrapper\"><div class=\"edgtf-elements-holder   edgtf-one-column  edgtf-responsive-mode-768\" ><div class=\"edgtf-eh-item\"  data-item-class=\"edgtf-eh-custom-3442\" data-768-1024=\"0 50px 50px 65px\" data-680-768=\"0 5px 50px 5px\" data-680=\"0 5px 50px 5px\">\n\t<div class=\"edgtf-eh-item-inner\">\n\t\t<div class=\"edgtf-eh-item-content edgtf-eh-custom-3442\" >\n\t\t\t<div class=\"edgtf-image-with-text-holder\">\n    <div class=\"edgtf-iwt-image\">\n                                                                    <\/div>\n    <div class=\"edgtf-iwt-text-holder\">\n                    <h5 class=\"edgtf-iwt-title\" style=\"color: #ffffff;margin-top: 40px\">Dire\u00e7\u00e3o<\/h5>\n        \t\t            <p class=\"edgtf-iwt-text\" style=\"color: #999999;margin-top: -2px\">Fernando Sanches<\/p>\n            <\/div>\n<\/div>\t\t<\/div>\n\t<\/div>\n<\/div><\/div><\/div><\/div><\/div><div class=\"wpb_column vc_column_container vc_col-sm-6 vc_col-lg-3 vc_col-md-6\"><div class=\"vc_column-inner\"><div class=\"wpb_wrapper\"><div class=\"edgtf-elements-holder   edgtf-one-column  edgtf-responsive-mode-768\" ><div class=\"edgtf-eh-item\"  data-item-class=\"edgtf-eh-custom-3746\" data-768-1024=\"0 50px 50px 65px\" data-680-768=\"0 5px 50px 5px\" data-680=\"0 5px 50px 5px\">\n\t<div class=\"edgtf-eh-item-inner\">\n\t\t<div class=\"edgtf-eh-item-content edgtf-eh-custom-3746\" >\n\t\t\t<div class=\"edgtf-image-with-text-holder\">\n    <div class=\"edgtf-iwt-image\">\n                                                                    <\/div>\n    <div class=\"edgtf-iwt-text-holder\">\n                    <h5 class=\"edgtf-iwt-title\" style=\"color: #ffffff;margin-top: 40px\">Roteiro<\/h5>\n        \t\t            <p class=\"edgtf-iwt-text\" style=\"color: #999999;margin-top: -2px\">Fernando Sanches<\/p>\n            <\/div>\n<\/div>\t\t<\/div>\n\t<\/div>\n<\/div><\/div><\/div><\/div><\/div><div class=\"wpb_column vc_column_container vc_col-sm-6 vc_col-lg-3 vc_col-md-6\"><div class=\"vc_column-inner\"><div class=\"wpb_wrapper\"><div class=\"edgtf-elements-holder   edgtf-one-column  edgtf-responsive-mode-768\" ><div class=\"edgtf-eh-item\"  data-item-class=\"edgtf-eh-custom-1652\" data-768-1024=\"0 50px 50px 65px\" data-680-768=\"0 5px 50px 5px\" data-680=\"0 5px 50px 5px\">\n\t<div class=\"edgtf-eh-item-inner\">\n\t\t<div class=\"edgtf-eh-item-content edgtf-eh-custom-1652\" >\n\t\t\t<div class=\"edgtf-image-with-text-holder\">\n    <div class=\"edgtf-iwt-image\">\n                                                                    <\/div>\n    <div class=\"edgtf-iwt-text-holder\">\n                    <h5 class=\"edgtf-iwt-title\" style=\"color: #ffffff;margin-top: 40px\">Produ\u00e7\u00e3o Executiva<\/h5>\n        \t\t            <p class=\"edgtf-iwt-text\" style=\"color: #999999;margin-top: -2px\">Rafaella Costa<\/p>\n            <\/div>\n<\/div>\t\t<\/div>\n\t<\/div>\n<\/div><\/div><\/div><\/div><\/div><\/div><\/div><\/div><\/div><\/div><\/div><\/div><div class=\"vc_row wpb_row vc_row-fluid\" ><div class=\"wpb_column vc_column_container vc_col-sm-12\"><div class=\"vc_column-inner\"><div class=\"wpb_wrapper\"><div class=\"edgtf-elements-holder   edgtf-one-column  edgtf-responsive-mode-768 edgtf-one-column-alignment-center\" ><div class=\"edgtf-eh-item   edgtf-horizontal-alignment-center\"  data-item-class=\"edgtf-eh-custom-8802\">\n\t<div class=\"edgtf-eh-item-inner\">\n\t\t<div class=\"edgtf-eh-item-content edgtf-eh-custom-8802\" style=\"padding: 0 5% 0 6%\">\n\t\t\t<div class=\"edgtf-tabs  edgtf-tabs-simple\">\n\t<ul class=\"edgtf-tabs-nav clearfix\">\n\t\t\t\t\t<li>\n\t\t\t\t\t\t\t\t\t<a href=\"#tab-informacoes-tecnicas\">INFORMA\u00c7\u00d5ES T\u00c9CNICAS<\/a>\n\t\t\t\t\t\t\t<\/li>\n\t\t\t<\/ul>\n\t<div class=\"edgtf-tab-container\" id=\"tab-informacoes-tecnicas-229\">\n\t<div class=\"wpb_text_column wpb_content_element\" >\n\t\t<div class=\"wpb_wrapper\">\n\t\t\t<p style=\"text-align: left;\"><b>G\u00eanero<\/b><\/p>\n<p style=\"text-align: left;\"><span style=\"font-weight: 400;\">Fic\u00e7\u00e3o \/ A\u00e7\u00e3o, Drama<\/span><\/p>\n<p style=\"text-align: left;\"><b>Pa\u00eds de produ\u00e7\u00e3o<\/b><\/p>\n<p style=\"text-align: left;\"><span style=\"font-weight: 400;\">Brasil<\/span><span style=\"font-weight: 400;\">\u00a0<\/span><\/p>\n<p style=\"text-align: left;\"><b>Idioma<\/b><\/p>\n<p style=\"text-align: left;\"><span style=\"font-weight: 400;\">Portugu\u00eas<\/span><\/p>\n\n\t\t<\/div>\n\t<\/div>\n<\/div><\/div>\t\t<\/div>\n\t<\/div>\n<\/div><\/div><\/div><\/div><\/div><\/div>\n<\/div>","protected":false},"excerpt":{"rendered":"Forja Ardente longa-metragem Uma adolescente com dificuldades financeiras aceita participar de um assalto planejado pelo seu namorado. [...]","protected":false},"author":1,"featured_media":0,"parent":0,"menu_order":0,"comment_status":"closed","ping_status":"closed","template":"full-width.php","meta":{"footnotes":""},"class_list":["post-4054","page","type-page","status-publish","hentry"],"_links":{"self":[{"href":"https:\/\/manjericaofilmes.com.br\/en\/wp-json\/wp\/v2\/pages\/4054","targetHints":{"allow":["GET"]}}],"collection":[{"href":"https:\/\/manjericaofilmes.com.br\/en\/wp-json\/wp\/v2\/pages"}],"about":[{"href":"https:\/\/manjericaofilmes.com.br\/en\/wp-json\/wp\/v2\/types\/page"}],"author":[{"embeddable":true,"href":"https:\/\/manjericaofilmes.com.br\/en\/wp-json\/wp\/v2\/users\/1"}],"replies":[{"embeddable":true,"href":"https:\/\/manjericaofilmes.com.br\/en\/wp-json\/wp\/v2\/comments?post=4054"}],"version-history":[{"count":6,"href":"https:\/\/manjericaofilmes.com.br\/en\/wp-json\/wp\/v2\/pages\/4054\/revisions"}],"predecessor-version":[{"id":4686,"href":"https:\/\/manjericaofilmes.com.br\/en\/wp-json\/wp\/v2\/pages\/4054\/revisions\/4686"}],"wp:attachment":[{"href":"https:\/\/manjericaofilmes.com.br\/en\/wp-json\/wp\/v2\/media?parent=4054"}],"curies":[{"name":"wp","href":"https:\/\/api.w.org\/{rel}","templated":true}]}}