{"id":4058,"date":"2023-05-17T01:50:54","date_gmt":"2023-05-17T01:50:54","guid":{"rendered":"https:\/\/manjericaofilmes.com.br\/?page_id=4058"},"modified":"2024-02-16T11:25:54","modified_gmt":"2024-02-16T11:25:54","slug":"enquadro-5x5","status":"publish","type":"page","link":"https:\/\/manjericaofilmes.com.br\/en\/enquadro-5x5\/","title":{"rendered":"Enquadro 5&#215;5"},"content":{"rendered":"<div class=\"wpb-content-wrapper\"><div class=\"vc_row wpb_row vc_row-fluid\" ><div class=\"wpb_column vc_column_container vc_col-sm-12\"><div class=\"vc_column-inner\"><div class=\"wpb_wrapper\"><div class=\"edgtf-video-button-holder  edgtf-vb-has-img\">\n\t<div class=\"edgtf-video-button-image\">\n\t\t<img loading=\"lazy\" decoding=\"async\" width=\"1280\" height=\"719\" src=\"https:\/\/manjericaofilmes.com.br\/wp-content\/uploads\/2023\/05\/Foto6.jpg\" class=\"attachment-full size-full\" alt=\"\" srcset=\"https:\/\/manjericaofilmes.com.br\/wp-content\/uploads\/2023\/05\/Foto6.jpg 1280w, https:\/\/manjericaofilmes.com.br\/wp-content\/uploads\/2023\/05\/Foto6-300x169.jpg 300w, https:\/\/manjericaofilmes.com.br\/wp-content\/uploads\/2023\/05\/Foto6-1024x575.jpg 1024w, https:\/\/manjericaofilmes.com.br\/wp-content\/uploads\/2023\/05\/Foto6-768x431.jpg 768w, https:\/\/manjericaofilmes.com.br\/wp-content\/uploads\/2023\/05\/Foto6-600x337.jpg 600w\" sizes=\"auto, (max-width: 1280px) 100vw, 1280px\" \/>\t<\/div>\n\t\t\t<a class=\"edgtf-video-button-play\" href=\"#\" data-rel=\"prettyPhoto[video_button_pretty_photo_756]\">\n\t\t\t<span class=\"edgtf-video-button-play-inner\">\n\t\t\t\t<svg version=\"1.1\" xmlns=\"http:\/\/www.w3.org\/2000\/svg\" xmlns:xlink=\"http:\/\/www.w3.org\/1999\/xlink\" x=\"0px\" y=\"0px\"\n\t\t\t\t\t width=\"41.917px\" height=\"45.998px\" viewbox=\"0 0 41.917 45.998\" enable-background=\"new 0 0 41.917 45.998\" xml:space=\"preserve\">\n\t\t\t\t<g>\n\t\t\t\t\t<path fill=\"none\" stroke=\"#FFFFFF\" stroke-width=\"2\" stroke-miterlimit=\"10\" d=\"M3.183,44.579\t\t\t\t\t\tc-0.864,0.474-1.561,0.056-1.561-0.921V2.623c0-0.977,0.697-1.395,1.561-0.921l37.022,20.574c0.864,0.474,0.864,1.255,0,1.729\t\t\t\t\t\tL3.183,44.579z\"\/>\n\t\t\t\t<\/g>\n\t\t\t\t<\/svg>\n\t\t\t<\/span>\n\t\t<\/a>\n\t<\/div><\/div><\/div><\/div><\/div><div class=\"edgtf-row-grid-section-wrapper edgtf-parallax-row-holder edgtf-content-aligment-center\" data-parallax-bg-image=\"https:\/\/manjericaofilmes.com.br\/wp-content\/uploads\/2018\/04\/home-8-parallax-2.jpg\" data-parallax-bg-speed=\"1\" ><div class=\"edgtf-row-grid-section\"><div class=\"vc_row wpb_row vc_row-fluid vc_custom_1525705000684\" ><div class=\"wpb_column vc_column_container vc_col-sm-12\"><div class=\"vc_column-inner\"><div class=\"wpb_wrapper\"><div class=\"edgtf-elements-holder   edgtf-one-column  edgtf-responsive-mode-768\" ><div class=\"edgtf-eh-item\"  data-item-class=\"edgtf-eh-custom-6052\">\n\t<div class=\"edgtf-eh-item-inner\">\n\t\t<div class=\"edgtf-eh-item-content edgtf-eh-custom-6052\" style=\"padding: 0 10% 110px 10%\">\n\t\t\t<div class=\"edgtf-section-title-holder  edgtf-st-standard edgtf-st-title-left edgtf-st-ratio-1-2 edgtf-st-large-space\" >\n\t<div class=\"edgtf-st-inner\">\n\t\t\t\t\t<h2 class=\"edgtf-st-title\" style=\"color: #ffffff\">\n\t\t\t\tEnquadro 5x5 (2017)\t\t\t<\/h2>\n\t\t\t\t\t\t\t<h6 class=\"edgtf-st-text\" style=\"color: #ffffff\">\n\t\t\t\ts\u00e9rie\t\t\t<\/h6>\n\t\t\t<\/div>\n<\/div><div class=\"vc_empty_space\"   style=\"height: 12px\"><span class=\"vc_empty_space_inner\"><\/span><\/div>\n\t<div class=\"wpb_text_column wpb_content_element\" >\n\t\t<div class=\"wpb_wrapper\">\n\t\t\t<p><span style=\"font-weight: 400;\">A s\u00e9rie retrata cinco territ\u00f3rios de S\u00e3o Paulo atrav\u00e9s da intera\u00e7\u00e3o de diversos coletivos e artistas urbanos, cruzando personagens que condensam, em sua trajet\u00f3ria, o perfil e hist\u00f3ria de cada regi\u00e3o da cidade.<\/span><\/p>\n<p><span style=\"font-weight: 400;\">O tom \u00e9 guiado pelo ritmo da metr\u00f3pole, onde a arte invade o espa\u00e7o p\u00fablico a servi\u00e7o do bem comum, de acesso a todos, construindo uma cidadania muitas vezes ignorada pela vida agitada que n\u00e3o olha para o lado. Quando os personagens se deparam com estes grafites e outras interven\u00e7\u00f5es percebem que, mesmo nesta cidade de ritmo alucinado e com desequil\u00edbrios sociais, tamb\u00e9m batem cora\u00e7\u00f5es.<\/span><\/p>\n<p><span style=\"font-weight: 400;\">Cora\u00e7\u00f5es que ajudam a construir o Eldorado paulistano. Terra de sonhos, garoa e muita realidade.<\/span><\/p>\n\n\t\t<\/div>\n\t<\/div>\n\t\t<\/div>\n\t<\/div>\n<\/div><\/div><div class=\"vc_row wpb_row vc_inner vc_row-fluid edgtf-content-aligment-center\" ><div class=\"wpb_column vc_column_container vc_col-sm-6 vc_col-lg-3 vc_col-md-6\"><div class=\"vc_column-inner\"><div class=\"wpb_wrapper\"><div class=\"edgtf-elements-holder   edgtf-one-column  edgtf-responsive-mode-768\" ><div class=\"edgtf-eh-item\"  data-item-class=\"edgtf-eh-custom-2032\" data-768-1024=\"0 50px 50px 65px\" data-680-768=\"0 5px 50px 5px\" data-680=\"0 5px 50px 5px\">\n\t<div class=\"edgtf-eh-item-inner\">\n\t\t<div class=\"edgtf-eh-item-content edgtf-eh-custom-2032\" >\n\t\t\t<div class=\"edgtf-image-with-text-holder\">\n    <div class=\"edgtf-iwt-image\">\n                                                                    <\/div>\n    <div class=\"edgtf-iwt-text-holder\">\n        \t\t    <\/div>\n<\/div>\t\t<\/div>\n\t<\/div>\n<\/div><\/div><\/div><\/div><\/div><div class=\"wpb_column vc_column_container vc_col-sm-6 vc_col-lg-3 vc_col-md-6\"><div class=\"vc_column-inner\"><div class=\"wpb_wrapper\"><div class=\"edgtf-elements-holder   edgtf-one-column  edgtf-responsive-mode-768\" ><div class=\"edgtf-eh-item\"  data-item-class=\"edgtf-eh-custom-8252\" data-768-1024=\"0 50px 50px 65px\" data-680-768=\"0 5px 50px 5px\" data-680=\"0 5px 50px 5px\">\n\t<div class=\"edgtf-eh-item-inner\">\n\t\t<div class=\"edgtf-eh-item-content edgtf-eh-custom-8252\" >\n\t\t\t<div class=\"edgtf-image-with-text-holder\">\n    <div class=\"edgtf-iwt-image\">\n                                                                    <\/div>\n    <div class=\"edgtf-iwt-text-holder\">\n                    <h5 class=\"edgtf-iwt-title\" style=\"color: #ffffff;margin-top: 40px\">Produ\u00e7\u00e3o<\/h5>\n        \t\t            <p class=\"edgtf-iwt-text\" style=\"color: #999999;margin-top: -2px\">Manjeric\u00e3o Filmes<\/p>\n            <\/div>\n<\/div>\t\t<\/div>\n\t<\/div>\n<\/div><\/div><\/div><\/div><\/div><div class=\"wpb_column vc_column_container vc_col-sm-6 vc_col-lg-3 vc_col-md-6\"><div class=\"vc_column-inner\"><div class=\"wpb_wrapper\"><div class=\"edgtf-elements-holder   edgtf-one-column  edgtf-responsive-mode-768\" ><div class=\"edgtf-eh-item\"  data-item-class=\"edgtf-eh-custom-7006\" data-768-1024=\"0 50px 50px 65px\" data-680-768=\"0 5px 50px 5px\" data-680=\"0 5px 50px 5px\">\n\t<div class=\"edgtf-eh-item-inner\">\n\t\t<div class=\"edgtf-eh-item-content edgtf-eh-custom-7006\" >\n\t\t\t<div class=\"edgtf-image-with-text-holder\">\n    <div class=\"edgtf-iwt-image\">\n                                                                    <\/div>\n    <div class=\"edgtf-iwt-text-holder\">\n                    <h5 class=\"edgtf-iwt-title\" style=\"color: #ffffff;margin-top: 40px\">Cria\u00e7\u00e3o<\/h5>\n        \t\t            <p class=\"edgtf-iwt-text\" style=\"color: #999999;margin-top: -2px\">Coletivo casadalapa<\/p>\n            <\/div>\n<\/div>\t\t<\/div>\n\t<\/div>\n<\/div><\/div><\/div><\/div><\/div><div class=\"wpb_column vc_column_container vc_col-sm-6 vc_col-lg-3 vc_col-md-6\"><div class=\"vc_column-inner\"><div class=\"wpb_wrapper\"><div class=\"edgtf-elements-holder   edgtf-one-column  edgtf-responsive-mode-768\" ><div class=\"edgtf-eh-item\"  data-item-class=\"edgtf-eh-custom-2763\" data-768-1024=\"0 50px 50px 65px\" data-680-768=\"0 5px 50px 5px\" data-680=\"0 5px 50px 5px\">\n\t<div class=\"edgtf-eh-item-inner\">\n\t\t<div class=\"edgtf-eh-item-content edgtf-eh-custom-2763\" >\n\t\t\t<div class=\"edgtf-image-with-text-holder\">\n    <div class=\"edgtf-iwt-image\">\n                                                                    <\/div>\n    <div class=\"edgtf-iwt-text-holder\">\n        \t\t    <\/div>\n<\/div>\t\t<\/div>\n\t<\/div>\n<\/div><\/div><\/div><\/div><\/div><\/div><\/div><\/div><\/div><\/div><\/div><\/div><div class=\"vc_row wpb_row vc_row-fluid\" style=\"background-color:#000000\"><div class=\"wpb_column vc_column_container vc_col-sm-12\"><div class=\"vc_column-inner\"><div class=\"wpb_wrapper\"><div class=\"edgtf-image-gallery  edgtf-ig-grid-type edgtf-no-space  edgtf-image-behavior-lightbox\">\n\t<div class=\"edgtf-ig-inner edgtf-outer-space edgtf-ig-grid edgtf-ig-three-columns\">\n\t\t\t\t\t<div class=\"edgtf-ig-image edgtf-item-space\">\n\t\t\t\t<div class=\"edgtf-ig-image-inner\">\n\t\t\t\t\t\t\t\t\t\t\t<a itemprop=\"image\" class=\"edgtf-ig-lightbox\" href=\"https:\/\/manjericaofilmes.com.br\/wp-content\/uploads\/2019\/05\/serie_enquadro_pintura.jpg\" data-rel=\"prettyPhoto[image_gallery_pretty_photo-928]\" title=\"serie_enquadro_pintura\">\n\t\t\t\t\t\t\t\t\t\t\t<img loading=\"lazy\" decoding=\"async\" width=\"1000\" height=\"562\" src=\"https:\/\/manjericaofilmes.com.br\/wp-content\/uploads\/2019\/05\/serie_enquadro_pintura.jpg\" class=\"attachment-full size-full\" alt=\"\" srcset=\"https:\/\/manjericaofilmes.com.br\/wp-content\/uploads\/2019\/05\/serie_enquadro_pintura.jpg 1000w, https:\/\/manjericaofilmes.com.br\/wp-content\/uploads\/2019\/05\/serie_enquadro_pintura-600x337.jpg 600w, https:\/\/manjericaofilmes.com.br\/wp-content\/uploads\/2019\/05\/serie_enquadro_pintura-300x169.jpg 300w, https:\/\/manjericaofilmes.com.br\/wp-content\/uploads\/2019\/05\/serie_enquadro_pintura-768x432.jpg 768w\" sizes=\"auto, (max-width: 1000px) 100vw, 1000px\" \/>\t\t\t\t\t\t\t\t\t\t\t\t\t\t\t\t\t<\/a>\n\t\t\t\t\t\t\t\t\t<\/div>\n\t\t\t<\/div>\n\t\t\t\t\t<div class=\"edgtf-ig-image edgtf-item-space\">\n\t\t\t\t<div class=\"edgtf-ig-image-inner\">\n\t\t\t\t\t\t\t\t\t\t\t<a itemprop=\"image\" class=\"edgtf-ig-lightbox\" href=\"https:\/\/manjericaofilmes.com.br\/wp-content\/uploads\/2019\/05\/serie_enquadro_grade.jpg\" data-rel=\"prettyPhoto[image_gallery_pretty_photo-928]\" title=\"serie_enquadro_grade\">\n\t\t\t\t\t\t\t\t\t\t\t<img loading=\"lazy\" decoding=\"async\" width=\"1000\" height=\"562\" src=\"https:\/\/manjericaofilmes.com.br\/wp-content\/uploads\/2019\/05\/serie_enquadro_grade.jpg\" class=\"attachment-full size-full\" alt=\"\" srcset=\"https:\/\/manjericaofilmes.com.br\/wp-content\/uploads\/2019\/05\/serie_enquadro_grade.jpg 1000w, https:\/\/manjericaofilmes.com.br\/wp-content\/uploads\/2019\/05\/serie_enquadro_grade-600x337.jpg 600w, https:\/\/manjericaofilmes.com.br\/wp-content\/uploads\/2019\/05\/serie_enquadro_grade-300x169.jpg 300w, https:\/\/manjericaofilmes.com.br\/wp-content\/uploads\/2019\/05\/serie_enquadro_grade-768x432.jpg 768w\" sizes=\"auto, (max-width: 1000px) 100vw, 1000px\" \/>\t\t\t\t\t\t\t\t\t\t\t\t\t\t\t\t\t<\/a>\n\t\t\t\t\t\t\t\t\t<\/div>\n\t\t\t<\/div>\n\t\t\t\t\t<div class=\"edgtf-ig-image edgtf-item-space\">\n\t\t\t\t<div class=\"edgtf-ig-image-inner\">\n\t\t\t\t\t\t\t\t\t\t\t<a itemprop=\"image\" class=\"edgtf-ig-lightbox\" href=\"https:\/\/manjericaofilmes.com.br\/wp-content\/uploads\/2019\/05\/serie_enquadro_menina.jpg\" data-rel=\"prettyPhoto[image_gallery_pretty_photo-928]\" title=\"serie_enquadro_menina\">\n\t\t\t\t\t\t\t\t\t\t\t<img loading=\"lazy\" decoding=\"async\" width=\"1000\" height=\"562\" src=\"https:\/\/manjericaofilmes.com.br\/wp-content\/uploads\/2019\/05\/serie_enquadro_menina.jpg\" class=\"attachment-full size-full\" alt=\"\" srcset=\"https:\/\/manjericaofilmes.com.br\/wp-content\/uploads\/2019\/05\/serie_enquadro_menina.jpg 1000w, https:\/\/manjericaofilmes.com.br\/wp-content\/uploads\/2019\/05\/serie_enquadro_menina-600x337.jpg 600w, https:\/\/manjericaofilmes.com.br\/wp-content\/uploads\/2019\/05\/serie_enquadro_menina-300x169.jpg 300w, https:\/\/manjericaofilmes.com.br\/wp-content\/uploads\/2019\/05\/serie_enquadro_menina-768x432.jpg 768w\" sizes=\"auto, (max-width: 1000px) 100vw, 1000px\" \/>\t\t\t\t\t\t\t\t\t\t\t\t\t\t\t\t\t<\/a>\n\t\t\t\t\t\t\t\t\t<\/div>\n\t\t\t<\/div>\n\t\t\t<\/div>\n<\/div><\/div><\/div><\/div><\/div><div class=\"vc_row wpb_row vc_row-fluid\" ><div class=\"wpb_column vc_column_container vc_col-sm-12\"><div class=\"vc_column-inner\"><div class=\"wpb_wrapper\"><div class=\"edgtf-elements-holder   edgtf-one-column  edgtf-responsive-mode-768 edgtf-one-column-alignment-center\" ><div class=\"edgtf-eh-item   edgtf-horizontal-alignment-center\"  data-item-class=\"edgtf-eh-custom-2727\">\n\t<div class=\"edgtf-eh-item-inner\">\n\t\t<div class=\"edgtf-eh-item-content edgtf-eh-custom-2727\" style=\"padding: 0 5% 0 6%\">\n\t\t\t<div class=\"edgtf-tabs  edgtf-tabs-simple\">\n\t<ul class=\"edgtf-tabs-nav clearfix\">\n\t\t\t\t\t<li>\n\t\t\t\t\t\t\t\t\t<a href=\"#tab-equipe\">EQUIPE<\/a>\n\t\t\t\t\t\t\t<\/li>\n\t\t\t\t\t<li>\n\t\t\t\t\t\t\t\t\t<a href=\"#tab-episodios\">EPIS\u00d3DIOS<\/a>\n\t\t\t\t\t\t\t<\/li>\n\t\t\t\t\t<li>\n\t\t\t\t\t\t\t\t\t<a href=\"#tab-informacoes-tecnicas\">INFORMA\u00c7\u00d5ES T\u00c9CNICAS<\/a>\n\t\t\t\t\t\t\t<\/li>\n\t\t\t\t\t<li>\n\t\t\t\t\t\t\t\t\t<a href=\"#tab-premios\">PR\u00caMIOS<\/a>\n\t\t\t\t\t\t\t<\/li>\n\t\t\t<\/ul>\n\t<div class=\"edgtf-tab-container\" id=\"tab-equipe-381\">\n\t<div class=\"wpb_text_column wpb_content_element\" >\n\t\t<div class=\"wpb_wrapper\">\n\t\t\t<p style=\"text-align: left;\"><b>Cria\u00e7\u00e3o<\/b><\/p>\n<p style=\"text-align: left;\"><span style=\"font-weight: 400;\">Artistas Independentes do Coletivo casadalapa: <\/span><\/p>\n<p style=\"text-align: left;\"><span style=\"font-weight: 400;\">Achiles Luciano, Cau\u00ea Novaes, J\u00falio Dojcsar, Murilo Taveira, Rafaella Costa, Silvana Marcondes, \u00c1tila Fragozo, Cesar Meneghetti, Laura Guimar\u00e3es, Newber Machado, Rose D&#8217;Agostino, Simon Simantob, Willem Dias, Beatriz Seigner, Guta Pacheco, Ma\u00edra B\u00fchler, Pedro Noizyman, Sato do Brasil e Zeca Caldeira.<\/span><\/p>\n\n\t\t<\/div>\n\t<\/div>\n<\/div><div class=\"edgtf-tab-container\" id=\"tab-episodios-143\">\n\t<div class=\"wpb_text_column wpb_content_element\" >\n\t\t<div class=\"wpb_wrapper\">\n\t\t\t<p style=\"text-align: left;\"><strong>Epis\u00f3dio 1<\/strong><\/p>\n<p style=\"text-align: left;\"><em><span style=\"font-weight: 400;\">Daqui Pra Frente N\u00e3o Tem Pra Tr\u00e1s<\/span><\/em><\/p>\n<p style=\"text-align: left;\"><span style=\"font-weight: 400;\">Ao receber a not\u00edcia sobre o desastre ambiental em Mariana, Minas Gerais, a personagem sai andando pelas ruas da cidade, revendo em suas mem\u00f3rias as perdas que sofreu.<\/span><\/p>\n<p style=\"text-align: left;\"><strong>Epis\u00f3dio 2<\/strong><\/p>\n<p style=\"text-align: left;\"><em><span style=\"font-weight: 400;\">Era Uma Vez Agora<\/span><\/em><\/p>\n<p style=\"text-align: left;\"><span style=\"font-weight: 400;\">Incumbida de cuidar de seu irm\u00e3o mais novo, Jenifer entra em p\u00e2nico ao perceber que ele sumiu de sua vista. Ela sai pelas ruas do bairro, deparando-se com interven\u00e7\u00f5es que remetem ao que significa ser crian\u00e7a na Cracol\u00e2ndia, na regi\u00e3o central de S\u00e3o Paulo.<\/span><\/p>\n<p style=\"text-align: left;\"><strong>Epis\u00f3dio 3<\/strong><\/p>\n<p style=\"text-align: left;\"><em><span style=\"font-weight: 400;\">A Festa \u00e9 a Luta<\/span><\/em><\/p>\n<p style=\"text-align: left;\"><span style=\"font-weight: 400;\">Em meio \u00e0 crise h\u00eddrica, a personagem empreende uma busca por \u00e1gua. Perambula com seus baldes pelas ruas do Morro do Querosene, na Zona Oeste de S\u00e3o Paulo, e em seu trajeto encontra manifesta\u00e7\u00f5es art\u00edsticas e culturais do local.<\/span><\/p>\n<p style=\"text-align: left;\"><strong>Epis\u00f3dio 4<\/strong><\/p>\n<p style=\"text-align: left;\"><em><span style=\"font-weight: 400;\">Hoje N\u00e3o Tem Chamada<\/span><\/em><\/p>\n<p style=\"text-align: left;\"><span style=\"font-weight: 400;\">Um professor da rede p\u00fablica e seus alunos debatem a quest\u00e3o da educa\u00e7\u00e3o partindo da realidade de sua pr\u00f3pria escola, na Zona Norte de S\u00e3o Paulo.<\/span><\/p>\n<p style=\"text-align: left;\"><strong>Epis\u00f3dio 5<\/strong><\/p>\n<p style=\"text-align: left;\"><em>Mar de Dentro<\/em><\/p>\n<p style=\"text-align: left;\"><span style=\"font-weight: 400;\">Ao atravessar a balsa que faz o trajeto entre o continente e a ilha do Boror\u00e9, no extremo sul da capital paulista, um pescador busca o elo perdido onde outrora foi uma regi\u00e3o de casas de veraneio e hoje esta superpopulosa pela ocupa\u00e7\u00e3o n\u00e3o planejada de \u00e1reas de mananciais.<\/span><\/p>\n\n\t\t<\/div>\n\t<\/div>\n<\/div><div class=\"edgtf-tab-container\" id=\"tab-informacoes-tecnicas-246\">\n\t<div class=\"wpb_text_column wpb_content_element\" >\n\t\t<div class=\"wpb_wrapper\">\n\t\t\t<p style=\"text-align: left;\"><b>G\u00eanero<\/b><\/p>\n<p style=\"text-align: left;\"><span style=\"font-weight: 400;\">Documenta\u00e7\u00e3o \/ Drama<\/span><\/p>\n<p style=\"text-align: left;\"><b>Pa\u00eds de produ\u00e7\u00e3o<\/b><\/p>\n<p style=\"text-align: left;\"><span style=\"font-weight: 400;\">Brasil<\/span><span style=\"font-weight: 400;\">\u00a0<\/span><\/p>\n<p style=\"text-align: left;\"><b>Idioma<\/b><\/p>\n<p style=\"text-align: left;\"><span style=\"font-weight: 400;\">Portugu\u00eas<\/span><\/p>\n<p style=\"text-align: left;\"><b>Ano de produ\u00e7\u00e3o<\/b><\/p>\n<p style=\"text-align: left;\"><span style=\"font-weight: 400;\">2016<\/span><\/p>\n<p style=\"text-align: left;\"><strong>Epis\u00f3dios<\/strong><\/p>\n<p style=\"text-align: left;\">5<\/p>\n<p style=\"text-align: left;\"><b>Dura\u00e7\u00e3o<\/b><\/p>\n<p style=\"text-align: left;\"><span style=\"font-weight: 400;\">5 minutos por epis\u00f3dio<\/span><\/p>\n<p style=\"text-align: left;\"><b>Exibi\u00e7\u00e3o nacional<\/b><\/p>\n<p style=\"text-align: left;\"><span style=\"font-weight: 400;\">TVs p\u00fablicas, educativas, universit\u00e1rias e comunit\u00e1rias de todo o Brasil, atrav\u00e9s do aporte do edital BRDE\/FSA \u2013 PRODAV \u2013 TVS P\u00daBLICAS\/2014 (Sudeste).<\/span><\/p>\n<p style=\"text-align: left;\"><b>Licenciamento de exibi\u00e7\u00e3o<\/b><\/p>\n<p style=\"text-align: left;\"><span style=\"font-weight: 400;\">Canal CINEBRASiLTV<\/span><\/p>\n\n\t\t<\/div>\n\t<\/div>\n<\/div><div class=\"edgtf-tab-container\" id=\"tab-premios-496\">\n\t<div class=\"wpb_text_column wpb_content_element\" >\n\t\t<div class=\"wpb_wrapper\">\n\t\t\t<p style=\"text-align: left;\"><span style=\"font-weight: 400;\">10\u00ba Festival de Curtas Metragens de Direitos Humanos \u201cEntretodos\u201d \u2013 Pr\u00eamio Reduto para o epis\u00f3dio 2 <\/span><i><span style=\"font-weight: 400;\">Era Uma Vez Agora <\/span><\/i><span style=\"font-weight: 400;\">\u2013 2017<\/span><\/p>\n\n\t\t<\/div>\n\t<\/div>\n<\/div><\/div>\t\t<\/div>\n\t<\/div>\n<\/div><\/div><\/div><\/div><\/div><\/div>\n<\/div>","protected":false},"excerpt":{"rendered":"Enquadro 5x5 (2017) s\u00e9rie A s\u00e9rie retrata cinco territ\u00f3rios de S\u00e3o Paulo atrav\u00e9s da intera\u00e7\u00e3o de diversos [...]","protected":false},"author":1,"featured_media":0,"parent":0,"menu_order":0,"comment_status":"closed","ping_status":"closed","template":"full-width.php","meta":{"footnotes":""},"class_list":["post-4058","page","type-page","status-publish","hentry"],"_links":{"self":[{"href":"https:\/\/manjericaofilmes.com.br\/en\/wp-json\/wp\/v2\/pages\/4058","targetHints":{"allow":["GET"]}}],"collection":[{"href":"https:\/\/manjericaofilmes.com.br\/en\/wp-json\/wp\/v2\/pages"}],"about":[{"href":"https:\/\/manjericaofilmes.com.br\/en\/wp-json\/wp\/v2\/types\/page"}],"author":[{"embeddable":true,"href":"https:\/\/manjericaofilmes.com.br\/en\/wp-json\/wp\/v2\/users\/1"}],"replies":[{"embeddable":true,"href":"https:\/\/manjericaofilmes.com.br\/en\/wp-json\/wp\/v2\/comments?post=4058"}],"version-history":[{"count":4,"href":"https:\/\/manjericaofilmes.com.br\/en\/wp-json\/wp\/v2\/pages\/4058\/revisions"}],"predecessor-version":[{"id":4692,"href":"https:\/\/manjericaofilmes.com.br\/en\/wp-json\/wp\/v2\/pages\/4058\/revisions\/4692"}],"wp:attachment":[{"href":"https:\/\/manjericaofilmes.com.br\/en\/wp-json\/wp\/v2\/media?parent=4058"}],"curies":[{"name":"wp","href":"https:\/\/api.w.org\/{rel}","templated":true}]}}