{"id":4066,"date":"2023-05-17T01:54:30","date_gmt":"2023-05-17T01:54:30","guid":{"rendered":"https:\/\/manjericaofilmes.com.br\/?page_id=4066"},"modified":"2024-02-16T11:24:16","modified_gmt":"2024-02-16T11:24:16","slug":"super-old-boy","status":"publish","type":"page","link":"https:\/\/manjericaofilmes.com.br\/en\/super-old-boy\/","title":{"rendered":"Super Old Boy"},"content":{"rendered":"<div class=\"wpb-content-wrapper\"><div class=\"vc_row wpb_row vc_row-fluid\" ><div class=\"wpb_column vc_column_container vc_col-sm-12\"><div class=\"vc_column-inner\"><div class=\"wpb_wrapper\"><div class=\"edgtf-video-button-holder  edgtf-vb-has-img\">\n\t<div class=\"edgtf-video-button-image\">\n\t\t<img loading=\"lazy\" decoding=\"async\" width=\"1797\" height=\"1047\" src=\"https:\/\/manjericaofilmes.com.br\/wp-content\/uploads\/2023\/05\/Super_OldBoy_-_Still_14.jpg\" class=\"attachment-full size-full\" alt=\"\" srcset=\"https:\/\/manjericaofilmes.com.br\/wp-content\/uploads\/2023\/05\/Super_OldBoy_-_Still_14.jpg 1797w, https:\/\/manjericaofilmes.com.br\/wp-content\/uploads\/2023\/05\/Super_OldBoy_-_Still_14-300x175.jpg 300w, https:\/\/manjericaofilmes.com.br\/wp-content\/uploads\/2023\/05\/Super_OldBoy_-_Still_14-1024x597.jpg 1024w, https:\/\/manjericaofilmes.com.br\/wp-content\/uploads\/2023\/05\/Super_OldBoy_-_Still_14-768x447.jpg 768w, https:\/\/manjericaofilmes.com.br\/wp-content\/uploads\/2023\/05\/Super_OldBoy_-_Still_14-1536x895.jpg 1536w, https:\/\/manjericaofilmes.com.br\/wp-content\/uploads\/2023\/05\/Super_OldBoy_-_Still_14-600x350.jpg 600w\" sizes=\"auto, (max-width: 1797px) 100vw, 1797px\" \/>\t<\/div>\n\t\t\t<a class=\"edgtf-video-button-play\" href=\"https:\/\/vimeo.com\/179365442\" data-rel=\"prettyPhoto[video_button_pretty_photo_427]\">\n\t\t\t<span class=\"edgtf-video-button-play-inner\">\n\t\t\t\t<svg version=\"1.1\" xmlns=\"http:\/\/www.w3.org\/2000\/svg\" xmlns:xlink=\"http:\/\/www.w3.org\/1999\/xlink\" x=\"0px\" y=\"0px\"\n\t\t\t\t\t width=\"41.917px\" height=\"45.998px\" viewbox=\"0 0 41.917 45.998\" enable-background=\"new 0 0 41.917 45.998\" xml:space=\"preserve\">\n\t\t\t\t<g>\n\t\t\t\t\t<path fill=\"none\" stroke=\"#FFFFFF\" stroke-width=\"2\" stroke-miterlimit=\"10\" d=\"M3.183,44.579\t\t\t\t\t\tc-0.864,0.474-1.561,0.056-1.561-0.921V2.623c0-0.977,0.697-1.395,1.561-0.921l37.022,20.574c0.864,0.474,0.864,1.255,0,1.729\t\t\t\t\t\tL3.183,44.579z\"\/>\n\t\t\t\t<\/g>\n\t\t\t\t<\/svg>\n\t\t\t<\/span>\n\t\t<\/a>\n\t<\/div><\/div><\/div><\/div><\/div><div class=\"edgtf-row-grid-section-wrapper edgtf-parallax-row-holder edgtf-content-aligment-center\" data-parallax-bg-image=\"https:\/\/manjericaofilmes.com.br\/wp-content\/uploads\/2018\/04\/home-8-parallax-2.jpg\" data-parallax-bg-speed=\"1\" ><div class=\"edgtf-row-grid-section\"><div class=\"vc_row wpb_row vc_row-fluid vc_custom_1525705000684\" ><div class=\"wpb_column vc_column_container vc_col-sm-12\"><div class=\"vc_column-inner\"><div class=\"wpb_wrapper\"><div class=\"edgtf-elements-holder   edgtf-one-column  edgtf-responsive-mode-768\" ><div class=\"edgtf-eh-item\"  data-item-class=\"edgtf-eh-custom-4211\">\n\t<div class=\"edgtf-eh-item-inner\">\n\t\t<div class=\"edgtf-eh-item-content edgtf-eh-custom-4211\" style=\"padding: 0 10% 110px 10%\">\n\t\t\t<div class=\"edgtf-section-title-holder  edgtf-st-standard edgtf-st-title-left edgtf-st-ratio-1-2 edgtf-st-large-space\" >\n\t<div class=\"edgtf-st-inner\">\n\t\t\t\t\t<h2 class=\"edgtf-st-title\" style=\"color: #ffffff\">\n\t\t\t\tSuper Oldboy (2016)\t\t\t<\/h2>\n\t\t\t\t\t\t\t<h6 class=\"edgtf-st-text\" style=\"color: #ffffff\">\n\t\t\t\tcurta-metragem\t\t\t<\/h6>\n\t\t\t<\/div>\n<\/div><div class=\"vc_empty_space\"   style=\"height: 12px\"><span class=\"vc_empty_space_inner\"><\/span><\/div>\n\t<div class=\"wpb_text_column wpb_content_element\" >\n\t\t<div class=\"wpb_wrapper\">\n\t\t\t<p><span style=\"font-weight: 400;\">Bil \u00e9 idoso e trabalha como office-boy para uma firma, pois n\u00e3o paga passagem de \u00f4nibus e n\u00e3o pega fila no banco. Habituado a andar com jovens, Bil adquiriu o jeit\u00e3o jovem dos boys de S\u00e3o Paulo: t\u00eanis de \u201clingu\u00e3o\u201d, bon\u00e9 e ginga de hip hop. Tamb\u00e9m adora ler o Super Oldboy, HQ de um super-her\u00f3i idoso com as manias t\u00edpicas da velhice que combate os crimes em S\u00e3o Paulo. Certo dia, Bil se envolve em um inusitado assalto a banco.\u00a0<\/span><\/p>\n<p><span style=\"font-weight: 400;\">O filme \u00e9 uma s\u00e1tira bem humorada da paradoxal situa\u00e7\u00e3o do idoso contratado como boy, muito comum em S\u00e3o Paulo.<\/span><\/p>\n\n\t\t<\/div>\n\t<\/div>\n\t\t<\/div>\n\t<\/div>\n<\/div><\/div><div class=\"vc_row wpb_row vc_inner vc_row-fluid edgtf-content-aligment-center\" ><div class=\"wpb_column vc_column_container vc_col-sm-6 vc_col-lg-3 vc_col-md-6\"><div class=\"vc_column-inner\"><div class=\"wpb_wrapper\"><div class=\"edgtf-elements-holder   edgtf-one-column  edgtf-responsive-mode-768\" ><div class=\"edgtf-eh-item\"  data-item-class=\"edgtf-eh-custom-4685\" data-768-1024=\"0 50px 50px 65px\" data-680-768=\"0 5px 50px 5px\" data-680=\"0 5px 50px 5px\">\n\t<div class=\"edgtf-eh-item-inner\">\n\t\t<div class=\"edgtf-eh-item-content edgtf-eh-custom-4685\" >\n\t\t\t<div class=\"edgtf-image-with-text-holder\">\n    <div class=\"edgtf-iwt-image\">\n                                                                    <\/div>\n    <div class=\"edgtf-iwt-text-holder\">\n                    <h5 class=\"edgtf-iwt-title\" style=\"color: #ffffff;margin-top: 40px\">Produ\u00e7\u00e3o<\/h5>\n        \t\t            <p class=\"edgtf-iwt-text\" style=\"color: #999999;margin-top: -2px\">Manjeric\u00e3o Filmes<\/p>\n            <\/div>\n<\/div>\t\t<\/div>\n\t<\/div>\n<\/div><\/div><\/div><\/div><\/div><div class=\"wpb_column vc_column_container vc_col-sm-6 vc_col-lg-3 vc_col-md-6\"><div class=\"vc_column-inner\"><div class=\"wpb_wrapper\"><div class=\"edgtf-elements-holder   edgtf-one-column  edgtf-responsive-mode-768\" ><div class=\"edgtf-eh-item\"  data-item-class=\"edgtf-eh-custom-6996\" data-768-1024=\"0 50px 50px 65px\" data-680-768=\"0 5px 50px 5px\" data-680=\"0 5px 50px 5px\">\n\t<div class=\"edgtf-eh-item-inner\">\n\t\t<div class=\"edgtf-eh-item-content edgtf-eh-custom-6996\" >\n\t\t\t<div class=\"edgtf-image-with-text-holder\">\n    <div class=\"edgtf-iwt-image\">\n                                                                    <\/div>\n    <div class=\"edgtf-iwt-text-holder\">\n                    <h5 class=\"edgtf-iwt-title\" style=\"color: #ffffff;margin-top: 40px\">Coprodu\u00e7\u00e3o<\/h5>\n        \t\t            <p class=\"edgtf-iwt-text\" style=\"color: #999999;margin-top: -2px\">Perisc\u00f3pio Filmes<\/p>\n            <\/div>\n<\/div>\t\t<\/div>\n\t<\/div>\n<\/div><\/div><\/div><\/div><\/div><div class=\"wpb_column vc_column_container vc_col-sm-6 vc_col-lg-3 vc_col-md-6\"><div class=\"vc_column-inner\"><div class=\"wpb_wrapper\"><div class=\"edgtf-elements-holder   edgtf-one-column  edgtf-responsive-mode-768\" ><div class=\"edgtf-eh-item\"  data-item-class=\"edgtf-eh-custom-1393\" data-768-1024=\"0 50px 50px 65px\" data-680-768=\"0 5px 50px 5px\" data-680=\"0 5px 50px 5px\">\n\t<div class=\"edgtf-eh-item-inner\">\n\t\t<div class=\"edgtf-eh-item-content edgtf-eh-custom-1393\" >\n\t\t\t<div class=\"edgtf-image-with-text-holder\">\n    <div class=\"edgtf-iwt-image\">\n                                                                    <\/div>\n    <div class=\"edgtf-iwt-text-holder\">\n                    <h5 class=\"edgtf-iwt-title\" style=\"color: #ffffff;margin-top: 40px\">Dire\u00e7\u00e3o<\/h5>\n        \t\t            <p class=\"edgtf-iwt-text\" style=\"color: #999999;margin-top: -2px\">Eliane Coster<\/p>\n            <\/div>\n<\/div>\t\t<\/div>\n\t<\/div>\n<\/div><\/div><\/div><\/div><\/div><div class=\"wpb_column vc_column_container vc_col-sm-6 vc_col-lg-3 vc_col-md-6\"><div class=\"vc_column-inner\"><div class=\"wpb_wrapper\"><div class=\"edgtf-elements-holder   edgtf-one-column  edgtf-responsive-mode-768\" ><div class=\"edgtf-eh-item\"  data-item-class=\"edgtf-eh-custom-7299\" data-768-1024=\"0 50px 50px 65px\" data-680-768=\"0 5px 50px 5px\" data-680=\"0 5px 50px 5px\">\n\t<div class=\"edgtf-eh-item-inner\">\n\t\t<div class=\"edgtf-eh-item-content edgtf-eh-custom-7299\" >\n\t\t\t<div class=\"edgtf-image-with-text-holder\">\n    <div class=\"edgtf-iwt-image\">\n                                                                    <\/div>\n    <div class=\"edgtf-iwt-text-holder\">\n                    <h5 class=\"edgtf-iwt-title\" style=\"color: #ffffff;margin-top: 40px\">Roteiro<\/h5>\n        \t\t            <p class=\"edgtf-iwt-text\" style=\"color: #999999;margin-top: -2px\">Eliane Coster<\/p>\n            <\/div>\n<\/div>\t\t<\/div>\n\t<\/div>\n<\/div><\/div><\/div><\/div><\/div><\/div><\/div><\/div><\/div><\/div><\/div><\/div><div class=\"vc_row wpb_row vc_row-fluid\" style=\"background-color:#000000\"><div class=\"wpb_column vc_column_container vc_col-sm-12\"><div class=\"vc_column-inner\"><div class=\"wpb_wrapper\"><div class=\"edgtf-image-gallery  edgtf-ig-grid-type edgtf-no-space  edgtf-image-behavior-lightbox\">\n\t<div class=\"edgtf-ig-inner edgtf-outer-space edgtf-ig-grid edgtf-ig-three-columns\">\n\t\t\t\t\t<div class=\"edgtf-ig-image edgtf-item-space\">\n\t\t\t\t<div class=\"edgtf-ig-image-inner\">\n\t\t\t\t\t\t\t\t\t\t\t<a itemprop=\"image\" class=\"edgtf-ig-lightbox\" href=\"https:\/\/manjericaofilmes.com.br\/wp-content\/uploads\/2019\/05\/curta_supoer_oldboy.jpg\" data-rel=\"prettyPhoto[image_gallery_pretty_photo-701]\" title=\"curta_supoer_oldboy\">\n\t\t\t\t\t\t\t\t\t\t\t<img loading=\"lazy\" decoding=\"async\" width=\"1000\" height=\"603\" src=\"https:\/\/manjericaofilmes.com.br\/wp-content\/uploads\/2019\/05\/curta_supoer_oldboy.jpg\" class=\"attachment-full size-full\" alt=\"\" srcset=\"https:\/\/manjericaofilmes.com.br\/wp-content\/uploads\/2019\/05\/curta_supoer_oldboy.jpg 1000w, https:\/\/manjericaofilmes.com.br\/wp-content\/uploads\/2019\/05\/curta_supoer_oldboy-600x362.jpg 600w, https:\/\/manjericaofilmes.com.br\/wp-content\/uploads\/2019\/05\/curta_supoer_oldboy-300x181.jpg 300w, https:\/\/manjericaofilmes.com.br\/wp-content\/uploads\/2019\/05\/curta_supoer_oldboy-768x463.jpg 768w\" sizes=\"auto, (max-width: 1000px) 100vw, 1000px\" \/>\t\t\t\t\t\t\t\t\t\t\t\t\t\t\t\t\t<\/a>\n\t\t\t\t\t\t\t\t\t<\/div>\n\t\t\t<\/div>\n\t\t\t\t\t<div class=\"edgtf-ig-image edgtf-item-space\">\n\t\t\t\t<div class=\"edgtf-ig-image-inner\">\n\t\t\t\t\t\t\t\t\t\t\t<a itemprop=\"image\" class=\"edgtf-ig-lightbox\" href=\"https:\/\/manjericaofilmes.com.br\/wp-content\/uploads\/2019\/05\/curta_supoer_oldboy_3.jpg\" data-rel=\"prettyPhoto[image_gallery_pretty_photo-701]\" title=\"curta_supoer_oldboy_3\">\n\t\t\t\t\t\t\t\t\t\t\t<img loading=\"lazy\" decoding=\"async\" width=\"1000\" height=\"603\" src=\"https:\/\/manjericaofilmes.com.br\/wp-content\/uploads\/2019\/05\/curta_supoer_oldboy_3.jpg\" class=\"attachment-full size-full\" alt=\"\" srcset=\"https:\/\/manjericaofilmes.com.br\/wp-content\/uploads\/2019\/05\/curta_supoer_oldboy_3.jpg 1000w, https:\/\/manjericaofilmes.com.br\/wp-content\/uploads\/2019\/05\/curta_supoer_oldboy_3-600x362.jpg 600w, https:\/\/manjericaofilmes.com.br\/wp-content\/uploads\/2019\/05\/curta_supoer_oldboy_3-300x181.jpg 300w, https:\/\/manjericaofilmes.com.br\/wp-content\/uploads\/2019\/05\/curta_supoer_oldboy_3-768x463.jpg 768w\" sizes=\"auto, (max-width: 1000px) 100vw, 1000px\" \/>\t\t\t\t\t\t\t\t\t\t\t\t\t\t\t\t\t<\/a>\n\t\t\t\t\t\t\t\t\t<\/div>\n\t\t\t<\/div>\n\t\t\t\t\t<div class=\"edgtf-ig-image edgtf-item-space\">\n\t\t\t\t<div class=\"edgtf-ig-image-inner\">\n\t\t\t\t\t\t\t\t\t\t\t<a itemprop=\"image\" class=\"edgtf-ig-lightbox\" href=\"https:\/\/manjericaofilmes.com.br\/wp-content\/uploads\/2019\/05\/curta_supoer_oldboy_capa.jpg\" data-rel=\"prettyPhoto[image_gallery_pretty_photo-701]\" title=\"curta_supoer_oldboy_capa\">\n\t\t\t\t\t\t\t\t\t\t\t<img loading=\"lazy\" decoding=\"async\" width=\"1000\" height=\"603\" src=\"https:\/\/manjericaofilmes.com.br\/wp-content\/uploads\/2019\/05\/curta_supoer_oldboy_capa.jpg\" class=\"attachment-full size-full\" alt=\"\" srcset=\"https:\/\/manjericaofilmes.com.br\/wp-content\/uploads\/2019\/05\/curta_supoer_oldboy_capa.jpg 1000w, https:\/\/manjericaofilmes.com.br\/wp-content\/uploads\/2019\/05\/curta_supoer_oldboy_capa-600x362.jpg 600w, https:\/\/manjericaofilmes.com.br\/wp-content\/uploads\/2019\/05\/curta_supoer_oldboy_capa-300x181.jpg 300w, https:\/\/manjericaofilmes.com.br\/wp-content\/uploads\/2019\/05\/curta_supoer_oldboy_capa-768x463.jpg 768w\" sizes=\"auto, (max-width: 1000px) 100vw, 1000px\" \/>\t\t\t\t\t\t\t\t\t\t\t\t\t\t\t\t\t<\/a>\n\t\t\t\t\t\t\t\t\t<\/div>\n\t\t\t<\/div>\n\t\t\t<\/div>\n<\/div><\/div><\/div><\/div><\/div><div class=\"vc_row wpb_row vc_row-fluid\" ><div class=\"wpb_column vc_column_container vc_col-sm-12\"><div class=\"vc_column-inner\"><div class=\"wpb_wrapper\"><div class=\"edgtf-elements-holder   edgtf-one-column  edgtf-responsive-mode-768 edgtf-one-column-alignment-center\" ><div class=\"edgtf-eh-item   edgtf-horizontal-alignment-center\"  data-item-class=\"edgtf-eh-custom-9175\">\n\t<div class=\"edgtf-eh-item-inner\">\n\t\t<div class=\"edgtf-eh-item-content edgtf-eh-custom-9175\" style=\"padding: 0 5% 0 6%\">\n\t\t\t<div class=\"edgtf-tabs  edgtf-tabs-simple\">\n\t<ul class=\"edgtf-tabs-nav clearfix\">\n\t\t\t\t\t<li>\n\t\t\t\t\t\t\t\t\t<a href=\"#tab-equipe\">EQUIPE<\/a>\n\t\t\t\t\t\t\t<\/li>\n\t\t\t\t\t<li>\n\t\t\t\t\t\t\t\t\t<a href=\"#tab-elenco\">ELENCO<\/a>\n\t\t\t\t\t\t\t<\/li>\n\t\t\t\t\t<li>\n\t\t\t\t\t\t\t\t\t<a href=\"#tab-informacoes-tecnicas\">INFORMA\u00c7\u00d5ES T\u00c9CNICAS<\/a>\n\t\t\t\t\t\t\t<\/li>\n\t\t\t\t\t<li>\n\t\t\t\t\t\t\t\t\t<a href=\"#tab-premios\">PR\u00caMIOS<\/a>\n\t\t\t\t\t\t\t<\/li>\n\t\t\t<\/ul>\n\t<div class=\"edgtf-tab-container\" id=\"tab-equipe-344\">\n\t<div class=\"wpb_text_column wpb_content_element\" >\n\t\t<div class=\"wpb_wrapper\">\n\t\t\t<p style=\"text-align: left;\"><span style=\"font-weight: 400;\"><strong>Produtoras:<\/strong> Rafaella Costa e Eliane Coster<\/span><\/p>\n<p style=\"text-align: left;\"><span style=\"font-weight: 400;\"><strong>Produ\u00e7\u00e3o Executiva:<\/strong> Rafaella Costa<\/span><\/p>\n<p style=\"text-align: left;\"><span style=\"font-weight: 400;\"><strong>Dire\u00e7\u00e3o de Fotografia:<\/strong> Pedro Volpe Eliezer <\/span><\/p>\n<p style=\"text-align: left;\"><span style=\"font-weight: 400;\"><strong>Montagem:<\/strong> Fernando Coster<\/span><\/p>\n<p style=\"text-align: left;\"><span style=\"font-weight: 400;\"><strong>Dire\u00e7\u00e3o de Arte:<\/strong> Roberto Eiti Hukai<\/span><\/p>\n<p style=\"text-align: left;\"><span style=\"font-weight: 400;\"><strong>Desenhos:<\/strong> Rafael Anton<\/span><\/p>\n<p style=\"text-align: left;\"><span style=\"font-weight: 400;\"><strong>Som Direto:<\/strong> Diego da Costa<\/span><\/p>\n<p style=\"text-align: left;\"><span style=\"font-weight: 400;\"><strong>Trilha Musical:<\/strong> Kito Siqueira<\/span><\/p>\n<p style=\"text-align: left;\"><span style=\"font-weight: 400;\"><strong>Edi\u00e7\u00e3o de Som:<\/strong> Guile Martins<\/span><\/p>\n<p style=\"text-align: left;\"><span style=\"font-weight: 400;\"><strong>Mixagem:<\/strong> Pedro Noizyman<\/span><\/p>\n<p style=\"text-align: left;\"><span style=\"font-weight: 400;\"><strong>Dire\u00e7\u00e3o de Produ\u00e7\u00e3o:<\/strong> Rafaella Costa<\/span><\/p>\n\n\t\t<\/div>\n\t<\/div>\n<\/div><div class=\"edgtf-tab-container\" id=\"tab-elenco-865\">\n\t<div class=\"wpb_text_column wpb_content_element\" >\n\t\t<div class=\"wpb_wrapper\">\n\t\t\t<p style=\"text-align: left;\"><span style=\"font-weight: 400;\">Jorge Cerrutti<\/span><\/p>\n<p style=\"text-align: left;\"><span style=\"font-weight: 400;\">Elke Maravilha<\/span><\/p>\n<p style=\"text-align: left;\"><span style=\"font-weight: 400;\">Laerte Coutinho<\/span><\/p>\n<p style=\"text-align: left;\"><span style=\"font-weight: 400;\">Jean-Claude Bernardet<\/span><\/p>\n<p style=\"text-align: left;\"><span style=\"font-weight: 400;\">Luiz G\u00ea<\/span><\/p>\n<p style=\"text-align: left;\"><span style=\"font-weight: 400;\">Jos\u00e9 Luiz Sasso<\/span><\/p>\n<p style=\"text-align: left;\"><span style=\"font-weight: 400;\">Nyrce Levin<\/span><\/p>\n<p style=\"text-align: left;\"><span style=\"font-weight: 400;\">Erika Puga<\/span><\/p>\n<p style=\"text-align: left;\"><span style=\"font-weight: 400;\">Nara Sakar\u00ea<\/span><\/p>\n<p style=\"text-align: left;\"><span style=\"font-weight: 400;\">Rudifran Pompeu<\/span><\/p>\n\n\t\t<\/div>\n\t<\/div>\n<\/div><div class=\"edgtf-tab-container\" id=\"tab-informacoes-tecnicas-191\">\n\t<div class=\"wpb_text_column wpb_content_element\" >\n\t\t<div class=\"wpb_wrapper\">\n\t\t\t<p style=\"text-align: left;\"><b>G\u00eanero<\/b><\/p>\n<p style=\"text-align: left;\"><span style=\"font-weight: 400;\">Fic\u00e7\u00e3o \/ Com\u00e9dia, Aventura, Anima\u00e7\u00e3o<\/span><\/p>\n<p style=\"text-align: left;\"><b>Pa\u00eds de produ\u00e7\u00e3o<\/b><\/p>\n<p style=\"text-align: left;\"><span style=\"font-weight: 400;\">Brasil<\/span><span style=\"font-weight: 400;\">\u00a0<\/span><\/p>\n<p style=\"text-align: left;\"><b>Idioma<\/b><\/p>\n<p style=\"text-align: left;\"><span style=\"font-weight: 400;\">Portugu\u00eas<\/span><\/p>\n<p style=\"text-align: left;\"><b>Ano de produ\u00e7\u00e3o<\/b><\/p>\n<p style=\"text-align: left;\"><span style=\"font-weight: 400;\">2015<\/span><\/p>\n<p style=\"text-align: left;\"><b>Dura\u00e7\u00e3o<\/b><\/p>\n<p style=\"text-align: left;\"><span style=\"font-weight: 400;\">13 minutos<\/span><\/p>\n<p style=\"text-align: left;\"><b>Licenciamento<\/b><\/p>\n<p style=\"text-align: left;\"><span style=\"font-weight: 400;\">Canal Brasil<\/span><\/p>\n\n\t\t<\/div>\n\t<\/div>\n<\/div><div class=\"edgtf-tab-container\" id=\"tab-premios-827\">\n\t<div class=\"wpb_text_column wpb_content_element\" >\n\t\t<div class=\"wpb_wrapper\">\n\t\t\t<p style=\"text-align: left;\"><b>Pr\u00eamios<\/b><\/p>\n<p style=\"text-align: left;\"><span style=\"font-weight: 400;\">46\u00ba Festival de Gramado \u2013 Pr\u00eamios de Melhor Curta Metragem (P\u00fablico), Melhor Trilha Sonora de Curta e Men\u00e7\u00e3o Especial para a contribui\u00e7\u00e3o art\u00edstica de Elke Maravilha \u2013 2016<\/span><\/p>\n<p style=\"text-align: left;\"><b>Festivais<\/b><\/p>\n<ul>\n<li style=\"font-weight: 400; text-align: left;\" aria-level=\"1\"><span style=\"font-weight: 400;\">Semana Paulista do Curta-Metragem \u2013 exibi\u00e7\u00e3o na Mostra Competitiva \u2013 2016<\/span><\/li>\n<li style=\"font-weight: 400; text-align: left;\" aria-level=\"1\"><span style=\"font-weight: 400;\">19\u00ba Rencontres du Cin\u00e9ma Sud-Am\u00e9ricain de Marseille \u2013 Exibi\u00e7\u00e3o na mostra competitiva \u2013 2017<\/span><\/li>\n<li style=\"font-weight: 400; text-align: left;\" aria-level=\"1\"><span style=\"font-weight: 400;\">28\u00ba Festival Internacional de Curtas Metragens de S\u00e3o Paulo \u2013 exibi\u00e7\u00e3o na Mostra Panorama Paulista 1 \u2013 2017<\/span><\/li>\n<li style=\"font-weight: 400; text-align: left;\" aria-level=\"1\"><span style=\"font-weight: 400;\">8\u00ba Hollywood Brazilian Film Festival \u2013 exibi\u00e7\u00e3o na Mostra de Curtas Metragens \u2013 2017<\/span><\/li>\n<\/ul>\n\n\t\t<\/div>\n\t<\/div>\n<\/div><\/div>\t\t<\/div>\n\t<\/div>\n<\/div><\/div><\/div><\/div><\/div><\/div>\n<\/div>","protected":false},"excerpt":{"rendered":"Super Oldboy (2016) curta-metragem Bil \u00e9 idoso e trabalha como office-boy para uma firma, pois n\u00e3o paga [...]","protected":false},"author":1,"featured_media":0,"parent":0,"menu_order":0,"comment_status":"closed","ping_status":"closed","template":"full-width.php","meta":{"footnotes":""},"class_list":["post-4066","page","type-page","status-publish","hentry"],"_links":{"self":[{"href":"https:\/\/manjericaofilmes.com.br\/en\/wp-json\/wp\/v2\/pages\/4066","targetHints":{"allow":["GET"]}}],"collection":[{"href":"https:\/\/manjericaofilmes.com.br\/en\/wp-json\/wp\/v2\/pages"}],"about":[{"href":"https:\/\/manjericaofilmes.com.br\/en\/wp-json\/wp\/v2\/types\/page"}],"author":[{"embeddable":true,"href":"https:\/\/manjericaofilmes.com.br\/en\/wp-json\/wp\/v2\/users\/1"}],"replies":[{"embeddable":true,"href":"https:\/\/manjericaofilmes.com.br\/en\/wp-json\/wp\/v2\/comments?post=4066"}],"version-history":[{"count":5,"href":"https:\/\/manjericaofilmes.com.br\/en\/wp-json\/wp\/v2\/pages\/4066\/revisions"}],"predecessor-version":[{"id":4689,"href":"https:\/\/manjericaofilmes.com.br\/en\/wp-json\/wp\/v2\/pages\/4066\/revisions\/4689"}],"wp:attachment":[{"href":"https:\/\/manjericaofilmes.com.br\/en\/wp-json\/wp\/v2\/media?parent=4066"}],"curies":[{"name":"wp","href":"https:\/\/api.w.org\/{rel}","templated":true}]}}