{"id":4105,"date":"2023-05-17T03:50:54","date_gmt":"2023-05-17T03:50:54","guid":{"rendered":"https:\/\/manjericaofilmes.com.br\/?page_id=4105"},"modified":"2024-01-20T23:36:48","modified_gmt":"2024-01-20T23:36:48","slug":"longas-lancados","status":"publish","type":"page","link":"https:\/\/manjericaofilmes.com.br\/en\/longas-lancados\/","title":{"rendered":""},"content":{"rendered":"<div class=\"wpb-content-wrapper\"><div class=\"vc_row wpb_row vc_row-fluid vc_custom_1705791471246 vc_row-has-fill\" style=\"background-color:#0a0a0a\"><div class=\"wpb_column vc_column_container vc_col-sm-12 vc_col-has-fill\"><div class=\"vc_column-inner vc_custom_1705793169168\"><div class=\"wpb_wrapper\"><div class=\"vc_empty_space  vc_custom_1705793157546\"   style=\"height: 30px\"><span class=\"vc_empty_space_inner\"><\/span><\/div><\/div><\/div><\/div><\/div><div class=\"vc_row wpb_row vc_row-fluid vc_custom_1684432111564\" style=\"background-color:#0a0a0a\"><div class=\"wpb_column vc_column_container vc_col-sm-4\"><div class=\"vc_column-inner\"><div class=\"wpb_wrapper\"><div class=\"edgtf-elements-holder   edgtf-one-column  edgtf-responsive-mode-768\" ><div class=\"edgtf-eh-item   edgtf-horizontal-alignment-right\"  data-item-class=\"edgtf-eh-custom-2146\" data-1366-1600=\"0 10% 0 10%\" data-1024-1366=\"0 10% 0 10%\" data-768-1024=\"0 6% 0 5%\" data-680-768=\"0 5% 0 5%\" data-680=\"0 5% 0 5%\">\n\t<div class=\"edgtf-eh-item-inner\">\n\t\t<div class=\"edgtf-eh-item-content edgtf-eh-custom-2146\" style=\"padding: 0 15% 0 16%\">\n\t\t\t<div class=\"edgtf-interactive-image-with-text-holder  edgtf-iiwt-animation\">\n\t\t<div class=\"edgtf-iiwt-inner\">\n\t\t<div class=\"edgtf-iiwt-image\">\n\t\t\t\t\t\t\t<a itemprop=\"url\" href=\"https:\/\/manjericaofilmes.com.br\/en\/levante-2\/\" target=\"_blank\">\n\t\t\t\t\t\t\t\t\t\t\t\t<img loading=\"lazy\" decoding=\"async\" width=\"1701\" height=\"2268\" src=\"https:\/\/manjericaofilmes.com.br\/wp-content\/uploads\/2023\/05\/levante_230526.png\" class=\"attachment-200x100 size-200x100\" alt=\"\" srcset=\"https:\/\/manjericaofilmes.com.br\/wp-content\/uploads\/2023\/05\/levante_230526.png 1701w, https:\/\/manjericaofilmes.com.br\/wp-content\/uploads\/2023\/05\/levante_230526-225x300.png 225w, https:\/\/manjericaofilmes.com.br\/wp-content\/uploads\/2023\/05\/levante_230526-768x1024.png 768w, https:\/\/manjericaofilmes.com.br\/wp-content\/uploads\/2023\/05\/levante_230526-1152x1536.png 1152w, https:\/\/manjericaofilmes.com.br\/wp-content\/uploads\/2023\/05\/levante_230526-1536x2048.png 1536w, https:\/\/manjericaofilmes.com.br\/wp-content\/uploads\/2023\/05\/levante_230526-9x12.png 9w, https:\/\/manjericaofilmes.com.br\/wp-content\/uploads\/2023\/05\/levante_230526-600x800.png 600w\" sizes=\"auto, (max-width: 1701px) 100vw, 1701px\" \/>\t\t\t\t\t\t\t\t\t\t\t<\/a>\n\t\t\t\t\t<\/div>\n\t\t<div class=\"edgtf-iiwt-content\">\n\t\t\t\t\t\t\t<h3 class=\"edgtf-iiwt-title\" >Meu Nome \u00e9 Bagd\u00e1<\/h3>\n\t\t\t\t\t\t\t\t\t\t\t<\/div>\n\t<\/div>\n<\/div>\t\t<\/div>\n\t<\/div>\n<\/div><\/div><\/div><\/div><\/div><div class=\"wpb_column vc_column_container vc_col-sm-4\"><div class=\"vc_column-inner\"><div class=\"wpb_wrapper\"><div class=\"edgtf-elements-holder   edgtf-one-column  edgtf-responsive-mode-768\" ><div class=\"edgtf-eh-item   edgtf-horizontal-alignment-right\"  data-item-class=\"edgtf-eh-custom-3747\" data-1366-1600=\"0 10% 0 10%\" data-1024-1366=\"0 10% 0 10%\" data-768-1024=\"0 6% 0 5%\" data-680-768=\"0 5% 0 5%\" data-680=\"0 5% 0 5%\">\n\t<div class=\"edgtf-eh-item-inner\">\n\t\t<div class=\"edgtf-eh-item-content edgtf-eh-custom-3747\" style=\"padding: 0 15% 0 16%\">\n\t\t\t<div class=\"edgtf-interactive-image-with-text-holder  edgtf-iiwt-animation\">\n\t\t<div class=\"edgtf-iiwt-inner\">\n\t\t<div class=\"edgtf-iiwt-image\">\n\t\t\t\t\t\t\t<a itemprop=\"url\" href=\"https:\/\/manjericaofilmes.com.br\/en\/bagda\/\" target=\"_blank\">\n\t\t\t\t\t\t\t\t\t\t\t\t<img loading=\"lazy\" decoding=\"async\" width=\"1832\" height=\"2560\" src=\"https:\/\/manjericaofilmes.com.br\/wp-content\/uploads\/2023\/05\/Meu-Nome-e-Bagda_Cartaz-scaled.jpg\" class=\"attachment-200x100 size-200x100\" alt=\"\" srcset=\"https:\/\/manjericaofilmes.com.br\/wp-content\/uploads\/2023\/05\/Meu-Nome-e-Bagda_Cartaz-scaled.jpg 1832w, https:\/\/manjericaofilmes.com.br\/wp-content\/uploads\/2023\/05\/Meu-Nome-e-Bagda_Cartaz-215x300.jpg 215w, https:\/\/manjericaofilmes.com.br\/wp-content\/uploads\/2023\/05\/Meu-Nome-e-Bagda_Cartaz-733x1024.jpg 733w, https:\/\/manjericaofilmes.com.br\/wp-content\/uploads\/2023\/05\/Meu-Nome-e-Bagda_Cartaz-768x1073.jpg 768w, https:\/\/manjericaofilmes.com.br\/wp-content\/uploads\/2023\/05\/Meu-Nome-e-Bagda_Cartaz-1099x1536.jpg 1099w, https:\/\/manjericaofilmes.com.br\/wp-content\/uploads\/2023\/05\/Meu-Nome-e-Bagda_Cartaz-1466x2048.jpg 1466w, https:\/\/manjericaofilmes.com.br\/wp-content\/uploads\/2023\/05\/Meu-Nome-e-Bagda_Cartaz-600x838.jpg 600w\" sizes=\"auto, (max-width: 1832px) 100vw, 1832px\" \/>\t\t\t\t\t\t\t\t\t\t\t<\/a>\n\t\t\t\t\t<\/div>\n\t\t<div class=\"edgtf-iiwt-content\">\n\t\t\t\t\t\t\t<h3 class=\"edgtf-iiwt-title\" >Meu Nome \u00e9 Bagd\u00e1<\/h3>\n\t\t\t\t\t\t\t\t\t\t\t<\/div>\n\t<\/div>\n<\/div>\t\t<\/div>\n\t<\/div>\n<\/div><\/div><\/div><\/div><\/div><div class=\"wpb_column vc_column_container vc_col-sm-4\"><div class=\"vc_column-inner\"><div class=\"wpb_wrapper\"><div class=\"edgtf-elements-holder   edgtf-one-column  edgtf-responsive-mode-768\" ><div class=\"edgtf-eh-item   edgtf-horizontal-alignment-right\"  data-item-class=\"edgtf-eh-custom-1759\" data-1366-1600=\"0 10% 0 10%\" data-1024-1366=\"0 10% 0 10%\" data-768-1024=\"0 6% 0 5%\" data-680-768=\"0 5% 0 5%\" data-680=\"0 5% 0 5%\">\n\t<div class=\"edgtf-eh-item-inner\">\n\t\t<div class=\"edgtf-eh-item-content edgtf-eh-custom-1759\" style=\"padding: 0 15% 0 16%\">\n\t\t\t<div class=\"edgtf-interactive-image-with-text-holder  edgtf-iiwt-animation\">\n\t\t<div class=\"edgtf-iiwt-inner\">\n\t\t<div class=\"edgtf-iiwt-image\">\n\t\t\t\t\t\t\t<a itemprop=\"url\" href=\"https:\/\/manjericaofilmes.com.br\/en\/la-fiesta-silenciosa\/\" target=\"_blank\">\n\t\t\t\t\t\t\t\t\t\t\t\t<img loading=\"lazy\" decoding=\"async\" width=\"1000\" height=\"1429\" src=\"https:\/\/manjericaofilmes.com.br\/wp-content\/uploads\/2023\/05\/poster-la-fiesta.jpg\" class=\"attachment-200x100 size-200x100\" alt=\"\" srcset=\"https:\/\/manjericaofilmes.com.br\/wp-content\/uploads\/2023\/05\/poster-la-fiesta.jpg 1000w, https:\/\/manjericaofilmes.com.br\/wp-content\/uploads\/2023\/05\/poster-la-fiesta-210x300.jpg 210w, https:\/\/manjericaofilmes.com.br\/wp-content\/uploads\/2023\/05\/poster-la-fiesta-717x1024.jpg 717w, https:\/\/manjericaofilmes.com.br\/wp-content\/uploads\/2023\/05\/poster-la-fiesta-768x1097.jpg 768w, https:\/\/manjericaofilmes.com.br\/wp-content\/uploads\/2023\/05\/poster-la-fiesta-600x857.jpg 600w\" sizes=\"auto, (max-width: 1000px) 100vw, 1000px\" \/>\t\t\t\t\t\t\t\t\t\t\t<\/a>\n\t\t\t\t\t<\/div>\n\t\t<div class=\"edgtf-iiwt-content\">\n\t\t\t\t\t\t\t<h3 class=\"edgtf-iiwt-title\" >Meu Nome \u00e9 Bagd\u00e1<\/h3>\n\t\t\t\t\t\t\t\t\t\t\t<\/div>\n\t<\/div>\n<\/div>\t\t<\/div>\n\t<\/div>\n<\/div><\/div><\/div><\/div><\/div><\/div><div class=\"vc_row wpb_row vc_row-fluid vc_custom_1684431403276\" style=\"background-color:#0a0a0a\"><div class=\"wpb_column vc_column_container vc_col-sm-4\"><div class=\"vc_column-inner\"><div class=\"wpb_wrapper\"><div class=\"edgtf-elements-holder   edgtf-one-column  edgtf-responsive-mode-768\" ><div class=\"edgtf-eh-item   edgtf-horizontal-alignment-right\"  data-item-class=\"edgtf-eh-custom-1700\" data-1366-1600=\"0 10% 0 10%\" data-1024-1366=\"0 10% 0 10%\" data-768-1024=\"0 6% 0 5%\" data-680-768=\"0 5% 0 5%\" data-680=\"0 5% 0 5%\">\n\t<div class=\"edgtf-eh-item-inner\">\n\t\t<div class=\"edgtf-eh-item-content edgtf-eh-custom-1700\" style=\"padding: 0 15% 0 16%\">\n\t\t\t<div class=\"edgtf-interactive-image-with-text-holder  edgtf-iiwt-animation\">\n\t\t<div class=\"edgtf-iiwt-inner\">\n\t\t<div class=\"edgtf-iiwt-image\">\n\t\t\t\t\t\t\t<a itemprop=\"url\" href=\"https:\/\/manjericaofilmes.com.br\/en\/sequestro-relampago\/\" target=\"_blank\">\n\t\t\t\t\t\t\t\t\t\t\t\t<img loading=\"lazy\" decoding=\"async\" width=\"1000\" height=\"1574\" src=\"https:\/\/manjericaofilmes.com.br\/wp-content\/uploads\/2023\/05\/poster-seuqestro.jpg\" class=\"attachment-200x100 size-200x100\" alt=\"\" srcset=\"https:\/\/manjericaofilmes.com.br\/wp-content\/uploads\/2023\/05\/poster-seuqestro.jpg 1000w, https:\/\/manjericaofilmes.com.br\/wp-content\/uploads\/2023\/05\/poster-seuqestro-191x300.jpg 191w, https:\/\/manjericaofilmes.com.br\/wp-content\/uploads\/2023\/05\/poster-seuqestro-651x1024.jpg 651w, https:\/\/manjericaofilmes.com.br\/wp-content\/uploads\/2023\/05\/poster-seuqestro-768x1209.jpg 768w, https:\/\/manjericaofilmes.com.br\/wp-content\/uploads\/2023\/05\/poster-seuqestro-976x1536.jpg 976w, https:\/\/manjericaofilmes.com.br\/wp-content\/uploads\/2023\/05\/poster-seuqestro-600x944.jpg 600w\" sizes=\"auto, (max-width: 1000px) 100vw, 1000px\" \/>\t\t\t\t\t\t\t\t\t\t\t<\/a>\n\t\t\t\t\t<\/div>\n\t\t<div class=\"edgtf-iiwt-content\">\n\t\t\t\t\t\t\t<h3 class=\"edgtf-iiwt-title\" >Meu Nome \u00e9 Bagd\u00e1<\/h3>\n\t\t\t\t\t\t\t\t\t\t\t<\/div>\n\t<\/div>\n<\/div>\t\t<\/div>\n\t<\/div>\n<\/div><\/div><\/div><\/div><\/div><div class=\"wpb_column vc_column_container vc_col-sm-4\"><div class=\"vc_column-inner\"><div class=\"wpb_wrapper\"><div class=\"edgtf-elements-holder   edgtf-one-column  edgtf-responsive-mode-768\" ><div class=\"edgtf-eh-item   edgtf-horizontal-alignment-right\"  data-item-class=\"edgtf-eh-custom-4160\" data-1366-1600=\"0 10% 0 10%\" data-1024-1366=\"0 10% 0 10%\" data-768-1024=\"0 6% 0 5%\" data-680-768=\"0 5% 0 5%\" data-680=\"0 5% 0 5%\">\n\t<div class=\"edgtf-eh-item-inner\">\n\t\t<div class=\"edgtf-eh-item-content edgtf-eh-custom-4160\" style=\"padding: 0 15% 0 16%\">\n\t\t\t<div class=\"edgtf-interactive-image-with-text-holder  edgtf-iiwt-animation\">\n\t\t<div class=\"edgtf-iiwt-inner\">\n\t\t<div class=\"edgtf-iiwt-image\">\n\t\t\t\t\t\t\t<a itemprop=\"url\" href=\"https:\/\/manjericaofilmes.com.br\/en\/trago-comigo\/\" target=\"_blank\">\n\t\t\t\t\t\t\t\t\t\t\t\t<img loading=\"lazy\" decoding=\"async\" width=\"736\" height=\"1080\" src=\"https:\/\/manjericaofilmes.com.br\/wp-content\/uploads\/2023\/05\/poster-trago-comigo.jpg\" class=\"attachment-200x100 size-200x100\" alt=\"\" srcset=\"https:\/\/manjericaofilmes.com.br\/wp-content\/uploads\/2023\/05\/poster-trago-comigo.jpg 736w, https:\/\/manjericaofilmes.com.br\/wp-content\/uploads\/2023\/05\/poster-trago-comigo-204x300.jpg 204w, https:\/\/manjericaofilmes.com.br\/wp-content\/uploads\/2023\/05\/poster-trago-comigo-698x1024.jpg 698w, https:\/\/manjericaofilmes.com.br\/wp-content\/uploads\/2023\/05\/poster-trago-comigo-600x880.jpg 600w\" sizes=\"auto, (max-width: 736px) 100vw, 736px\" \/>\t\t\t\t\t\t\t\t\t\t\t<\/a>\n\t\t\t\t\t<\/div>\n\t\t<div class=\"edgtf-iiwt-content\">\n\t\t\t\t\t\t\t<h3 class=\"edgtf-iiwt-title\" >Meu Nome \u00e9 Bagd\u00e1<\/h3>\n\t\t\t\t\t\t\t\t\t\t\t<\/div>\n\t<\/div>\n<\/div>\t\t<\/div>\n\t<\/div>\n<\/div><\/div><\/div><\/div><\/div><div class=\"wpb_column vc_column_container vc_col-sm-4\"><div class=\"vc_column-inner\"><div class=\"wpb_wrapper\"><div class=\"edgtf-elements-holder   edgtf-one-column  edgtf-responsive-mode-768\" ><div class=\"edgtf-eh-item   edgtf-horizontal-alignment-right\"  data-item-class=\"edgtf-eh-custom-5253\" data-1366-1600=\"0 10% 0 10%\" data-1024-1366=\"0 10% 0 10%\" data-768-1024=\"0 6% 0 5%\" data-680-768=\"0 5% 0 5%\" data-680=\"0 5% 0 5%\">\n\t<div class=\"edgtf-eh-item-inner\">\n\t\t<div class=\"edgtf-eh-item-content edgtf-eh-custom-5253\" style=\"padding: 0 15% 0 16%\">\n\t\t\t<div class=\"edgtf-interactive-image-with-text-holder  edgtf-iiwt-animation\">\n\t\t<div class=\"edgtf-iiwt-inner\">\n\t\t<div class=\"edgtf-iiwt-image\">\n\t\t\t\t\t\t\t<a itemprop=\"url\" href=\"https:\/\/manjericaofilmes.com.br\/en\/de-menor\/\" target=\"_blank\">\n\t\t\t\t\t\t\t\t\t\t\t\t<img loading=\"lazy\" decoding=\"async\" width=\"905\" height=\"1200\" src=\"https:\/\/manjericaofilmes.com.br\/wp-content\/uploads\/2023\/05\/poster-de-menor.jpg\" class=\"attachment-200x100 size-200x100\" alt=\"\" srcset=\"https:\/\/manjericaofilmes.com.br\/wp-content\/uploads\/2023\/05\/poster-de-menor.jpg 905w, https:\/\/manjericaofilmes.com.br\/wp-content\/uploads\/2023\/05\/poster-de-menor-226x300.jpg 226w, https:\/\/manjericaofilmes.com.br\/wp-content\/uploads\/2023\/05\/poster-de-menor-772x1024.jpg 772w, https:\/\/manjericaofilmes.com.br\/wp-content\/uploads\/2023\/05\/poster-de-menor-768x1018.jpg 768w, https:\/\/manjericaofilmes.com.br\/wp-content\/uploads\/2023\/05\/poster-de-menor-600x796.jpg 600w\" sizes=\"auto, (max-width: 905px) 100vw, 905px\" \/>\t\t\t\t\t\t\t\t\t\t\t<\/a>\n\t\t\t\t\t<\/div>\n\t\t<div class=\"edgtf-iiwt-content\">\n\t\t\t\t\t\t\t<h3 class=\"edgtf-iiwt-title\" >Meu Nome \u00e9 Bagd\u00e1<\/h3>\n\t\t\t\t\t\t\t\t\t\t\t<\/div>\n\t<\/div>\n<\/div>\t\t<\/div>\n\t<\/div>\n<\/div><\/div><\/div><\/div><\/div><\/div>\n<\/div>","protected":false},"excerpt":{"rendered":"Meu Nome \u00e9 Bagd\u00e1 Meu Nome \u00e9 Bagd\u00e1 Meu Nome \u00e9 Bagd\u00e1 Meu Nome \u00e9 Bagd\u00e1 Meu [...]","protected":false},"author":1,"featured_media":0,"parent":0,"menu_order":0,"comment_status":"closed","ping_status":"closed","template":"full-width.php","meta":{"footnotes":""},"class_list":["post-4105","page","type-page","status-publish","hentry"],"_links":{"self":[{"href":"https:\/\/manjericaofilmes.com.br\/en\/wp-json\/wp\/v2\/pages\/4105","targetHints":{"allow":["GET"]}}],"collection":[{"href":"https:\/\/manjericaofilmes.com.br\/en\/wp-json\/wp\/v2\/pages"}],"about":[{"href":"https:\/\/manjericaofilmes.com.br\/en\/wp-json\/wp\/v2\/types\/page"}],"author":[{"embeddable":true,"href":"https:\/\/manjericaofilmes.com.br\/en\/wp-json\/wp\/v2\/users\/1"}],"replies":[{"embeddable":true,"href":"https:\/\/manjericaofilmes.com.br\/en\/wp-json\/wp\/v2\/comments?post=4105"}],"version-history":[{"count":58,"href":"https:\/\/manjericaofilmes.com.br\/en\/wp-json\/wp\/v2\/pages\/4105\/revisions"}],"predecessor-version":[{"id":4668,"href":"https:\/\/manjericaofilmes.com.br\/en\/wp-json\/wp\/v2\/pages\/4105\/revisions\/4668"}],"wp:attachment":[{"href":"https:\/\/manjericaofilmes.com.br\/en\/wp-json\/wp\/v2\/media?parent=4105"}],"curies":[{"name":"wp","href":"https:\/\/api.w.org\/{rel}","templated":true}]}}