{"id":4160,"date":"2023-05-17T05:20:36","date_gmt":"2023-05-17T05:20:36","guid":{"rendered":"https:\/\/manjericaofilmes.com.br\/?page_id=4160"},"modified":"2024-09-24T03:27:59","modified_gmt":"2024-09-24T03:27:59","slug":"4160-2","status":"publish","type":"page","link":"https:\/\/manjericaofilmes.com.br\/en\/","title":{"rendered":""},"content":{"rendered":"<div class=\"wpb-content-wrapper\"><div class=\"vc_row wpb_row vc_row-fluid edgtf-content-aligment-center\" style=\"background-color:#0a0a0a\"><div class=\"wpb_column vc_column_container vc_col-sm-12\"><div class=\"vc_column-inner\"><div class=\"wpb_wrapper\"><div class=\"vc_empty_space  vc_custom_1705793105830\"   style=\"height: 30px\"><span class=\"vc_empty_space_inner\"><\/span><\/div><\/div><\/div><\/div><\/div><div class=\"vc_row wpb_row vc_row-fluid\" ><div class=\"wpb_column vc_column_container vc_col-sm-12\"><div class=\"vc_column-inner\"><div class=\"wpb_wrapper\"><div class=\"edgtf-ils-holder edgtf-ils-skin-light\">\n\t\t\t<div class=\"edgtf-ils-image-holder\" >\n\t\t\t\t\t\t\t\t\t\t\t\t\t\t\t\t\t<div class=\"edgtf-ils-item-image\" style=\"background-image: url(https:\/\/manjericaofilmes.com.br\/wp-content\/uploads\/2023\/06\/Levante_premios-scaled.jpeg)\">\n\t\t\t\t\t\t<img loading=\"lazy\" decoding=\"async\" width=\"2560\" height=\"1275\" src=\"https:\/\/manjericaofilmes.com.br\/wp-content\/uploads\/2023\/06\/Levante_premios-scaled.jpeg\" class=\"attachment-full size-full\" alt=\"\" srcset=\"https:\/\/manjericaofilmes.com.br\/wp-content\/uploads\/2023\/06\/Levante_premios-scaled.jpeg 2560w, https:\/\/manjericaofilmes.com.br\/wp-content\/uploads\/2023\/06\/Levante_premios-300x149.jpeg 300w, https:\/\/manjericaofilmes.com.br\/wp-content\/uploads\/2023\/06\/Levante_premios-1024x510.jpeg 1024w, https:\/\/manjericaofilmes.com.br\/wp-content\/uploads\/2023\/06\/Levante_premios-768x382.jpeg 768w, https:\/\/manjericaofilmes.com.br\/wp-content\/uploads\/2023\/06\/Levante_premios-1536x765.jpeg 1536w, https:\/\/manjericaofilmes.com.br\/wp-content\/uploads\/2023\/06\/Levante_premios-18x9.jpeg 18w, https:\/\/manjericaofilmes.com.br\/wp-content\/uploads\/2023\/06\/Levante_premios-600x299.jpeg 600w\" sizes=\"auto, (max-width: 2560px) 100vw, 2560px\" \/>\t\t\t\t\t<\/div>\n\t\t\t\t\t\t\t\t\t\t\t\t\t\t\t\t\t\t\t\t\t<div class=\"edgtf-ils-item-image\" style=\"background-image: url(https:\/\/manjericaofilmes.com.br\/wp-content\/uploads\/2023\/05\/photographer-Camila-Cornelsen_actors-Grace-Orsatto1-scaled.jpg)\">\n\t\t\t\t\t\t<img loading=\"lazy\" decoding=\"async\" width=\"2560\" height=\"1384\" src=\"https:\/\/manjericaofilmes.com.br\/wp-content\/uploads\/2023\/05\/photographer-Camila-Cornelsen_actors-Grace-Orsatto1-scaled.jpg\" class=\"attachment-full size-full\" alt=\"\" srcset=\"https:\/\/manjericaofilmes.com.br\/wp-content\/uploads\/2023\/05\/photographer-Camila-Cornelsen_actors-Grace-Orsatto1-scaled.jpg 2560w, https:\/\/manjericaofilmes.com.br\/wp-content\/uploads\/2023\/05\/photographer-Camila-Cornelsen_actors-Grace-Orsatto1-300x162.jpg 300w, https:\/\/manjericaofilmes.com.br\/wp-content\/uploads\/2023\/05\/photographer-Camila-Cornelsen_actors-Grace-Orsatto1-1024x554.jpg 1024w, https:\/\/manjericaofilmes.com.br\/wp-content\/uploads\/2023\/05\/photographer-Camila-Cornelsen_actors-Grace-Orsatto1-768x415.jpg 768w, https:\/\/manjericaofilmes.com.br\/wp-content\/uploads\/2023\/05\/photographer-Camila-Cornelsen_actors-Grace-Orsatto1-1536x830.jpg 1536w, https:\/\/manjericaofilmes.com.br\/wp-content\/uploads\/2023\/05\/photographer-Camila-Cornelsen_actors-Grace-Orsatto1-600x324.jpg 600w\" sizes=\"auto, (max-width: 2560px) 100vw, 2560px\" \/>\t\t\t\t\t<\/div>\n\t\t\t\t\t\t\t\t\t\t\t\t\t\t\t\t\t\t\t\t\t<div class=\"edgtf-ils-item-image\" style=\"background-image: url(https:\/\/manjericaofilmes.com.br\/wp-content\/uploads\/2023\/05\/La-Fiesta_Crop.jpg)\">\n\t\t\t\t\t\t<img loading=\"lazy\" decoding=\"async\" width=\"800\" height=\"452\" src=\"https:\/\/manjericaofilmes.com.br\/wp-content\/uploads\/2023\/05\/La-Fiesta_Crop.jpg\" class=\"attachment-full size-full\" alt=\"\" srcset=\"https:\/\/manjericaofilmes.com.br\/wp-content\/uploads\/2023\/05\/La-Fiesta_Crop.jpg 800w, https:\/\/manjericaofilmes.com.br\/wp-content\/uploads\/2023\/05\/La-Fiesta_Crop-300x170.jpg 300w, https:\/\/manjericaofilmes.com.br\/wp-content\/uploads\/2023\/05\/La-Fiesta_Crop-768x434.jpg 768w, https:\/\/manjericaofilmes.com.br\/wp-content\/uploads\/2023\/05\/La-Fiesta_Crop-600x339.jpg 600w\" sizes=\"auto, (max-width: 800px) 100vw, 800px\" \/>\t\t\t\t\t<\/div>\n\t\t\t\t\t\t\t\t\t\t\t\t\t\t\t\t\t\t\t\t\t<div class=\"edgtf-ils-item-image\" style=\"background-image: url(https:\/\/manjericaofilmes.com.br\/wp-content\/uploads\/2023\/05\/Felicidade-Delas_Crop.jpg)\">\n\t\t\t\t\t\t<img loading=\"lazy\" decoding=\"async\" width=\"800\" height=\"452\" src=\"https:\/\/manjericaofilmes.com.br\/wp-content\/uploads\/2023\/05\/Felicidade-Delas_Crop.jpg\" class=\"attachment-full size-full\" alt=\"\" srcset=\"https:\/\/manjericaofilmes.com.br\/wp-content\/uploads\/2023\/05\/Felicidade-Delas_Crop.jpg 800w, https:\/\/manjericaofilmes.com.br\/wp-content\/uploads\/2023\/05\/Felicidade-Delas_Crop-300x170.jpg 300w, https:\/\/manjericaofilmes.com.br\/wp-content\/uploads\/2023\/05\/Felicidade-Delas_Crop-768x434.jpg 768w, https:\/\/manjericaofilmes.com.br\/wp-content\/uploads\/2023\/05\/Felicidade-Delas_Crop-600x339.jpg 600w\" sizes=\"auto, (max-width: 800px) 100vw, 800px\" \/>\t\t\t\t\t<\/div>\n\t\t\t\t\t\t\t\t\t\t\t\t\t\t\t\t\t\t\t\t\t<div class=\"edgtf-ils-item-image\" style=\"background-image: url(https:\/\/manjericaofilmes.com.br\/wp-content\/uploads\/2023\/05\/tangerina-entretenimento-sequestro-relampago-de-tata-amaral-marina-ruy-barbosa-foto-carlos-zalasik-e1684299317823.webp)\">\n\t\t\t\t\t\t<img loading=\"lazy\" decoding=\"async\" width=\"1200\" height=\"675\" src=\"https:\/\/manjericaofilmes.com.br\/wp-content\/uploads\/2023\/05\/tangerina-entretenimento-sequestro-relampago-de-tata-amaral-marina-ruy-barbosa-foto-carlos-zalasik-e1684299317823.webp\" class=\"attachment-full size-full\" alt=\"\" srcset=\"https:\/\/manjericaofilmes.com.br\/wp-content\/uploads\/2023\/05\/tangerina-entretenimento-sequestro-relampago-de-tata-amaral-marina-ruy-barbosa-foto-carlos-zalasik-e1684299317823.webp 1200w, https:\/\/manjericaofilmes.com.br\/wp-content\/uploads\/2023\/05\/tangerina-entretenimento-sequestro-relampago-de-tata-amaral-marina-ruy-barbosa-foto-carlos-zalasik-e1684299317823-300x169.webp 300w, https:\/\/manjericaofilmes.com.br\/wp-content\/uploads\/2023\/05\/tangerina-entretenimento-sequestro-relampago-de-tata-amaral-marina-ruy-barbosa-foto-carlos-zalasik-e1684299317823-1024x576.webp 1024w, https:\/\/manjericaofilmes.com.br\/wp-content\/uploads\/2023\/05\/tangerina-entretenimento-sequestro-relampago-de-tata-amaral-marina-ruy-barbosa-foto-carlos-zalasik-e1684299317823-768x432.webp 768w, https:\/\/manjericaofilmes.com.br\/wp-content\/uploads\/2023\/05\/tangerina-entretenimento-sequestro-relampago-de-tata-amaral-marina-ruy-barbosa-foto-carlos-zalasik-e1684299317823-600x338.webp 600w\" sizes=\"auto, (max-width: 1200px) 100vw, 1200px\" \/>\t\t\t\t\t<\/div>\n\t\t\t\t\t\t\t\t\t\t\t\t\t\t\t\t\t\t\t\t\t<div class=\"edgtf-ils-item-image\" style=\"background-image: url(https:\/\/manjericaofilmes.com.br\/wp-content\/uploads\/2023\/05\/Enquadro_Crop.jpg)\">\n\t\t\t\t\t\t<img loading=\"lazy\" decoding=\"async\" width=\"800\" height=\"452\" src=\"https:\/\/manjericaofilmes.com.br\/wp-content\/uploads\/2023\/05\/Enquadro_Crop.jpg\" class=\"attachment-full size-full\" alt=\"\" srcset=\"https:\/\/manjericaofilmes.com.br\/wp-content\/uploads\/2023\/05\/Enquadro_Crop.jpg 800w, https:\/\/manjericaofilmes.com.br\/wp-content\/uploads\/2023\/05\/Enquadro_Crop-300x170.jpg 300w, https:\/\/manjericaofilmes.com.br\/wp-content\/uploads\/2023\/05\/Enquadro_Crop-768x434.jpg 768w, https:\/\/manjericaofilmes.com.br\/wp-content\/uploads\/2023\/05\/Enquadro_Crop-600x339.jpg 600w\" sizes=\"auto, (max-width: 800px) 100vw, 800px\" \/>\t\t\t\t\t<\/div>\n\t\t\t\t\t\t\t\t\t\t\t\t\t\t\t\t\t\t\t\t\t<div class=\"edgtf-ils-item-image\" style=\"background-image: url(https:\/\/manjericaofilmes.com.br\/wp-content\/uploads\/2019\/05\/projeto_trago_comigo.jpg)\">\n\t\t\t\t\t\t<img loading=\"lazy\" decoding=\"async\" width=\"1000\" height=\"562\" src=\"https:\/\/manjericaofilmes.com.br\/wp-content\/uploads\/2019\/05\/projeto_trago_comigo.jpg\" class=\"attachment-full size-full\" alt=\"\" srcset=\"https:\/\/manjericaofilmes.com.br\/wp-content\/uploads\/2019\/05\/projeto_trago_comigo.jpg 1000w, https:\/\/manjericaofilmes.com.br\/wp-content\/uploads\/2019\/05\/projeto_trago_comigo-600x337.jpg 600w, https:\/\/manjericaofilmes.com.br\/wp-content\/uploads\/2019\/05\/projeto_trago_comigo-300x169.jpg 300w, https:\/\/manjericaofilmes.com.br\/wp-content\/uploads\/2019\/05\/projeto_trago_comigo-768x432.jpg 768w\" sizes=\"auto, (max-width: 1000px) 100vw, 1000px\" \/>\t\t\t\t\t<\/div>\n\t\t\t\t\t\t\t\t\t\t\t\t\t\t\t\t\t\t\t\t\t<div class=\"edgtf-ils-item-image\" style=\"background-image: url(https:\/\/manjericaofilmes.com.br\/wp-content\/uploads\/2019\/05\/filme_de_menor_praia.jpg)\">\n\t\t\t\t\t\t<img loading=\"lazy\" decoding=\"async\" width=\"1100\" height=\"733\" src=\"https:\/\/manjericaofilmes.com.br\/wp-content\/uploads\/2019\/05\/filme_de_menor_praia.jpg\" class=\"attachment-full size-full\" alt=\"\" srcset=\"https:\/\/manjericaofilmes.com.br\/wp-content\/uploads\/2019\/05\/filme_de_menor_praia.jpg 1100w, https:\/\/manjericaofilmes.com.br\/wp-content\/uploads\/2019\/05\/filme_de_menor_praia-600x400.jpg 600w, https:\/\/manjericaofilmes.com.br\/wp-content\/uploads\/2019\/05\/filme_de_menor_praia-300x200.jpg 300w, https:\/\/manjericaofilmes.com.br\/wp-content\/uploads\/2019\/05\/filme_de_menor_praia-768x512.jpg 768w, https:\/\/manjericaofilmes.com.br\/wp-content\/uploads\/2019\/05\/filme_de_menor_praia-1024x682.jpg 1024w, https:\/\/manjericaofilmes.com.br\/wp-content\/uploads\/2019\/05\/filme_de_menor_praia-1080x720.jpg 1080w\" sizes=\"auto, (max-width: 1100px) 100vw, 1100px\" \/>\t\t\t\t\t<\/div>\n\t\t\t\t\t\t\t\t\t<\/div>\n\t\t<div class=\"edgtf-ils-content-holder\">\n\t\t\t<div class=\"edgtf-ils-content-inner\">\n\t\t\t\t<div class=\"edgtf-ils-item-content\">\n\t\t\t\t\t\t\t\t\t\t\t\t\t\t\t\t\t\t<a itemprop=\"url\" class=\"edgtf-ils-item-link\" data-index=\"0\" href=\"https:\/\/manjericaofilmes.com.br\/en\/levante-2\/\"  target=\"_self\">\n\t\t\t\t\t\t\t\t<svg viewbox=\"0 0 1 1\">\n\t\t\t\t\t\t\t\t\t<text x=\"0.5\" y=\"0.75\" font-size=\"1\" text-anchor=\"middle\" stroke-width=\"0.005\">LEVANTE<\/text>\n\t\t\t\t\t\t\t\t<\/svg>\n\t\t\t\t\t\t\t\t<svg class=\"edgtf-ils-svg-clone\" viewbox=\"0 0 1 1\">\n\t\t\t\t\t\t\t\t\t<text x=\"0.5\" y=\"0.75\" font-size=\"1\" text-anchor=\"middle\" stroke-width=\"0.005\">LEVANTE<\/text>\n\t\t\t\t\t\t\t\t<\/svg>\n\t\t\t\t\t\t\t<\/a>\n\t\t\t\t\t\t\t\t\t\t\t\t\t\t\t\t\t\t\t\t\t\t\t\t<a itemprop=\"url\" class=\"edgtf-ils-item-link\" data-index=\"1\" href=\"https:\/\/manjericaofilmes.com.br\/en\/bagda\/\"  target=\"_self\">\n\t\t\t\t\t\t\t\t<svg viewbox=\"0 0 1 1\">\n\t\t\t\t\t\t\t\t\t<text x=\"0.5\" y=\"0.75\" font-size=\"1\" text-anchor=\"middle\" stroke-width=\"0.005\">MEU NOME \u00c9 BAGD\u00c1<\/text>\n\t\t\t\t\t\t\t\t<\/svg>\n\t\t\t\t\t\t\t\t<svg class=\"edgtf-ils-svg-clone\" viewbox=\"0 0 1 1\">\n\t\t\t\t\t\t\t\t\t<text x=\"0.5\" y=\"0.75\" font-size=\"1\" text-anchor=\"middle\" stroke-width=\"0.005\">MEU NOME \u00c9 BAGD\u00c1<\/text>\n\t\t\t\t\t\t\t\t<\/svg>\n\t\t\t\t\t\t\t<\/a>\n\t\t\t\t\t\t\t\t\t\t\t\t\t\t\t\t\t\t\t\t\t\t\t\t<a itemprop=\"url\" class=\"edgtf-ils-item-link\" data-index=\"2\" href=\"https:\/\/manjericaofilmes.com.br\/en\/la-fiesta-silenciosa\/%20\/\"  target=\"_self\">\n\t\t\t\t\t\t\t\t<svg viewbox=\"0 0 1 1\">\n\t\t\t\t\t\t\t\t\t<text x=\"0.5\" y=\"0.75\" font-size=\"1\" text-anchor=\"middle\" stroke-width=\"0.005\">LA FIESTA SILENCIOSA<\/text>\n\t\t\t\t\t\t\t\t<\/svg>\n\t\t\t\t\t\t\t\t<svg class=\"edgtf-ils-svg-clone\" viewbox=\"0 0 1 1\">\n\t\t\t\t\t\t\t\t\t<text x=\"0.5\" y=\"0.75\" font-size=\"1\" text-anchor=\"middle\" stroke-width=\"0.005\">LA FIESTA SILENCIOSA<\/text>\n\t\t\t\t\t\t\t\t<\/svg>\n\t\t\t\t\t\t\t<\/a>\n\t\t\t\t\t\t\t\t\t\t\t\t\t\t\t\t\t\t\t\t\t\t\t\t<a itemprop=\"url\" class=\"edgtf-ils-item-link\" data-index=\"3\" href=\"https:\/\/manjericaofilmes.com.br\/en\/a-felicidade-delas\/%20\/\"  target=\"_self\">\n\t\t\t\t\t\t\t\t<svg viewbox=\"0 0 1 1\">\n\t\t\t\t\t\t\t\t\t<text x=\"0.5\" y=\"0.75\" font-size=\"1\" text-anchor=\"middle\" stroke-width=\"0.005\">A FELICIDADE DELAS<\/text>\n\t\t\t\t\t\t\t\t<\/svg>\n\t\t\t\t\t\t\t\t<svg class=\"edgtf-ils-svg-clone\" viewbox=\"0 0 1 1\">\n\t\t\t\t\t\t\t\t\t<text x=\"0.5\" y=\"0.75\" font-size=\"1\" text-anchor=\"middle\" stroke-width=\"0.005\">A FELICIDADE DELAS<\/text>\n\t\t\t\t\t\t\t\t<\/svg>\n\t\t\t\t\t\t\t<\/a>\n\t\t\t\t\t\t\t\t\t\t\t\t\t\t\t\t\t\t\t\t\t\t\t\t<a itemprop=\"url\" class=\"edgtf-ils-item-link\" data-index=\"4\" href=\"https:\/\/manjericaofilmes.com.br\/en\/sequestro-relampago\/\"  target=\"_self\">\n\t\t\t\t\t\t\t\t<svg viewbox=\"0 0 1 1\">\n\t\t\t\t\t\t\t\t\t<text x=\"0.5\" y=\"0.75\" font-size=\"1\" text-anchor=\"middle\" stroke-width=\"0.005\">SEQUESTRO REL\u00c2MPAGO<\/text>\n\t\t\t\t\t\t\t\t<\/svg>\n\t\t\t\t\t\t\t\t<svg class=\"edgtf-ils-svg-clone\" viewbox=\"0 0 1 1\">\n\t\t\t\t\t\t\t\t\t<text x=\"0.5\" y=\"0.75\" font-size=\"1\" text-anchor=\"middle\" stroke-width=\"0.005\">SEQUESTRO REL\u00c2MPAGO<\/text>\n\t\t\t\t\t\t\t\t<\/svg>\n\t\t\t\t\t\t\t<\/a>\n\t\t\t\t\t\t\t\t\t\t\t\t\t\t\t\t\t\t\t\t\t\t\t\t<a itemprop=\"url\" class=\"edgtf-ils-item-link\" data-index=\"5\" href=\"https:\/\/manjericaofilmes.com.br\/en\/enquadro-5x5\/\"  target=\"_self\">\n\t\t\t\t\t\t\t\t<svg viewbox=\"0 0 1 1\">\n\t\t\t\t\t\t\t\t\t<text x=\"0.5\" y=\"0.75\" font-size=\"1\" text-anchor=\"middle\" stroke-width=\"0.005\">ENQUADRO 5X5<\/text>\n\t\t\t\t\t\t\t\t<\/svg>\n\t\t\t\t\t\t\t\t<svg class=\"edgtf-ils-svg-clone\" viewbox=\"0 0 1 1\">\n\t\t\t\t\t\t\t\t\t<text x=\"0.5\" y=\"0.75\" font-size=\"1\" text-anchor=\"middle\" stroke-width=\"0.005\">ENQUADRO 5X5<\/text>\n\t\t\t\t\t\t\t\t<\/svg>\n\t\t\t\t\t\t\t<\/a>\n\t\t\t\t\t\t\t\t\t\t\t\t\t\t\t\t\t\t\t\t\t\t\t\t<a itemprop=\"url\" class=\"edgtf-ils-item-link\" data-index=\"6\" href=\"https:\/\/manjericaofilmes.com.br\/en\/trago-comigo\/\"  target=\"_self\">\n\t\t\t\t\t\t\t\t<svg viewbox=\"0 0 1 1\">\n\t\t\t\t\t\t\t\t\t<text x=\"0.5\" y=\"0.75\" font-size=\"1\" text-anchor=\"middle\" stroke-width=\"0.005\">TRAGO COMIGO<\/text>\n\t\t\t\t\t\t\t\t<\/svg>\n\t\t\t\t\t\t\t\t<svg class=\"edgtf-ils-svg-clone\" viewbox=\"0 0 1 1\">\n\t\t\t\t\t\t\t\t\t<text x=\"0.5\" y=\"0.75\" font-size=\"1\" text-anchor=\"middle\" stroke-width=\"0.005\">TRAGO COMIGO<\/text>\n\t\t\t\t\t\t\t\t<\/svg>\n\t\t\t\t\t\t\t<\/a>\n\t\t\t\t\t\t\t\t\t\t\t\t\t\t\t\t\t\t\t\t\t\t\t\t<a itemprop=\"url\" class=\"edgtf-ils-item-link\" data-index=\"7\" href=\"https:\/\/manjericaofilmes.com.br\/en\/de-menor\/\"  target=\"_self\">\n\t\t\t\t\t\t\t\t<svg viewbox=\"0 0 1 1\">\n\t\t\t\t\t\t\t\t\t<text x=\"0.5\" y=\"0.75\" font-size=\"1\" text-anchor=\"middle\" stroke-width=\"0.005\">De Menor<\/text>\n\t\t\t\t\t\t\t\t<\/svg>\n\t\t\t\t\t\t\t\t<svg class=\"edgtf-ils-svg-clone\" viewbox=\"0 0 1 1\">\n\t\t\t\t\t\t\t\t\t<text x=\"0.5\" y=\"0.75\" font-size=\"1\" text-anchor=\"middle\" stroke-width=\"0.005\">De Menor<\/text>\n\t\t\t\t\t\t\t\t<\/svg>\n\t\t\t\t\t\t\t<\/a>\n\t\t\t\t\t\t\t\t\t\t\t\t\t\t\t<\/div>\n\t\t\t<\/div>\n\t\t<\/div>\n\t<\/div><\/div><\/div><\/div><\/div><div class=\"vc_row wpb_row vc_row-fluid vc_custom_1702645258942 vc_row-has-fill\" ><div class=\"wpb_column vc_column_container vc_col-sm-12\"><div class=\"vc_column-inner\"><div class=\"wpb_wrapper\">\n\t<div class=\"wpb_text_column wpb_content_element\" >\n\t\t<div class=\"wpb_wrapper\">\n\t\t\t<h3 style=\"text-align: center;\"><strong>TRAILERS<\/strong><\/h3>\n\n\t\t<\/div>\n\t<\/div>\n<\/div><\/div><\/div><\/div><div class=\"vc_row wpb_row vc_row-fluid vc_custom_1702645277178 vc_row-has-fill\" ><div class=\"wpb_column vc_column_container vc_col-sm-12\"><div class=\"vc_column-inner\"><div class=\"wpb_wrapper\"><div class=\"vc_empty_space\"   style=\"height: 80px\"><span class=\"vc_empty_space_inner\"><\/span><\/div><\/div><\/div><\/div><\/div><div class=\"vc_row wpb_row vc_row-fluid vc_custom_1702645334227 vc_row-has-fill\" ><div class=\"wpb_column vc_column_container vc_col-sm-12\"><div class=\"vc_column-inner vc_custom_1524212627736\"><div class=\"wpb_wrapper\"><div class=\"edgtf-lic-holder edgtf-light-skin edgtf-owl-custom-nav\">\n\t<div class=\"edgtf-lic-inner edgtf-owl-slider\" data-number-of-items=\"1\" data-enable-loop=\"yes\" data-enable-autoplay=\"yes\" data-enable-autoplay-hover-pause=\"no\" data-slider-speed=\"5500\" data-slider-speed-animation=\"800\" data-enable-center=\"yes\" data-slider-custom-padding=\"yes\" data-enable-navigation=\"yes\" data-enable-pagination=\"no\">\n\t\t\t\t\t\t<div class=\"edgtf-lic-item edgtf-has-video\">\n\t\t\t\t\t<a itemprop=\"url\" class=\"edgtf-lic-item-link\" href=\"https:\/\/vimeo.com\/826359140\" title=\"Levante\" data-rel=\"prettyPhoto[lic_pretty_photo-30102]\">\n\t\t\t\t\t\t<img loading=\"lazy\" decoding=\"async\" width=\"2560\" height=\"1279\" src=\"https:\/\/manjericaofilmes.com.br\/wp-content\/uploads\/2023\/05\/Levante_300dpi_1_CROP-scaled.jpg\" class=\"attachment-full size-full\" alt=\"\" srcset=\"https:\/\/manjericaofilmes.com.br\/wp-content\/uploads\/2023\/05\/Levante_300dpi_1_CROP-scaled.jpg 2560w, https:\/\/manjericaofilmes.com.br\/wp-content\/uploads\/2023\/05\/Levante_300dpi_1_CROP-300x150.jpg 300w, https:\/\/manjericaofilmes.com.br\/wp-content\/uploads\/2023\/05\/Levante_300dpi_1_CROP-1024x512.jpg 1024w, https:\/\/manjericaofilmes.com.br\/wp-content\/uploads\/2023\/05\/Levante_300dpi_1_CROP-768x384.jpg 768w, https:\/\/manjericaofilmes.com.br\/wp-content\/uploads\/2023\/05\/Levante_300dpi_1_CROP-1536x767.jpg 1536w, https:\/\/manjericaofilmes.com.br\/wp-content\/uploads\/2023\/05\/Levante_300dpi_1_CROP-1100x550.jpg 1100w, https:\/\/manjericaofilmes.com.br\/wp-content\/uploads\/2023\/05\/Levante_300dpi_1_CROP-600x300.jpg 600w\" sizes=\"auto, (max-width: 2560px) 100vw, 2560px\" \/>\t\t\t\t\t<\/a>\n\t\t\t\t<\/div>\n\t\t\t\t\t\t\t\t<div class=\"edgtf-lic-item edgtf-has-video\">\n\t\t\t\t\t<a itemprop=\"url\" class=\"edgtf-lic-item-link\" href=\"https:\/\/vimeo.com\/407318783?embedded=false&#038;source=vimeo_logo&#038;owner=55620375\" title=\"Meu Nome \u00e9 Bagd\u00e1\" data-rel=\"prettyPhoto[lic_pretty_photo-30102]\">\n\t\t\t\t\t\t<img loading=\"lazy\" decoding=\"async\" width=\"660\" height=\"360\" src=\"https:\/\/manjericaofilmes.com.br\/wp-content\/uploads\/2023\/05\/Bagda-Lista-1.png\" class=\"attachment-full size-full\" alt=\"\" srcset=\"https:\/\/manjericaofilmes.com.br\/wp-content\/uploads\/2023\/05\/Bagda-Lista-1.png 660w, https:\/\/manjericaofilmes.com.br\/wp-content\/uploads\/2023\/05\/Bagda-Lista-1-300x164.png 300w, https:\/\/manjericaofilmes.com.br\/wp-content\/uploads\/2023\/05\/Bagda-Lista-1-600x327.png 600w\" sizes=\"auto, (max-width: 660px) 100vw, 660px\" \/>\t\t\t\t\t<\/a>\n\t\t\t\t<\/div>\n\t\t\t\t\t\t\t\t<div class=\"edgtf-lic-item edgtf-has-video\">\n\t\t\t\t\t<a itemprop=\"url\" class=\"edgtf-lic-item-link\" href=\"https:\/\/www.google.com\/url?q=https:\/\/vimeo.com\/326377597&#038;sa=D&#038;source=docs&#038;ust=1684197504151931&#038;usg=AOvVaw2zx6B3WsFBt8L3BGS78Yd3\" title=\"Sequestro Rel\u00e2mpago\" data-rel=\"prettyPhoto[lic_pretty_photo-30102]\">\n\t\t\t\t\t\t<img loading=\"lazy\" decoding=\"async\" width=\"660\" height=\"360\" src=\"https:\/\/manjericaofilmes.com.br\/wp-content\/uploads\/2023\/05\/Sequestro-Lista-1.png\" class=\"attachment-full size-full\" alt=\"\" srcset=\"https:\/\/manjericaofilmes.com.br\/wp-content\/uploads\/2023\/05\/Sequestro-Lista-1.png 660w, https:\/\/manjericaofilmes.com.br\/wp-content\/uploads\/2023\/05\/Sequestro-Lista-1-300x164.png 300w, https:\/\/manjericaofilmes.com.br\/wp-content\/uploads\/2023\/05\/Sequestro-Lista-1-600x327.png 600w\" sizes=\"auto, (max-width: 660px) 100vw, 660px\" \/>\t\t\t\t\t<\/a>\n\t\t\t\t<\/div>\n\t\t\t\t\t\t\t\t<div class=\"edgtf-lic-item edgtf-has-video\">\n\t\t\t\t\t<a itemprop=\"url\" class=\"edgtf-lic-item-link\" href=\"https:\/\/vimeo.com\/325461355\" title=\"De Menor\" data-rel=\"prettyPhoto[lic_pretty_photo-30102]\">\n\t\t\t\t\t\t<img loading=\"lazy\" decoding=\"async\" width=\"660\" height=\"360\" src=\"https:\/\/manjericaofilmes.com.br\/wp-content\/uploads\/2023\/05\/De-menor-Lista-1-1.png\" class=\"attachment-full size-full\" alt=\"\" srcset=\"https:\/\/manjericaofilmes.com.br\/wp-content\/uploads\/2023\/05\/De-menor-Lista-1-1.png 660w, https:\/\/manjericaofilmes.com.br\/wp-content\/uploads\/2023\/05\/De-menor-Lista-1-1-300x164.png 300w, https:\/\/manjericaofilmes.com.br\/wp-content\/uploads\/2023\/05\/De-menor-Lista-1-1-600x327.png 600w\" sizes=\"auto, (max-width: 660px) 100vw, 660px\" \/>\t\t\t\t\t<\/a>\n\t\t\t\t<\/div>\n\t\t\t\t\t<\/div>\n<\/div><\/div><\/div><\/div><\/div>\n<\/div>","protected":false},"excerpt":{"rendered":"LEVANTE LEVANTE MEU NOME \u00c9 BAGD\u00c1 MEU NOME \u00c9 BAGD\u00c1 LA FIESTA SILENCIOSA LA FIESTA SILENCIOSA A [...]","protected":false},"author":1,"featured_media":0,"parent":0,"menu_order":0,"comment_status":"closed","ping_status":"closed","template":"full-width.php","meta":{"footnotes":""},"class_list":["post-4160","page","type-page","status-publish","hentry"],"_links":{"self":[{"href":"https:\/\/manjericaofilmes.com.br\/en\/wp-json\/wp\/v2\/pages\/4160","targetHints":{"allow":["GET"]}}],"collection":[{"href":"https:\/\/manjericaofilmes.com.br\/en\/wp-json\/wp\/v2\/pages"}],"about":[{"href":"https:\/\/manjericaofilmes.com.br\/en\/wp-json\/wp\/v2\/types\/page"}],"author":[{"embeddable":true,"href":"https:\/\/manjericaofilmes.com.br\/en\/wp-json\/wp\/v2\/users\/1"}],"replies":[{"embeddable":true,"href":"https:\/\/manjericaofilmes.com.br\/en\/wp-json\/wp\/v2\/comments?post=4160"}],"version-history":[{"count":33,"href":"https:\/\/manjericaofilmes.com.br\/en\/wp-json\/wp\/v2\/pages\/4160\/revisions"}],"predecessor-version":[{"id":4667,"href":"https:\/\/manjericaofilmes.com.br\/en\/wp-json\/wp\/v2\/pages\/4160\/revisions\/4667"}],"wp:attachment":[{"href":"https:\/\/manjericaofilmes.com.br\/en\/wp-json\/wp\/v2\/media?parent=4160"}],"curies":[{"name":"wp","href":"https:\/\/api.w.org\/{rel}","templated":true}]}}