{"id":4233,"date":"2023-05-17T22:15:28","date_gmt":"2023-05-17T22:15:28","guid":{"rendered":"https:\/\/manjericaofilmes.com.br\/?page_id=4233"},"modified":"2024-02-16T11:21:11","modified_gmt":"2024-02-16T11:21:11","slug":"longas-desenvolvimento","status":"publish","type":"page","link":"https:\/\/manjericaofilmes.com.br\/en\/longas-desenvolvimento\/","title":{"rendered":""},"content":{"rendered":"<div class=\"wpb-content-wrapper\"><div class=\"vc_row wpb_row vc_row-fluid vc_custom_1684904984029 vc_row-has-fill\" ><div class=\"wpb_column vc_column_container vc_col-sm-12\"><div class=\"vc_column-inner\"><div class=\"wpb_wrapper\">\n\t<div class=\"wpb_text_column wpb_content_element vc_custom_1708082464931\" >\n\t\t<div class=\"wpb_wrapper\">\n\t\t\t\n\t\t<\/div>\n\t<\/div>\n<\/div><\/div><\/div><\/div><div class=\"vc_row wpb_row vc_row-fluid vc_custom_1684904892435 vc_row-has-fill\" ><div class=\"wpb_column vc_column_container vc_col-sm-4\"><div class=\"vc_column-inner\"><div class=\"wpb_wrapper\"><div class=\"edgtf-elements-holder   edgtf-one-column  edgtf-responsive-mode-768\" ><div class=\"edgtf-eh-item   edgtf-horizontal-alignment-right\"  data-item-class=\"edgtf-eh-custom-9659\" data-1366-1600=\"0 10% 0 10%\" data-1024-1366=\"0 10% 0 10%\" data-768-1024=\"0 6% 0 5%\" data-680-768=\"0 5% 0 5%\" data-680=\"0 5% 0 5%\">\n\t<div class=\"edgtf-eh-item-inner\">\n\t\t<div class=\"edgtf-eh-item-content edgtf-eh-custom-9659\" style=\"padding: 0 15% 0 16%\">\n\t\t\t<div class=\"edgtf-interactive-image-with-text-holder  edgtf-iiwt-animation\">\n\t\t<div class=\"edgtf-iiwt-inner\">\n\t\t<div class=\"edgtf-iiwt-image\">\n\t\t\t\t\t\t\t<a itemprop=\"url\" href=\"https:\/\/manjericaofilmes.com.br\/en\/coracoes-solitarios\/\" target=\"_blank\">\n\t\t\t\t\t\t\t\t\t\t\t\t<img loading=\"lazy\" decoding=\"async\" width=\"800\" height=\"1200\" src=\"https:\/\/manjericaofilmes.com.br\/wp-content\/uploads\/2023\/05\/Coracoes_poster.jpg\" class=\"attachment-200x100 size-200x100\" alt=\"\" srcset=\"https:\/\/manjericaofilmes.com.br\/wp-content\/uploads\/2023\/05\/Coracoes_poster.jpg 800w, https:\/\/manjericaofilmes.com.br\/wp-content\/uploads\/2023\/05\/Coracoes_poster-200x300.jpg 200w, https:\/\/manjericaofilmes.com.br\/wp-content\/uploads\/2023\/05\/Coracoes_poster-683x1024.jpg 683w, https:\/\/manjericaofilmes.com.br\/wp-content\/uploads\/2023\/05\/Coracoes_poster-768x1152.jpg 768w, https:\/\/manjericaofilmes.com.br\/wp-content\/uploads\/2023\/05\/Coracoes_poster-8x12.jpg 8w, https:\/\/manjericaofilmes.com.br\/wp-content\/uploads\/2023\/05\/Coracoes_poster-600x900.jpg 600w\" sizes=\"auto, (max-width: 800px) 100vw, 800px\" \/>\t\t\t\t\t\t\t\t\t\t\t<\/a>\n\t\t\t\t\t<\/div>\n\t\t<div class=\"edgtf-iiwt-content\">\n\t\t\t\t\t\t\t<h3 class=\"edgtf-iiwt-title\" >Cora\u00e7\u00f5es<\/h3>\n\t\t\t\t\t\t\t\t\t\t\t<\/div>\n\t<\/div>\n<\/div>\t\t<\/div>\n\t<\/div>\n<\/div><\/div><\/div><\/div><\/div><div class=\"wpb_column vc_column_container vc_col-sm-4\"><div class=\"vc_column-inner\"><div class=\"wpb_wrapper\"><div class=\"edgtf-elements-holder   edgtf-one-column  edgtf-responsive-mode-768\" ><div class=\"edgtf-eh-item   edgtf-horizontal-alignment-right\"  data-item-class=\"edgtf-eh-custom-2840\" data-1366-1600=\"0 10% 0 10%\" data-1024-1366=\"0 10% 0 10%\" data-768-1024=\"0 6% 0 5%\" data-680-768=\"0 5% 0 5%\" data-680=\"0 5% 0 5%\">\n\t<div class=\"edgtf-eh-item-inner\">\n\t\t<div class=\"edgtf-eh-item-content edgtf-eh-custom-2840\" style=\"padding: 0 15% 0 16%\">\n\t\t\t<div class=\"edgtf-interactive-image-with-text-holder  edgtf-iiwt-animation\">\n\t\t<div class=\"edgtf-iiwt-inner\">\n\t\t<div class=\"edgtf-iiwt-image\">\n\t\t\t\t\t\t\t<a itemprop=\"url\" href=\"https:\/\/manjericaofilmes.com.br\/en\/bocha\/\" target=\"_blank\">\n\t\t\t\t\t\t\t\t\t\t\t\t<img loading=\"lazy\" decoding=\"async\" width=\"800\" height=\"1200\" src=\"https:\/\/manjericaofilmes.com.br\/wp-content\/uploads\/2023\/05\/Bocha_poster.jpg\" class=\"attachment-200x100 size-200x100\" alt=\"\" srcset=\"https:\/\/manjericaofilmes.com.br\/wp-content\/uploads\/2023\/05\/Bocha_poster.jpg 800w, https:\/\/manjericaofilmes.com.br\/wp-content\/uploads\/2023\/05\/Bocha_poster-200x300.jpg 200w, https:\/\/manjericaofilmes.com.br\/wp-content\/uploads\/2023\/05\/Bocha_poster-683x1024.jpg 683w, https:\/\/manjericaofilmes.com.br\/wp-content\/uploads\/2023\/05\/Bocha_poster-768x1152.jpg 768w, https:\/\/manjericaofilmes.com.br\/wp-content\/uploads\/2023\/05\/Bocha_poster-8x12.jpg 8w, https:\/\/manjericaofilmes.com.br\/wp-content\/uploads\/2023\/05\/Bocha_poster-600x900.jpg 600w\" sizes=\"auto, (max-width: 800px) 100vw, 800px\" \/>\t\t\t\t\t\t\t\t\t\t\t<\/a>\n\t\t\t\t\t<\/div>\n\t\t<div class=\"edgtf-iiwt-content\">\n\t\t\t\t\t\t\t<h3 class=\"edgtf-iiwt-title\" >Bocha<\/h3>\n\t\t\t\t\t\t\t\t\t\t\t<\/div>\n\t<\/div>\n<\/div>\t\t<\/div>\n\t<\/div>\n<\/div><\/div><\/div><\/div><\/div><div class=\"wpb_column vc_column_container vc_col-sm-4\"><div class=\"vc_column-inner\"><div class=\"wpb_wrapper\"><div class=\"edgtf-elements-holder   edgtf-one-column  edgtf-responsive-mode-768\" ><div class=\"edgtf-eh-item   edgtf-horizontal-alignment-right\"  data-item-class=\"edgtf-eh-custom-6562\" data-1366-1600=\"0 10% 0 10%\" data-1024-1366=\"0 10% 0 10%\" data-768-1024=\"0 6% 0 5%\" data-680-768=\"0 5% 0 5%\" data-680=\"0 5% 0 5%\">\n\t<div class=\"edgtf-eh-item-inner\">\n\t\t<div class=\"edgtf-eh-item-content edgtf-eh-custom-6562\" style=\"padding: 0 15% 0 16%\">\n\t\t\t<div class=\"edgtf-interactive-image-with-text-holder  edgtf-iiwt-animation\">\n\t\t<div class=\"edgtf-iiwt-inner\">\n\t\t<div class=\"edgtf-iiwt-image\">\n\t\t\t\t\t\t\t<a itemprop=\"url\" href=\"https:\/\/manjericaofilmes.com.br\/en\/vou-te-contar-meu-segredo-mais-terrivel\/\" target=\"_blank\">\n\t\t\t\t\t\t\t\t\t\t\t\t<img loading=\"lazy\" decoding=\"async\" width=\"800\" height=\"1200\" src=\"https:\/\/manjericaofilmes.com.br\/wp-content\/uploads\/2023\/05\/Vou-te-contar_poster.jpg\" class=\"attachment-200x100 size-200x100\" alt=\"\" srcset=\"https:\/\/manjericaofilmes.com.br\/wp-content\/uploads\/2023\/05\/Vou-te-contar_poster.jpg 800w, https:\/\/manjericaofilmes.com.br\/wp-content\/uploads\/2023\/05\/Vou-te-contar_poster-200x300.jpg 200w, https:\/\/manjericaofilmes.com.br\/wp-content\/uploads\/2023\/05\/Vou-te-contar_poster-683x1024.jpg 683w, https:\/\/manjericaofilmes.com.br\/wp-content\/uploads\/2023\/05\/Vou-te-contar_poster-768x1152.jpg 768w, https:\/\/manjericaofilmes.com.br\/wp-content\/uploads\/2023\/05\/Vou-te-contar_poster-8x12.jpg 8w, https:\/\/manjericaofilmes.com.br\/wp-content\/uploads\/2023\/05\/Vou-te-contar_poster-600x900.jpg 600w\" sizes=\"auto, (max-width: 800px) 100vw, 800px\" \/>\t\t\t\t\t\t\t\t\t\t\t<\/a>\n\t\t\t\t\t<\/div>\n\t\t<div class=\"edgtf-iiwt-content\">\n\t\t\t\t\t\t\t<h3 class=\"edgtf-iiwt-title\" >Meu Nome \u00e9 Bagd\u00e1<\/h3>\n\t\t\t\t\t\t\t\t\t\t\t<\/div>\n\t<\/div>\n<\/div>\t\t<\/div>\n\t<\/div>\n<\/div><\/div><\/div><\/div><\/div><\/div><div class=\"vc_row wpb_row vc_row-fluid vc_custom_1684904892435 vc_row-has-fill\" ><div class=\"wpb_column vc_column_container vc_col-sm-4\"><div class=\"vc_column-inner\"><div class=\"wpb_wrapper\"><\/div><\/div><\/div><div class=\"wpb_column vc_column_container vc_col-sm-4\"><div class=\"vc_column-inner\"><div class=\"wpb_wrapper\"><div class=\"edgtf-elements-holder   edgtf-one-column  edgtf-responsive-mode-768\" ><div class=\"edgtf-eh-item   edgtf-horizontal-alignment-right\"  data-item-class=\"edgtf-eh-custom-3638\" data-1366-1600=\"0 10% 0 10%\" data-1024-1366=\"0 10% 0 10%\" data-768-1024=\"0 6% 0 5%\" data-680-768=\"0 5% 0 5%\" data-680=\"0 5% 0 5%\">\n\t<div class=\"edgtf-eh-item-inner\">\n\t\t<div class=\"edgtf-eh-item-content edgtf-eh-custom-3638\" style=\"padding: 0 15% 0 16%\">\n\t\t\t<div class=\"edgtf-interactive-image-with-text-holder  edgtf-iiwt-animation\">\n\t\t<div class=\"edgtf-iiwt-inner\">\n\t\t<div class=\"edgtf-iiwt-image\">\n\t\t\t\t\t\t\t<a itemprop=\"url\" href=\"https:\/\/manjericaofilmes.com.br\/en\/forja-ardente\/\" target=\"_blank\">\n\t\t\t\t\t\t\t\t\t\t\t\t<img loading=\"lazy\" decoding=\"async\" width=\"336\" height=\"503\" src=\"https:\/\/manjericaofilmes.com.br\/wp-content\/uploads\/2023\/05\/forja-capa3.png\" class=\"attachment-200x100 size-200x100\" alt=\"\" srcset=\"https:\/\/manjericaofilmes.com.br\/wp-content\/uploads\/2023\/05\/forja-capa3.png 336w, https:\/\/manjericaofilmes.com.br\/wp-content\/uploads\/2023\/05\/forja-capa3-200x300.png 200w, https:\/\/manjericaofilmes.com.br\/wp-content\/uploads\/2023\/05\/forja-capa3-8x12.png 8w\" sizes=\"auto, (max-width: 336px) 100vw, 336px\" \/>\t\t\t\t\t\t\t\t\t\t\t<\/a>\n\t\t\t\t\t<\/div>\n\t\t<div class=\"edgtf-iiwt-content\">\n\t\t\t\t\t\t\t<h3 class=\"edgtf-iiwt-title\" >Forja Ardente<\/h3>\n\t\t\t\t\t\t\t\t\t\t\t<\/div>\n\t<\/div>\n<\/div>\t\t<\/div>\n\t<\/div>\n<\/div><\/div><\/div><\/div><\/div><div class=\"wpb_column vc_column_container vc_col-sm-4\"><div class=\"vc_column-inner\"><div class=\"wpb_wrapper\"><\/div><\/div><\/div><\/div>\n<\/div>","protected":false},"excerpt":{"rendered":"Cora\u00e7\u00f5es Bocha Meu Nome \u00e9 Bagd\u00e1 Forja Ardente","protected":false},"author":1,"featured_media":0,"parent":0,"menu_order":0,"comment_status":"closed","ping_status":"closed","template":"full-width.php","meta":{"footnotes":""},"class_list":["post-4233","page","type-page","status-publish","hentry"],"_links":{"self":[{"href":"https:\/\/manjericaofilmes.com.br\/en\/wp-json\/wp\/v2\/pages\/4233","targetHints":{"allow":["GET"]}}],"collection":[{"href":"https:\/\/manjericaofilmes.com.br\/en\/wp-json\/wp\/v2\/pages"}],"about":[{"href":"https:\/\/manjericaofilmes.com.br\/en\/wp-json\/wp\/v2\/types\/page"}],"author":[{"embeddable":true,"href":"https:\/\/manjericaofilmes.com.br\/en\/wp-json\/wp\/v2\/users\/1"}],"replies":[{"embeddable":true,"href":"https:\/\/manjericaofilmes.com.br\/en\/wp-json\/wp\/v2\/comments?post=4233"}],"version-history":[{"count":12,"href":"https:\/\/manjericaofilmes.com.br\/en\/wp-json\/wp\/v2\/pages\/4233\/revisions"}],"predecessor-version":[{"id":4683,"href":"https:\/\/manjericaofilmes.com.br\/en\/wp-json\/wp\/v2\/pages\/4233\/revisions\/4683"}],"wp:attachment":[{"href":"https:\/\/manjericaofilmes.com.br\/en\/wp-json\/wp\/v2\/media?parent=4233"}],"curies":[{"name":"wp","href":"https:\/\/api.w.org\/{rel}","templated":true}]}}