{"id":4235,"date":"2023-05-17T22:18:56","date_gmt":"2023-05-17T22:18:56","guid":{"rendered":"https:\/\/manjericaofilmes.com.br\/?page_id=4235"},"modified":"2024-02-15T20:52:10","modified_gmt":"2024-02-15T20:52:10","slug":"curtas","status":"publish","type":"page","link":"https:\/\/manjericaofilmes.com.br\/en\/curtas\/","title":{"rendered":""},"content":{"rendered":"<div class=\"wpb-content-wrapper\"><div class=\"vc_row wpb_row vc_row-fluid vc_custom_1684988843085 vc_row-has-fill\" ><div class=\"wpb_column vc_column_container vc_col-sm-4\"><div class=\"vc_column-inner\"><div class=\"wpb_wrapper\"><div class=\"edgtf-elements-holder   edgtf-one-column  edgtf-responsive-mode-768\" ><div class=\"edgtf-eh-item   edgtf-horizontal-alignment-right\"  data-item-class=\"edgtf-eh-custom-4127\" data-1366-1600=\"0 10% 0 10%\" data-1024-1366=\"0 10% 0 10%\" data-768-1024=\"0 6% 0 5%\" data-680-768=\"0 5% 0 5%\" data-680=\"0 5% 0 5%\">\n\t<div class=\"edgtf-eh-item-inner\">\n\t\t<div class=\"edgtf-eh-item-content edgtf-eh-custom-4127\" style=\"padding: 0 15% 0 16%\">\n\t\t\t<div class=\"edgtf-interactive-image-with-text-holder  edgtf-iiwt-animation\">\n\t\t<div class=\"edgtf-iiwt-inner\">\n\t\t<div class=\"edgtf-iiwt-image\">\n\t\t\t\t\t\t\t<a itemprop=\"url\" href=\"https:\/\/manjericaofilmes.com.br\/en\/um-lugar-quase-igual-aqui\/\" target=\"_blank\">\n\t\t\t\t\t\t\t\t\t\t\t\t<img loading=\"lazy\" decoding=\"async\" width=\"1438\" height=\"2000\" src=\"https:\/\/manjericaofilmes.com.br\/wp-content\/uploads\/2023\/05\/ULQIA_poster_ptbr.png\" class=\"attachment-200x100 size-200x100\" alt=\"\" srcset=\"https:\/\/manjericaofilmes.com.br\/wp-content\/uploads\/2023\/05\/ULQIA_poster_ptbr.png 1438w, https:\/\/manjericaofilmes.com.br\/wp-content\/uploads\/2023\/05\/ULQIA_poster_ptbr-216x300.png 216w, https:\/\/manjericaofilmes.com.br\/wp-content\/uploads\/2023\/05\/ULQIA_poster_ptbr-736x1024.png 736w, https:\/\/manjericaofilmes.com.br\/wp-content\/uploads\/2023\/05\/ULQIA_poster_ptbr-768x1068.png 768w, https:\/\/manjericaofilmes.com.br\/wp-content\/uploads\/2023\/05\/ULQIA_poster_ptbr-1104x1536.png 1104w, https:\/\/manjericaofilmes.com.br\/wp-content\/uploads\/2023\/05\/ULQIA_poster_ptbr-9x12.png 9w, https:\/\/manjericaofilmes.com.br\/wp-content\/uploads\/2023\/05\/ULQIA_poster_ptbr-600x834.png 600w\" sizes=\"auto, (max-width: 1438px) 100vw, 1438px\" \/>\t\t\t\t\t\t\t\t\t\t\t<\/a>\n\t\t\t\t\t<\/div>\n\t\t<div class=\"edgtf-iiwt-content\">\n\t\t\t\t\t\t\t<h3 class=\"edgtf-iiwt-title\" >Meu Nome \u00e9 Bagd\u00e1<\/h3>\n\t\t\t\t\t\t\t\t\t\t\t<\/div>\n\t<\/div>\n<\/div>\t\t<\/div>\n\t<\/div>\n<\/div><\/div><\/div><\/div><\/div><div class=\"wpb_column vc_column_container vc_col-sm-4\"><div class=\"vc_column-inner\"><div class=\"wpb_wrapper\"><div class=\"edgtf-elements-holder   edgtf-one-column  edgtf-responsive-mode-768\" ><div class=\"edgtf-eh-item   edgtf-horizontal-alignment-right\"  data-item-class=\"edgtf-eh-custom-4748\" data-1366-1600=\"0 10% 0 10%\" data-1024-1366=\"0 10% 0 10%\" data-768-1024=\"0 6% 0 5%\" data-680-768=\"0 5% 0 5%\" data-680=\"0 5% 0 5%\">\n\t<div class=\"edgtf-eh-item-inner\">\n\t\t<div class=\"edgtf-eh-item-content edgtf-eh-custom-4748\" style=\"padding: 0 15% 0 16%\">\n\t\t\t<div class=\"edgtf-interactive-image-with-text-holder  edgtf-iiwt-animation\">\n\t\t<div class=\"edgtf-iiwt-inner\">\n\t\t<div class=\"edgtf-iiwt-image\">\n\t\t\t\t\t\t\t<a itemprop=\"url\" href=\"https:\/\/manjericaofilmes.com.br\/en\/a-felicidade-delas\/\" target=\"_blank\">\n\t\t\t\t\t\t\t\t\t\t\t\t<img loading=\"lazy\" decoding=\"async\" width=\"1191\" height=\"1684\" src=\"https:\/\/manjericaofilmes.com.br\/wp-content\/uploads\/2023\/05\/afd_postervertical_VFweb.png\" class=\"attachment-200x100 size-200x100\" alt=\"\" srcset=\"https:\/\/manjericaofilmes.com.br\/wp-content\/uploads\/2023\/05\/afd_postervertical_VFweb.png 1191w, https:\/\/manjericaofilmes.com.br\/wp-content\/uploads\/2023\/05\/afd_postervertical_VFweb-212x300.png 212w, https:\/\/manjericaofilmes.com.br\/wp-content\/uploads\/2023\/05\/afd_postervertical_VFweb-724x1024.png 724w, https:\/\/manjericaofilmes.com.br\/wp-content\/uploads\/2023\/05\/afd_postervertical_VFweb-768x1086.png 768w, https:\/\/manjericaofilmes.com.br\/wp-content\/uploads\/2023\/05\/afd_postervertical_VFweb-1086x1536.png 1086w, https:\/\/manjericaofilmes.com.br\/wp-content\/uploads\/2023\/05\/afd_postervertical_VFweb-8x12.png 8w, https:\/\/manjericaofilmes.com.br\/wp-content\/uploads\/2023\/05\/afd_postervertical_VFweb-600x848.png 600w\" sizes=\"auto, (max-width: 1191px) 100vw, 1191px\" \/>\t\t\t\t\t\t\t\t\t\t\t<\/a>\n\t\t\t\t\t<\/div>\n\t\t<div class=\"edgtf-iiwt-content\">\n\t\t\t\t\t\t\t<h3 class=\"edgtf-iiwt-title\" >Meu Nome \u00e9 Bagd\u00e1<\/h3>\n\t\t\t\t\t\t\t\t\t\t\t<\/div>\n\t<\/div>\n<\/div>\t\t<\/div>\n\t<\/div>\n<\/div><\/div><\/div><\/div><\/div><div class=\"wpb_column vc_column_container vc_col-sm-4\"><div class=\"vc_column-inner\"><div class=\"wpb_wrapper\"><div class=\"edgtf-elements-holder   edgtf-one-column  edgtf-responsive-mode-768\" ><div class=\"edgtf-eh-item   edgtf-horizontal-alignment-right\"  data-item-class=\"edgtf-eh-custom-8682\" data-1366-1600=\"0 10% 0 10%\" data-1024-1366=\"0 10% 0 10%\" data-768-1024=\"0 6% 0 5%\" data-680-768=\"0 5% 0 5%\" data-680=\"0 5% 0 5%\">\n\t<div class=\"edgtf-eh-item-inner\">\n\t\t<div class=\"edgtf-eh-item-content edgtf-eh-custom-8682\" style=\"padding: 0 15% 0 16%\">\n\t\t\t<div class=\"edgtf-interactive-image-with-text-holder  edgtf-iiwt-animation\">\n\t\t<div class=\"edgtf-iiwt-inner\">\n\t\t<div class=\"edgtf-iiwt-image\">\n\t\t\t\t\t\t\t<a itemprop=\"url\" href=\"https:\/\/manjericaofilmes.com.br\/en\/super-old-boy\/\" target=\"_blank\">\n\t\t\t\t\t\t\t\t\t\t\t\t<img loading=\"lazy\" decoding=\"async\" width=\"563\" height=\"800\" src=\"https:\/\/manjericaofilmes.com.br\/wp-content\/uploads\/2023\/05\/poster-super-oldboy.jpg\" class=\"attachment-200x100 size-200x100\" alt=\"\" srcset=\"https:\/\/manjericaofilmes.com.br\/wp-content\/uploads\/2023\/05\/poster-super-oldboy.jpg 563w, https:\/\/manjericaofilmes.com.br\/wp-content\/uploads\/2023\/05\/poster-super-oldboy-211x300.jpg 211w, https:\/\/manjericaofilmes.com.br\/wp-content\/uploads\/2023\/05\/poster-super-oldboy-8x12.jpg 8w\" sizes=\"auto, (max-width: 563px) 100vw, 563px\" \/>\t\t\t\t\t\t\t\t\t\t\t<\/a>\n\t\t\t\t\t<\/div>\n\t\t<div class=\"edgtf-iiwt-content\">\n\t\t\t\t\t\t\t<h3 class=\"edgtf-iiwt-title\" >Meu Nome \u00e9 Bagd\u00e1<\/h3>\n\t\t\t\t\t\t\t\t\t\t\t<\/div>\n\t<\/div>\n<\/div>\t\t<\/div>\n\t<\/div>\n<\/div><\/div><\/div><\/div><\/div><\/div><div class=\"vc_row wpb_row vc_row-fluid vc_custom_1684989367867 vc_row-has-fill\" ><div class=\"wpb_column vc_column_container vc_col-sm-4\"><div class=\"vc_column-inner\"><div class=\"wpb_wrapper\"><div class=\"edgtf-elements-holder   edgtf-one-column  edgtf-responsive-mode-768\" ><div class=\"edgtf-eh-item   edgtf-horizontal-alignment-right\"  data-item-class=\"edgtf-eh-custom-2700\" data-1366-1600=\"0 10% 0 10%\" data-1024-1366=\"0 10% 0 10%\" data-768-1024=\"0 6% 0 5%\" data-680-768=\"0 5% 0 5%\" data-680=\"0 5% 0 5%\">\n\t<div class=\"edgtf-eh-item-inner\">\n\t\t<div class=\"edgtf-eh-item-content edgtf-eh-custom-2700\" style=\"padding: 0 15% 0 16%\">\n\t\t\t<div class=\"edgtf-interactive-image-with-text-holder\">\n\t\t<div class=\"edgtf-iiwt-inner\">\n\t\t<div class=\"edgtf-iiwt-image\">\n\t\t\t\t\t\t\t<a itemprop=\"url\" href=\"https:\/\/manjericaofilmes.com.br\/en\/bagda\/\" target=\"_blank\">\n\t\t\t\t\t\t\t\t\t\t\t\t\t\t\t\t\t\t\t\t\t\t\t<\/a>\n\t\t\t\t\t<\/div>\n\t\t<div class=\"edgtf-iiwt-content\">\n\t\t\t\t\t\t\t\t\t\t\t<\/div>\n\t<\/div>\n<\/div>\t\t<\/div>\n\t<\/div>\n<\/div><\/div><\/div><\/div><\/div><div class=\"wpb_column vc_column_container vc_col-sm-4\"><div class=\"vc_column-inner\"><div class=\"wpb_wrapper\"><div class=\"edgtf-elements-holder   edgtf-one-column  edgtf-responsive-mode-768\" ><div class=\"edgtf-eh-item   edgtf-horizontal-alignment-right\"  data-item-class=\"edgtf-eh-custom-3324\" data-1366-1600=\"0 10% 0 10%\" data-1024-1366=\"0 10% 0 10%\" data-768-1024=\"0 6% 0 5%\" data-680-768=\"0 5% 0 5%\" data-680=\"0 5% 0 5%\">\n\t<div class=\"edgtf-eh-item-inner\">\n\t\t<div class=\"edgtf-eh-item-content edgtf-eh-custom-3324\" style=\"padding: 0 15% 0 16%\">\n\t\t\t<div class=\"edgtf-interactive-image-with-text-holder  edgtf-iiwt-animation\">\n\t\t<div class=\"edgtf-iiwt-inner\">\n\t\t<div class=\"edgtf-iiwt-image\">\n\t\t\t\t\t\t\t<a itemprop=\"url\" href=\"https:\/\/manjericaofilmes.com.br\/en\/preludio\/\" target=\"_blank\">\n\t\t\t\t\t\t\t\t\t\t\t\t<img loading=\"lazy\" decoding=\"async\" width=\"800\" height=\"1200\" src=\"https:\/\/manjericaofilmes.com.br\/wp-content\/uploads\/2023\/05\/Preludio_poster.jpg\" class=\"attachment-200x100 size-200x100\" alt=\"\" srcset=\"https:\/\/manjericaofilmes.com.br\/wp-content\/uploads\/2023\/05\/Preludio_poster.jpg 800w, https:\/\/manjericaofilmes.com.br\/wp-content\/uploads\/2023\/05\/Preludio_poster-200x300.jpg 200w, https:\/\/manjericaofilmes.com.br\/wp-content\/uploads\/2023\/05\/Preludio_poster-683x1024.jpg 683w, https:\/\/manjericaofilmes.com.br\/wp-content\/uploads\/2023\/05\/Preludio_poster-768x1152.jpg 768w, https:\/\/manjericaofilmes.com.br\/wp-content\/uploads\/2023\/05\/Preludio_poster-8x12.jpg 8w, https:\/\/manjericaofilmes.com.br\/wp-content\/uploads\/2023\/05\/Preludio_poster-600x900.jpg 600w\" sizes=\"auto, (max-width: 800px) 100vw, 800px\" \/>\t\t\t\t\t\t\t\t\t\t\t<\/a>\n\t\t\t\t\t<\/div>\n\t\t<div class=\"edgtf-iiwt-content\">\n\t\t\t\t\t\t\t<h3 class=\"edgtf-iiwt-title\" >Meu Nome \u00e9 Bagd\u00e1<\/h3>\n\t\t\t\t\t\t\t\t\t\t\t<\/div>\n\t<\/div>\n<\/div>\t\t<\/div>\n\t<\/div>\n<\/div><\/div><\/div><\/div><\/div><div class=\"wpb_column vc_column_container vc_col-sm-4\"><div class=\"vc_column-inner\"><div class=\"wpb_wrapper\"><div class=\"edgtf-elements-holder   edgtf-one-column  edgtf-responsive-mode-768\" ><div class=\"edgtf-eh-item   edgtf-horizontal-alignment-right\"  data-item-class=\"edgtf-eh-custom-5251\" data-1366-1600=\"0 10% 0 10%\" data-1024-1366=\"0 10% 0 10%\" data-768-1024=\"0 6% 0 5%\" data-680-768=\"0 5% 0 5%\" data-680=\"0 5% 0 5%\">\n\t<div class=\"edgtf-eh-item-inner\">\n\t\t<div class=\"edgtf-eh-item-content edgtf-eh-custom-5251\" style=\"padding: 0 15% 0 16%\">\n\t\t\t<div class=\"edgtf-interactive-image-with-text-holder\">\n\t\t<div class=\"edgtf-iiwt-inner\">\n\t\t<div class=\"edgtf-iiwt-image\">\n\t\t\t\t\t\t\t<a itemprop=\"url\" href=\"https:\/\/manjericaofilmes.com.br\/en\/bagda\/\" target=\"_blank\">\n\t\t\t\t\t\t\t\t\t\t\t\t\t\t\t\t\t\t\t\t\t\t\t<\/a>\n\t\t\t\t\t<\/div>\n\t\t<div class=\"edgtf-iiwt-content\">\n\t\t\t\t\t\t\t\t\t\t\t<\/div>\n\t<\/div>\n<\/div>\t\t<\/div>\n\t<\/div>\n<\/div><\/div><\/div><\/div><\/div><\/div>\n<\/div>","protected":false},"excerpt":{"rendered":"Meu Nome \u00e9 Bagd\u00e1 Meu Nome \u00e9 Bagd\u00e1 Meu Nome \u00e9 Bagd\u00e1 Meu Nome \u00e9 Bagd\u00e1","protected":false},"author":1,"featured_media":0,"parent":0,"menu_order":0,"comment_status":"closed","ping_status":"closed","template":"full-width.php","meta":{"footnotes":""},"class_list":["post-4235","page","type-page","status-publish","hentry"],"_links":{"self":[{"href":"https:\/\/manjericaofilmes.com.br\/en\/wp-json\/wp\/v2\/pages\/4235","targetHints":{"allow":["GET"]}}],"collection":[{"href":"https:\/\/manjericaofilmes.com.br\/en\/wp-json\/wp\/v2\/pages"}],"about":[{"href":"https:\/\/manjericaofilmes.com.br\/en\/wp-json\/wp\/v2\/types\/page"}],"author":[{"embeddable":true,"href":"https:\/\/manjericaofilmes.com.br\/en\/wp-json\/wp\/v2\/users\/1"}],"replies":[{"embeddable":true,"href":"https:\/\/manjericaofilmes.com.br\/en\/wp-json\/wp\/v2\/comments?post=4235"}],"version-history":[{"count":13,"href":"https:\/\/manjericaofilmes.com.br\/en\/wp-json\/wp\/v2\/pages\/4235\/revisions"}],"predecessor-version":[{"id":4462,"href":"https:\/\/manjericaofilmes.com.br\/en\/wp-json\/wp\/v2\/pages\/4235\/revisions\/4462"}],"wp:attachment":[{"href":"https:\/\/manjericaofilmes.com.br\/en\/wp-json\/wp\/v2\/media?parent=4235"}],"curies":[{"name":"wp","href":"https:\/\/api.w.org\/{rel}","templated":true}]}}